{"id":30047,"date":"2025-10-09T13:37:28","date_gmt":"2025-10-09T13:37:28","guid":{"rendered":"https:\/\/whitelip.com\/?post_type=product&#038;p=30047"},"modified":"2026-04-16T22:31:27","modified_gmt":"2026-04-16T22:31:27","slug":"zyn-red-berry-fizz-9mg","status":"publish","type":"product","link":"https:\/\/whitelip.com\/de\/zyn\/zyn-red-berry-fizz-9mg\/","title":{"rendered":"ZYN Rote Beere Fizz 9mg"},"content":{"rendered":"<h2>ZYN Rote Beere Fizz 9mg<\/h2>\n<p><span style=\"font-weight: 400;\">ZYN Red Berry Fizz 9mg bietet ein <\/span><b>reichhaltiger und s\u00fc\u00dfer Geschmack nach roten Beeren mit einem Hauch von Zitrusfr\u00fcchten<\/b><span style=\"font-weight: 400;\">, und liefert mit jedem Beutel ein sanftes und befriedigendes Nikotinerlebnis. Der tiefe, fruchtige Geschmack von reifen roten Beeren ist perfekt mit subtilen S\u00e4ure ausgeglichen, wodurch eine geschmackvolle und erfrischende Erfahrung. Jeder schlanke, ganz wei\u00dfe Beutel enth\u00e4lt <\/span><b>9 mg Nikotin<\/b><span style=\"font-weight: 400;\">, Sie bietet eine moderate und gleichm\u00e4\u00dfige Freisetzung, ideal f\u00fcr diejenigen, die eine mittlere Nikotinoption suchen.<\/span><\/p>\n<p><span style=\"font-weight: 400;\">Das schlanke Format sorgt f\u00fcr einen diskreten und bequemen Sitz unter der Lippe und erm\u00f6glicht jederzeit einen sauberen, fleckenfreien Gebrauch. Vollst\u00e4ndig tabakfrei und aus hochwertigen pflanzlichen Materialien hergestellt, bietet ZYN Red Berry Fizz 9 mg eine moderne und angenehme Nikotin-Alternative mit einem lebhaften roten Beerengeschmack.<\/span><\/p>\n<table>\n<tbody>\n<tr>\n<td><b>Attribut<\/b><\/td>\n<td><b>Einzelheiten<\/b><\/td>\n<\/tr>\n<tr>\n<td><b>Marke<\/b><\/td>\n<td><span style=\"font-weight: 400;\">ZYN<\/span><\/td>\n<\/tr>\n<tr>\n<td><b>Produkttyp<\/b><\/td>\n<td><span style=\"font-weight: 400;\">Alle wei\u00dfen Nikotinbeutel<\/span><\/td>\n<\/tr>\n<tr>\n<td><b>Format<\/b><\/td>\n<td><span style=\"font-weight: 400;\">Schlank<\/span><\/td>\n<\/tr>\n<tr>\n<td><b>Geschmack<\/b><\/td>\n<td><span style=\"font-weight: 400;\">Rote Beeren und Zitrusfr\u00fcchte<\/span><\/td>\n<\/tr>\n<tr>\n<td><b>Nikotinst\u00e4rke<\/b><\/td>\n<td><span style=\"font-weight: 400;\">9 mg pro Beutel<\/span><\/td>\n<\/tr>\n<tr>\n<td><b>Portion Gewicht<\/b><\/td>\n<td><span style=\"font-weight: 400;\">0,7 Gramm<\/span><\/td>\n<\/tr>\n<tr>\n<td><b>Anzahl der Portionen<\/b><\/td>\n<td><span style=\"font-weight: 400;\">21 pro Dose<\/span><\/td>\n<\/tr>\n<tr>\n<td><b>Gesamtgewicht der Dose<\/b><\/td>\n<td><span style=\"font-weight: 400;\">14,3 Gramm<\/span><\/td>\n<\/tr>\n<tr>\n<td><b>Hersteller<\/b><\/td>\n<td><span style=\"font-weight: 400;\">Schwedisches Streichholz<\/span><\/td>\n<\/tr>\n<tr>\n<td><b>Bemerkenswerte Merkmale<\/b><\/td>\n<td><span style=\"font-weight: 400;\">Tabakfrei, schlankes Format, s\u00fc\u00dfer und spritziger Schwarzkirschgeschmack<\/span><\/td>\n<\/tr>\n<\/tbody>\n<\/table>","protected":false},"excerpt":{"rendered":"<p>ZYN <strong data-start=\"4\" data-end=\"22\">Rote Beerenbrause<\/strong> <strong data-start=\"23\" data-end=\"31\">9 mg<\/strong> liefert reiche, s\u00fc\u00dfe rote Beeren mit subtilen Zitrusfr\u00fcchten f\u00fcr ein weiches, erfrischendes Profil. Der <strong data-start=\"122\" data-end=\"130\">schlank<\/strong>, Die ganz in Wei\u00df gehaltenen Beutel sind diskret und bequem. Jeder Beutel enth\u00e4lt <strong data-start=\"200\" data-end=\"217\">9 mg Nikotin<\/strong> f\u00fcr eine moderate, gleichm\u00e4\u00dfige Freisetzung.<\/p>","protected":false},"featured_media":30051,"comment_status":"open","ping_status":"closed","template":"","format":[206],"meta":{"_acf_changed":false},"product_brand":[],"product_cat":[37],"product_tag":[16563],"flavours":[196],"nicotine":[210,232],"class_list":{"0":"post-30047","1":"product","2":"type-product","3":"status-publish","4":"has-post-thumbnail","6":"product_cat-zyn","7":"product_tag-9-mg-pouch","8":"pa_quantity-1-pack","9":"pa_quantity-10-pack","10":"pa_quantity-3-pack","11":"pa_quantity-30-pack","12":"pa_quantity-5-pack","13":"pa_quantity-60-pack","14":"flavours-fruits-berries","15":"format-slim","16":"nicotine-13-mg-g","17":"nicotine-extra-strong","19":"first","20":"instock","21":"taxable","22":"shipping-taxable","23":"purchasable","24":"product-type-variable"},"acf":[],"_links":{"self":[{"href":"https:\/\/whitelip.com\/de\/wp-json\/wp\/v2\/product\/30047","targetHints":{"allow":["GET"]}}],"collection":[{"href":"https:\/\/whitelip.com\/de\/wp-json\/wp\/v2\/product"}],"about":[{"href":"https:\/\/whitelip.com\/de\/wp-json\/wp\/v2\/types\/product"}],"replies":[{"embeddable":true,"href":"https:\/\/whitelip.com\/de\/wp-json\/wp\/v2\/comments?post=30047"}],"wp:featuredmedia":[{"embeddable":true,"href":"https:\/\/whitelip.com\/de\/wp-json\/wp\/v2\/media\/30051"}],"wp:attachment":[{"href":"https:\/\/whitelip.com\/de\/wp-json\/wp\/v2\/media?parent=30047"}],"wp:term":[{"taxonomy":"product_brand","embeddable":true,"href":"https:\/\/whitelip.com\/de\/wp-json\/wp\/v2\/product_brand?post=30047"},{"taxonomy":"product_cat","embeddable":true,"href":"https:\/\/whitelip.com\/de\/wp-json\/wp\/v2\/product_cat?post=30047"},{"taxonomy":"product_tag","embeddable":true,"href":"https:\/\/whitelip.com\/de\/wp-json\/wp\/v2\/product_tag?post=30047"},{"taxonomy":"flavours","embeddable":true,"href":"https:\/\/whitelip.com\/de\/wp-json\/wp\/v2\/flavours?post=30047"},{"taxonomy":"format","embeddable":true,"href":"https:\/\/whitelip.com\/de\/wp-json\/wp\/v2\/format?post=30047"},{"taxonomy":"nicotine","embeddable":true,"href":"https:\/\/whitelip.com\/de\/wp-json\/wp\/v2\/nicotine?post=30047"}],"curies":[{"name":"wp","href":"https:\/\/api.w.org\/{rel}","templated":true}]}}