{"id":30035,"date":"2025-10-09T13:21:34","date_gmt":"2025-10-09T13:21:34","guid":{"rendered":"https:\/\/whitelip.com\/?post_type=product&#038;p=30035"},"modified":"2026-04-30T10:11:10","modified_gmt":"2026-04-30T10:11:10","slug":"zyn-cactus-spice-16mg","status":"publish","type":"product","link":"https:\/\/whitelip.com\/de\/zyn\/zyn-cactus-spice-16mg\/","title":{"rendered":"ZYN Kaktus-Gew\u00fcrz 11mg"},"content":{"rendered":"<h2>ZYN Kaktus-Gew\u00fcrz 11mg<\/h2>\n<p><span style=\"font-weight: 400;\">ZYN Cactus Spice 11mg bietet eine scharfe und erfrischende Erfahrung von <strong>Kaktus, Limette und Chili<\/strong>. F\u00fcr erfahrene Raucher entwickelt, liefert jeder Beutel starke 11 mg Nikotin mit einem kr\u00e4ftigen, w\u00fcrzigen Abgang, der die Sinne weckt. Dieses starke, kaktusbetonte Profil ist perfekt f\u00fcr diejenigen, die nach maximaler Intensit\u00e4t in Geschmack und St\u00e4rke suchen.<\/span><\/p>\n<p><span style=\"font-weight: 400;\">Dank seines schlanken, komplett wei\u00dfen Formats sitzt ZYN Cactus Spice bequem und diskret unter der Lippe, ohne die Z\u00e4hne zu verf\u00e4rben. Vollst\u00e4ndig aus pflanzlichen Materialien hergestellt und tabakfrei, bietet es eine saubere und befriedigende Alternative f\u00fcr den modernen Nikotinkonsum mit einer lebendigen, w\u00fcrzigen Note.<\/span><\/p>\n<table>\n<tbody>\n<tr>\n<td><b>Attribut<\/b><\/td>\n<td><b>Einzelheiten<\/b><\/td>\n<\/tr>\n<tr>\n<td><span style=\"font-weight: 400;\">Marke<\/span><\/td>\n<td><span style=\"font-weight: 400;\">ZYN<\/span><\/td>\n<\/tr>\n<tr>\n<td><span style=\"font-weight: 400;\">Produkttyp<\/span><\/td>\n<td><span style=\"font-weight: 400;\">Alle wei\u00dfen Nikotinbeutel<\/span><\/td>\n<\/tr>\n<tr>\n<td><span style=\"font-weight: 400;\">Format<\/span><\/td>\n<td><span style=\"font-weight: 400;\">Schlank<\/span><\/td>\n<\/tr>\n<tr>\n<td><span style=\"font-weight: 400;\">Geschmack<\/span><\/td>\n<td><span style=\"font-weight: 400;\">Kaktus, Limette und Chili<\/span><\/td>\n<\/tr>\n<tr>\n<td><span style=\"font-weight: 400;\">Nikotinst\u00e4rke<\/span><\/td>\n<td><span style=\"font-weight: 400;\">11 mg pro Beutel (16 mg\/g)<\/span><\/td>\n<\/tr>\n<tr>\n<td><span style=\"font-weight: 400;\">Portion Gewicht<\/span><\/td>\n<td><span style=\"font-weight: 400;\">0,7 Gramm<\/span><\/td>\n<\/tr>\n<tr>\n<td><span style=\"font-weight: 400;\">Anzahl der Portionen<\/span><\/td>\n<td><span style=\"font-weight: 400;\">21 pro Dose<\/span><\/td>\n<\/tr>\n<tr>\n<td><span style=\"font-weight: 400;\">Gesamtgewicht der Dose<\/span><\/td>\n<td><span style=\"font-weight: 400;\">14,3 Gramm<\/span><\/td>\n<\/tr>\n<tr>\n<td><span style=\"font-weight: 400;\">Hersteller<\/span><\/td>\n<td><span style=\"font-weight: 400;\">Schwedisches Streichholz<\/span><\/td>\n<\/tr>\n<tr>\n<td><span style=\"font-weight: 400;\">Bemerkenswerte Merkmale<\/span><\/td>\n<td><span style=\"font-weight: 400;\">Tabakfrei, schlankes Format, intensiver Menthol Geschmack mit hoher Nikotinst\u00e4rke<\/span><\/td>\n<\/tr>\n<\/tbody>\n<\/table>","protected":false},"excerpt":{"rendered":"<p>ZYN <strong data-start=\"4\" data-end=\"20\">Kaktusgew\u00fcrz<\/strong> liefert eine scharfe, erfrischende Mischung aus Kaktus, Limette und Chili mit einem kr\u00e4ftigen, scharfen Abgang f\u00fcr erfahrene Konsumenten. Jeder Beutel enth\u00e4lt <strong data-start=\"150\" data-end=\"168\">11 mg Nikotin<\/strong> f\u00fcr einen kraftvollen, gleichm\u00e4\u00dfigen Tritt.<\/p>","protected":false},"featured_media":30039,"comment_status":"open","ping_status":"closed","template":"","format":[206],"meta":{"_acf_changed":false},"product_brand":[],"product_cat":[37],"product_tag":[16551],"flavours":[190,187,196],"nicotine":[213,232],"class_list":{"0":"post-30035","1":"product","2":"type-product","3":"status-publish","4":"has-post-thumbnail","6":"product_cat-zyn","7":"product_tag-11-mg-pouch","8":"pa_quantity-1-pack","9":"pa_quantity-10-pack","10":"pa_quantity-3-pack","11":"pa_quantity-30-pack","12":"pa_quantity-5-pack","13":"pa_quantity-60-pack","14":"flavours-citrus","15":"flavours-chili","16":"flavours-fruits-berries","17":"format-slim","18":"nicotine-16-mg-g","19":"nicotine-extra-strong","21":"first","22":"instock","23":"taxable","24":"shipping-taxable","25":"purchasable","26":"product-type-variable"},"acf":[],"_links":{"self":[{"href":"https:\/\/whitelip.com\/de\/wp-json\/wp\/v2\/product\/30035","targetHints":{"allow":["GET"]}}],"collection":[{"href":"https:\/\/whitelip.com\/de\/wp-json\/wp\/v2\/product"}],"about":[{"href":"https:\/\/whitelip.com\/de\/wp-json\/wp\/v2\/types\/product"}],"replies":[{"embeddable":true,"href":"https:\/\/whitelip.com\/de\/wp-json\/wp\/v2\/comments?post=30035"}],"wp:featuredmedia":[{"embeddable":true,"href":"https:\/\/whitelip.com\/de\/wp-json\/wp\/v2\/media\/30039"}],"wp:attachment":[{"href":"https:\/\/whitelip.com\/de\/wp-json\/wp\/v2\/media?parent=30035"}],"wp:term":[{"taxonomy":"product_brand","embeddable":true,"href":"https:\/\/whitelip.com\/de\/wp-json\/wp\/v2\/product_brand?post=30035"},{"taxonomy":"product_cat","embeddable":true,"href":"https:\/\/whitelip.com\/de\/wp-json\/wp\/v2\/product_cat?post=30035"},{"taxonomy":"product_tag","embeddable":true,"href":"https:\/\/whitelip.com\/de\/wp-json\/wp\/v2\/product_tag?post=30035"},{"taxonomy":"flavours","embeddable":true,"href":"https:\/\/whitelip.com\/de\/wp-json\/wp\/v2\/flavours?post=30035"},{"taxonomy":"format","embeddable":true,"href":"https:\/\/whitelip.com\/de\/wp-json\/wp\/v2\/format?post=30035"},{"taxonomy":"nicotine","embeddable":true,"href":"https:\/\/whitelip.com\/de\/wp-json\/wp\/v2\/nicotine?post=30035"}],"curies":[{"name":"wp","href":"https:\/\/api.w.org\/{rel}","templated":true}]}}