{"id":29056,"date":"2025-10-01T14:09:51","date_gmt":"2025-10-01T14:09:51","guid":{"rendered":"https:\/\/whitelip.com\/?post_type=product&#038;p=29056"},"modified":"2026-04-14T23:26:14","modified_gmt":"2026-04-14T23:26:14","slug":"fumi-tangy-strawberry","status":"publish","type":"product","link":"https:\/\/whitelip.com\/de\/fumi\/fumi-tangy-strawberry\/","title":{"rendered":"FUMI W\u00fcrzige Erdbeere"},"content":{"rendered":"<h2><b>FUMI W\u00fcrzige Erdbeere<\/b><\/h2>\n<p><span style=\"font-weight: 400;\">FUMI Tangy Strawberry liefert die saftige S\u00fc\u00dfe von reifen Erdbeeren kombiniert mit einer spritzigen Note f\u00fcr ein frisches und aufregendes Nikotinerlebnis. Diese schlanken Nikotinbeutel sind ideal f\u00fcr Benutzer, die fruchtige Aromen mit einer scharfen Kante genie\u00dfen und bieten eine gleichm\u00e4\u00dfige Nikotinabgabe von 4mg pro Beutel. FUMI Tangy Strawberry ist bequem und diskret unter der Lippe und bietet eine saubere, fleckenfreie Alternative zu herk\u00f6mmlichen Produkten. Seine lebendige Balance aus s\u00fc\u00dfen und herben Noten macht es zu einer erfrischenden t\u00e4glichen Wahl.<\/span><\/p>\n<table>\n<tbody>\n<tr>\n<td><b>Attribut<\/b><\/td>\n<td><b>Einzelheiten<\/b><\/td>\n<\/tr>\n<tr>\n<td><span style=\"font-weight: 400;\">Inhalt pro Dose<\/span><\/td>\n<td><span style=\"font-weight: 400;\">14g (20 Beutel)<\/span><\/td>\n<\/tr>\n<tr>\n<td><span style=\"font-weight: 400;\">Nikotingehalt<\/span><\/td>\n<td><span style=\"font-weight: 400;\">6 mg\/g<\/span><\/td>\n<\/tr>\n<tr>\n<td><span style=\"font-weight: 400;\">Format der Tasche<\/span><\/td>\n<td><span style=\"font-weight: 400;\">Schlank<\/span><\/td>\n<\/tr>\n<tr>\n<td><span style=\"font-weight: 400;\">Produzent<\/span><\/td>\n<td><span style=\"font-weight: 400;\">FUMI<\/span><\/td>\n<\/tr>\n<tr>\n<td><span style=\"font-weight: 400;\">Geschmack<\/span><\/td>\n<td><span style=\"font-weight: 400;\">Erdbeere (S\u00e4uerliche Erdbeere)<\/span><\/td>\n<\/tr>\n<tr>\n<td><span style=\"font-weight: 400;\">Typ<\/span><\/td>\n<td><span style=\"font-weight: 400;\">Wei\u00dfe Beutel, tabakfrei<\/span><\/td>\n<\/tr>\n<\/tbody>\n<\/table>","protected":false},"excerpt":{"rendered":"<p>Saftig, reif <strong>Erdbeere<\/strong> aufgehellt mit einem spritzigen Kick f\u00fcr einen frischen, lebendigen Geschmack. Die <strong>schlank<\/strong>, Die diskrete Passform liegt bequem unter der Lippe und ist einfach im t\u00e4glichen Gebrauch. Jedes Etui liefert <strong data-start=\"226\" data-end=\"243\">4 mg Nikotin<\/strong> f\u00fcr ein sauberes, ausgewogenes, tabakfreies Erlebnis oder Flecken.<\/p>","protected":false},"featured_media":29061,"comment_status":"open","ping_status":"closed","template":"","format":[206],"meta":{"_acf_changed":false},"product_brand":[],"product_cat":[245],"product_tag":[16585],"flavours":[196],"nicotine":[228,235],"class_list":{"0":"post-29056","1":"product","2":"type-product","3":"status-publish","4":"has-post-thumbnail","6":"product_cat-fumi","7":"product_tag-4-mg-pouch","8":"pa_quantity-1-pack","9":"pa_quantity-10-pack","10":"pa_quantity-3-pack","11":"pa_quantity-30-pack","12":"pa_quantity-5-pack","13":"pa_quantity-60-pack","14":"flavours-fruits-berries","15":"format-slim","16":"nicotine-6-mg-g","17":"nicotine-normal","19":"first","20":"instock","21":"taxable","22":"shipping-taxable","23":"purchasable","24":"product-type-variable"},"acf":[],"_links":{"self":[{"href":"https:\/\/whitelip.com\/de\/wp-json\/wp\/v2\/product\/29056","targetHints":{"allow":["GET"]}}],"collection":[{"href":"https:\/\/whitelip.com\/de\/wp-json\/wp\/v2\/product"}],"about":[{"href":"https:\/\/whitelip.com\/de\/wp-json\/wp\/v2\/types\/product"}],"replies":[{"embeddable":true,"href":"https:\/\/whitelip.com\/de\/wp-json\/wp\/v2\/comments?post=29056"}],"wp:featuredmedia":[{"embeddable":true,"href":"https:\/\/whitelip.com\/de\/wp-json\/wp\/v2\/media\/29061"}],"wp:attachment":[{"href":"https:\/\/whitelip.com\/de\/wp-json\/wp\/v2\/media?parent=29056"}],"wp:term":[{"taxonomy":"product_brand","embeddable":true,"href":"https:\/\/whitelip.com\/de\/wp-json\/wp\/v2\/product_brand?post=29056"},{"taxonomy":"product_cat","embeddable":true,"href":"https:\/\/whitelip.com\/de\/wp-json\/wp\/v2\/product_cat?post=29056"},{"taxonomy":"product_tag","embeddable":true,"href":"https:\/\/whitelip.com\/de\/wp-json\/wp\/v2\/product_tag?post=29056"},{"taxonomy":"flavours","embeddable":true,"href":"https:\/\/whitelip.com\/de\/wp-json\/wp\/v2\/flavours?post=29056"},{"taxonomy":"format","embeddable":true,"href":"https:\/\/whitelip.com\/de\/wp-json\/wp\/v2\/format?post=29056"},{"taxonomy":"nicotine","embeddable":true,"href":"https:\/\/whitelip.com\/de\/wp-json\/wp\/v2\/nicotine?post=29056"}],"curies":[{"name":"wp","href":"https:\/\/api.w.org\/{rel}","templated":true}]}}