{"id":29030,"date":"2025-10-01T14:09:52","date_gmt":"2025-10-01T14:09:52","guid":{"rendered":"https:\/\/whitelip.com\/?post_type=product&#038;p=29030"},"modified":"2026-04-28T11:49:28","modified_gmt":"2026-04-28T11:49:28","slug":"fumi-tangy-strawberry-strong","status":"publish","type":"product","link":"https:\/\/whitelip.com\/de\/fumi\/fumi-tangy-strawberry-strong\/","title":{"rendered":"FUMI W\u00fcrzige Erdbeere Stark"},"content":{"rendered":"<h2><b>FUMI W\u00fcrzige Erdbeere Stark<\/b><\/h2>\n<p><span style=\"font-weight: 400;\">FUMI Tangy Strawberry Strong liefert die saftige S\u00fc\u00dfe von reifen Erdbeeren mit einer spritzigen Note, die ein frisches und aufregendes Nikotinerlebnis schafft. Diese schlanken Nikotinbeutel sind f\u00fcr Benutzer konzipiert, die ein fruchtiges Profil mit einer scharfen Kante genie\u00dfen und bieten eine Nikotinst\u00e4rke von 8 mg pro Beutel. FUMI Tangy Strawberry Strong ist bequem und diskret unter der Lippe zu tragen und bietet eine saubere, fleckenfreie Alternative zu herk\u00f6mmlichen Produkten. Seine lebendige Kombination aus S\u00fc\u00dfe und Sch\u00e4rfe macht ihn zu einem erfrischenden Highlight im FUMI-Sortiment.<\/span><\/p>\n<table>\n<tbody>\n<tr>\n<td><b>Attribut<\/b><\/td>\n<td><b>Einzelheiten<\/b><\/td>\n<\/tr>\n<tr>\n<td><span style=\"font-weight: 400;\">Inhalt pro Dose<\/span><\/td>\n<td><span style=\"font-weight: 400;\">14g (20 Beutel)<\/span><\/td>\n<\/tr>\n<tr>\n<td><span style=\"font-weight: 400;\">Nikotingehalt<\/span><\/td>\n<td><span style=\"font-weight: 400;\">11 mg\/g<\/span><\/td>\n<\/tr>\n<tr>\n<td><span style=\"font-weight: 400;\">Format der Tasche<\/span><\/td>\n<td><span style=\"font-weight: 400;\">Schlank<\/span><\/td>\n<\/tr>\n<tr>\n<td><span style=\"font-weight: 400;\">Produzent<\/span><\/td>\n<td><span style=\"font-weight: 400;\">FUMI<\/span><\/td>\n<\/tr>\n<tr>\n<td><span style=\"font-weight: 400;\">Geschmack<\/span><\/td>\n<td><span style=\"font-weight: 400;\">Erdbeere (S\u00e4uerliche Erdbeere)<\/span><\/td>\n<\/tr>\n<tr>\n<td><span style=\"font-weight: 400;\">Typ<\/span><\/td>\n<td><span style=\"font-weight: 400;\">Wei\u00dfe Beutel, tabakfrei<\/span><\/td>\n<\/tr>\n<\/tbody>\n<\/table>","protected":false},"excerpt":{"rendered":"<p>Hell, reif <strong>Erdbeere<\/strong> mit einer pikanten Note f\u00fcr einen frischen, lebendigen Geschmack. Die <strong>schlank<\/strong> Format sitzt diskret und bequem unter der Lippe und l\u00e4sst sich einfach unterwegs genie\u00dfen. Jeder Beutel liefert <strong data-start=\"232\" data-end=\"249\">8 mg Nikotin<\/strong>, und bietet ein sauberes, starkes und fleckenfreies Erlebnis.<\/p>","protected":false},"featured_media":29034,"comment_status":"open","ping_status":"closed","template":"","format":[206],"meta":{"_acf_changed":false},"product_brand":[],"product_cat":[245],"product_tag":[16583],"flavours":[196],"nicotine":[208,236],"class_list":{"0":"post-29030","1":"product","2":"type-product","3":"status-publish","4":"has-post-thumbnail","6":"product_cat-fumi","7":"product_tag-8-mg-pouch","8":"pa_quantity-1-pack","9":"pa_quantity-10-pack","10":"pa_quantity-3-pack","11":"pa_quantity-30-pack","12":"pa_quantity-5-pack","13":"pa_quantity-60-pack","14":"flavours-fruits-berries","15":"format-slim","16":"nicotine-11-mg-g","17":"nicotine-strong","19":"first","20":"instock","21":"taxable","22":"shipping-taxable","23":"purchasable","24":"product-type-variable"},"acf":[],"_links":{"self":[{"href":"https:\/\/whitelip.com\/de\/wp-json\/wp\/v2\/product\/29030","targetHints":{"allow":["GET"]}}],"collection":[{"href":"https:\/\/whitelip.com\/de\/wp-json\/wp\/v2\/product"}],"about":[{"href":"https:\/\/whitelip.com\/de\/wp-json\/wp\/v2\/types\/product"}],"replies":[{"embeddable":true,"href":"https:\/\/whitelip.com\/de\/wp-json\/wp\/v2\/comments?post=29030"}],"wp:featuredmedia":[{"embeddable":true,"href":"https:\/\/whitelip.com\/de\/wp-json\/wp\/v2\/media\/29034"}],"wp:attachment":[{"href":"https:\/\/whitelip.com\/de\/wp-json\/wp\/v2\/media?parent=29030"}],"wp:term":[{"taxonomy":"product_brand","embeddable":true,"href":"https:\/\/whitelip.com\/de\/wp-json\/wp\/v2\/product_brand?post=29030"},{"taxonomy":"product_cat","embeddable":true,"href":"https:\/\/whitelip.com\/de\/wp-json\/wp\/v2\/product_cat?post=29030"},{"taxonomy":"product_tag","embeddable":true,"href":"https:\/\/whitelip.com\/de\/wp-json\/wp\/v2\/product_tag?post=29030"},{"taxonomy":"flavours","embeddable":true,"href":"https:\/\/whitelip.com\/de\/wp-json\/wp\/v2\/flavours?post=29030"},{"taxonomy":"format","embeddable":true,"href":"https:\/\/whitelip.com\/de\/wp-json\/wp\/v2\/format?post=29030"},{"taxonomy":"nicotine","embeddable":true,"href":"https:\/\/whitelip.com\/de\/wp-json\/wp\/v2\/nicotine?post=29030"}],"curies":[{"name":"wp","href":"https:\/\/api.w.org\/{rel}","templated":true}]}}