{"id":29000,"date":"2025-10-01T14:09:53","date_gmt":"2025-10-01T14:09:53","guid":{"rendered":"https:\/\/whitelip.com\/?post_type=product&#038;p=29000"},"modified":"2026-04-11T15:34:35","modified_gmt":"2026-04-11T15:34:35","slug":"fumi-fiery-mango-strong","status":"publish","type":"product","link":"https:\/\/whitelip.com\/de\/fumi\/fumi-fiery-mango-strong\/","title":{"rendered":"FUMI Feurige Mango Stark"},"content":{"rendered":"<h2><b>FUMI Feurige Mango Stark<\/b><\/h2>\n<p>FUMI Fiery Mango Strong kombiniert reife tropische Mango mit einem subtilen Gew\u00fcrzkick f\u00fcr einen intensiven und doch erfrischenden Geschmack. Das schlanke Format sitzt diskret und bequem unter der Lippe, ideal f\u00fcr den Gebrauch unterwegs. Jeder Beutel liefert 8 mg Nikotin f\u00fcr ein befriedigend starkes Erlebnis mit einem unverwechselbaren fruchtig-w\u00fcrzigen Profil.<\/p>\n<table>\n<tbody>\n<tr>\n<td><b>Attribut<\/b><\/td>\n<td><b>Einzelheiten<\/b><\/td>\n<\/tr>\n<tr>\n<td><span style=\"font-weight: 400;\">Inhalt pro Dose<\/span><\/td>\n<td><span style=\"font-weight: 400;\">14g (20 Beutel)<\/span><\/td>\n<\/tr>\n<tr>\n<td><span style=\"font-weight: 400;\">Nikotingehalt<\/span><\/td>\n<td><span style=\"font-weight: 400;\">11 mg\/g<\/span><\/td>\n<\/tr>\n<tr>\n<td><span style=\"font-weight: 400;\">Format der Tasche<\/span><\/td>\n<td><span style=\"font-weight: 400;\">Schlank<\/span><\/td>\n<\/tr>\n<tr>\n<td><span style=\"font-weight: 400;\">Produzent<\/span><\/td>\n<td><span style=\"font-weight: 400;\">FUMI<\/span><\/td>\n<\/tr>\n<tr>\n<td><span style=\"font-weight: 400;\">Geschmack<\/span><\/td>\n<td><span style=\"font-weight: 400;\">Mango &amp; Scharf (Feurige Mango)<\/span><\/td>\n<\/tr>\n<tr>\n<td><span style=\"font-weight: 400;\">Typ<\/span><\/td>\n<td><span style=\"font-weight: 400;\">Wei\u00dfe Beutel, tabakfrei<\/span><\/td>\n<\/tr>\n<\/tbody>\n<\/table>","protected":false},"excerpt":{"rendered":"<p>Kr\u00e4ftig, reif <strong>Mango<\/strong> trifft auf einen subtilen w\u00fcrzigen Kick f\u00fcr einen intensiven und doch erfrischenden Geschmack. Die <strong>schlank<\/strong>, Die diskrete Passform sitzt bequem unter der Lippe, ideal f\u00fcr unterwegs. Jedes Etui liefert <strong data-start=\"222\" data-end=\"239\">8 mg Nikotin<\/strong> f\u00fcr ein befriedigend starkes Erlebnis mit einem einzigartigen fruchtig-w\u00fcrzigen Profil.<\/p>","protected":false},"featured_media":29004,"comment_status":"open","ping_status":"closed","template":"","format":[206],"meta":{"_acf_changed":false},"product_brand":[],"product_cat":[245],"product_tag":[16583],"flavours":[187,196],"nicotine":[208,236],"class_list":{"0":"post-29000","1":"product","2":"type-product","3":"status-publish","4":"has-post-thumbnail","6":"product_cat-fumi","7":"product_tag-8-mg-pouch","8":"pa_quantity-1-pack","9":"pa_quantity-10-pack","10":"pa_quantity-3-pack","11":"pa_quantity-30-pack","12":"pa_quantity-5-pack","13":"pa_quantity-60-pack","14":"flavours-chili","15":"flavours-fruits-berries","16":"format-slim","17":"nicotine-11-mg-g","18":"nicotine-strong","20":"first","21":"instock","22":"taxable","23":"shipping-taxable","24":"purchasable","25":"product-type-variable"},"acf":[],"_links":{"self":[{"href":"https:\/\/whitelip.com\/de\/wp-json\/wp\/v2\/product\/29000","targetHints":{"allow":["GET"]}}],"collection":[{"href":"https:\/\/whitelip.com\/de\/wp-json\/wp\/v2\/product"}],"about":[{"href":"https:\/\/whitelip.com\/de\/wp-json\/wp\/v2\/types\/product"}],"replies":[{"embeddable":true,"href":"https:\/\/whitelip.com\/de\/wp-json\/wp\/v2\/comments?post=29000"}],"wp:featuredmedia":[{"embeddable":true,"href":"https:\/\/whitelip.com\/de\/wp-json\/wp\/v2\/media\/29004"}],"wp:attachment":[{"href":"https:\/\/whitelip.com\/de\/wp-json\/wp\/v2\/media?parent=29000"}],"wp:term":[{"taxonomy":"product_brand","embeddable":true,"href":"https:\/\/whitelip.com\/de\/wp-json\/wp\/v2\/product_brand?post=29000"},{"taxonomy":"product_cat","embeddable":true,"href":"https:\/\/whitelip.com\/de\/wp-json\/wp\/v2\/product_cat?post=29000"},{"taxonomy":"product_tag","embeddable":true,"href":"https:\/\/whitelip.com\/de\/wp-json\/wp\/v2\/product_tag?post=29000"},{"taxonomy":"flavours","embeddable":true,"href":"https:\/\/whitelip.com\/de\/wp-json\/wp\/v2\/flavours?post=29000"},{"taxonomy":"format","embeddable":true,"href":"https:\/\/whitelip.com\/de\/wp-json\/wp\/v2\/format?post=29000"},{"taxonomy":"nicotine","embeddable":true,"href":"https:\/\/whitelip.com\/de\/wp-json\/wp\/v2\/nicotine?post=29000"}],"curies":[{"name":"wp","href":"https:\/\/api.w.org\/{rel}","templated":true}]}}