{"id":28866,"date":"2025-09-30T15:25:05","date_gmt":"2025-09-30T15:25:05","guid":{"rendered":"https:\/\/whitelip.com\/?post_type=product&#038;p=28866"},"modified":"2026-05-05T10:11:39","modified_gmt":"2026-05-05T10:11:39","slug":"xqs-fizzy-peach-strong","status":"publish","type":"product","link":"https:\/\/whitelip.com\/de\/xqs\/xqs-fizzy-peach-strong\/","title":{"rendered":"XQS Sprudel Pfirsich Stark"},"content":{"rendered":"<h2><strong>XQS Sprudel Pfirsich Stark<\/strong><\/h2>\n<p>XQS Fizzy Peach Strong ist ein rein wei\u00dfer Nikotinbeutel mit dem Geschmack von sprudelndem Pfirsich. Die Beutel kommen in einem schlanken Format mit einer Nikotinst\u00e4rke von 16 mg\/g.<\/p>\n<ul>\n<li>Geschmack: Pfirsich<\/li>\n<li>Format: Schlank<\/li>\n<li>Nikotin: 16 mg\/g<\/li>\n<li>S\u00e4ckchen: 20 St\u00fcck<\/li>\n<li>Gewicht: 10 g<\/li>\n<li>Marke: <a href=\"https:\/\/whitelip.se\/en\/xqs\/\" target=\"_blank\" rel=\"noopener\">XQS<\/a><\/li>\n<li>Hersteller: <a href=\"https:\/\/www.st-group.com\/\" target=\"_blank\" rel=\"noopener\">Aufr\u00fchrerische Unternehmungen II<\/a><\/li>\n<\/ul>\n<p><em><strong>\u00dcber die Marke: XQS<\/strong><\/em><\/p>\n<p>Entdecken Sie eine Welt des Geschmacks und der Bequemlichkeit mit XQS Nikotinbeuteln - ein Sortiment, das eine hervorragende Geschmacksvielfalt und Diskretion bietet. Mit verschiedenen aufregenden Geschmacksrichtungen und Nikotinst\u00e4rken bietet XQS eine bequeme und stilvolle L\u00f6sung, um Ihren Nikotinbedarf zu decken. Erleben Sie auch die besondere Nat\u00fcrlichkeit von XQS - die Pillen sind nat\u00fcrlich gef\u00e4rbt und bieten ein authentisches und angenehmes Nikotinerlebnis. Erkunden Sie das umfangreiche Angebot an XQS-Nikotinbeuteln und finden Sie Ihren Favoriten f\u00fcr ein angenehmes und individuelles Nikotinerlebnis ganz nach Ihrem Geschmack.<\/p>","protected":false},"excerpt":{"rendered":"<p>XQS<strong> Sprudelnder Pfirsich<\/strong> Strong ist ein ganz wei\u00dfer Nikotinbeutel mit dem Geschmack von spritzigem Pfirsich. Die Beutel werden in einer <strong>schlank<\/strong> Format mit einer Nikotinst\u00e4rke von <strong>16 mg\/g.<\/strong><\/p>","protected":false},"featured_media":84312,"comment_status":"open","ping_status":"closed","template":"","format":[206],"meta":{"_acf_changed":false},"product_brand":[],"product_cat":[27],"product_tag":[16583],"flavours":[196],"nicotine":[213,232],"class_list":{"0":"post-28866","1":"product","2":"type-product","3":"status-publish","4":"has-post-thumbnail","6":"product_cat-xqs","7":"product_tag-8-mg-pouch","8":"pa_quantity-1-pack","9":"pa_quantity-10-pack","10":"pa_quantity-3-pack","11":"pa_quantity-30-pack","12":"pa_quantity-5-pack","13":"pa_quantity-60-pack","14":"flavours-fruits-berries","15":"format-slim","16":"nicotine-16-mg-g","17":"nicotine-extra-strong","19":"first","20":"instock","21":"taxable","22":"shipping-taxable","23":"purchasable","24":"product-type-variable","25":"has-default-attributes"},"acf":[],"_links":{"self":[{"href":"https:\/\/whitelip.com\/de\/wp-json\/wp\/v2\/product\/28866","targetHints":{"allow":["GET"]}}],"collection":[{"href":"https:\/\/whitelip.com\/de\/wp-json\/wp\/v2\/product"}],"about":[{"href":"https:\/\/whitelip.com\/de\/wp-json\/wp\/v2\/types\/product"}],"replies":[{"embeddable":true,"href":"https:\/\/whitelip.com\/de\/wp-json\/wp\/v2\/comments?post=28866"}],"wp:featuredmedia":[{"embeddable":true,"href":"https:\/\/whitelip.com\/de\/wp-json\/wp\/v2\/media\/84312"}],"wp:attachment":[{"href":"https:\/\/whitelip.com\/de\/wp-json\/wp\/v2\/media?parent=28866"}],"wp:term":[{"taxonomy":"product_brand","embeddable":true,"href":"https:\/\/whitelip.com\/de\/wp-json\/wp\/v2\/product_brand?post=28866"},{"taxonomy":"product_cat","embeddable":true,"href":"https:\/\/whitelip.com\/de\/wp-json\/wp\/v2\/product_cat?post=28866"},{"taxonomy":"product_tag","embeddable":true,"href":"https:\/\/whitelip.com\/de\/wp-json\/wp\/v2\/product_tag?post=28866"},{"taxonomy":"flavours","embeddable":true,"href":"https:\/\/whitelip.com\/de\/wp-json\/wp\/v2\/flavours?post=28866"},{"taxonomy":"format","embeddable":true,"href":"https:\/\/whitelip.com\/de\/wp-json\/wp\/v2\/format?post=28866"},{"taxonomy":"nicotine","embeddable":true,"href":"https:\/\/whitelip.com\/de\/wp-json\/wp\/v2\/nicotine?post=28866"}],"curies":[{"name":"wp","href":"https:\/\/api.w.org\/{rel}","templated":true}]}}