{"id":28164,"date":"2025-09-24T12:42:21","date_gmt":"2025-09-24T12:42:21","guid":{"rendered":"https:\/\/whitelip.com\/?post_type=product&#038;p=28164"},"modified":"2026-03-10T09:19:01","modified_gmt":"2026-03-10T09:19:01","slug":"rush-ice-cool","status":"publish","type":"product","link":"https:\/\/whitelip.com\/de\/rush\/rush-ice-cool\/","title":{"rendered":"RUSH Ice Cool"},"content":{"rendered":"<h2>RUSH Ice Cool<\/h2>\n<p class=\"\" data-start=\"76\" data-end=\"609\">RUSH Ice Cool Nikotinbeutel liefern einen intensiven Ausbruch frostiger Frische mit einem reinen Minzprofil und einem zus\u00e4tzlichen K\u00e4ltegef\u00fchl. Der scharfe, eisige Geschmack ist belebend und kr\u00e4ftig und damit eine perfekte Wahl f\u00fcr Anwender, die starke und erfrischende Aromen mit einer kraftvollen Nikotinfreisetzung genie\u00dfen. Jeder schlanke, komplett wei\u00dfe Beutel enth\u00e4lt 11,2 mg Nikotin und liefert einen starken Kick, der auf regelm\u00e4\u00dfige Anwender zugeschnitten ist. Diskret, bequem und fleckenfrei \u2013 RUSH Ice Cool wurde entwickelt, um hohe Standards an Geschmack und Qualit\u00e4t in einem modernen tabakfreien Format zu erf\u00fcllen.<\/p>\n<table>\n<tbody>\n<tr>\n<td><b>Attribut<\/b><\/td>\n<td><b>Einzelheiten<\/b><\/td>\n<\/tr>\n<tr>\n<td><b>Inhalt pro Dose<\/b><\/td>\n<td><span style=\"font-weight: 400;\">14g (20 Beutel)<\/span><\/td>\n<\/tr>\n<tr>\n<td><b>Nikotingehalt<\/b><\/td>\n<td><span style=\"font-weight: 400;\">16 mg\/g (11,2 mg pro Beutel)<\/span><\/td>\n<\/tr>\n<tr>\n<td><b>Format des Beutels<\/b><\/td>\n<td><span style=\"font-weight: 400;\">Schlank<\/span><\/td>\n<\/tr>\n<tr>\n<td><b>Produzent<\/b><\/td>\n<td><span style=\"font-weight: 400;\">RUSH<\/span><\/td>\n<\/tr>\n<tr>\n<td><b>Geschmack<\/b><\/td>\n<td><span style=\"font-weight: 400;\">Minze &amp; K\u00fchlung (Eisgek\u00fchlt)<\/span><\/td>\n<\/tr>\n<tr>\n<td><b>Typ<\/b><\/td>\n<td><span style=\"font-weight: 400;\">Nikotinbeutel<\/span><\/td>\n<\/tr>\n<\/tbody>\n<\/table>","protected":false},"excerpt":{"rendered":"<article class=\"text-token-text-primary w-full focus:outline-none [--shadow-height:45px] has-data-writing-block:pointer-events-none has-data-writing-block:-mt-(--shadow-height) has-data-writing-block:pt-(--shadow-height) [&amp;:has([data-writing-block])&gt;*]:pointer-events-auto [content-visibility:auto] supports-[content-visibility:auto]:[contain-intrinsic-size:auto_100lvh] scroll-mt-[calc(var(--header-height)+min(200px,max(70px,20svh)))]\" dir=\"auto\" tabindex=\"-1\" data-turn-id=\"fc20af27-e3c5-4b02-a951-d8248900574e\" data-testid=\"conversation-turn-146\" data-scroll-anchor=\"true\" data-turn=\"assistant\">\n<div class=\"text-base my-auto mx-auto pb-10 [--thread-content-margin:--spacing(4)] thread-sm:[--thread-content-margin:--spacing(6)] thread-lg:[--thread-content-margin:--spacing(16)] px-(--thread-content-margin)\">\n<div class=\"[--thread-content-max-width:40rem] thread-lg:[--thread-content-max-width:48rem] mx-auto max-w-(--thread-content-max-width) flex-1 group\/turn-messages focus-visible:outline-hidden relative flex w-full min-w-0 flex-col agent-turn\" tabindex=\"-1\">\n<div class=\"flex max-w-full flex-col grow\">\n<div class=\"min-h-8 text-message relative flex w-full flex-col items-end gap-2 text-start break-words whitespace-normal [.text-message+&amp;]:mt-1\" dir=\"auto\" data-message-author-role=\"assistant\" data-message-id=\"62160f6d-af8e-4bdd-844f-59034b1f33e1\" data-message-model-slug=\"gpt-5-thinking\">\n<div class=\"flex w-full flex-col gap-1 empty:hidden first:pt-[1px]\">\n<div class=\"markdown prose dark:prose-invert w-full break-words dark markdown-new-styling\">\n<p data-start=\"0\" data-end=\"267\" data-is-last-node=\"\" data-is-only-node=\"\">RUSH Ice Cool nicotine pouches deliver an intense, frosty <strong data-start=\"58\" data-end=\"70\">Ice Cool<\/strong> mint with extra cooling. <strong data-start=\"96\" data-end=\"104\">Slim<\/strong>, all-white format for discreet, stain-free comfort. Each pouch contains <strong data-start=\"177\" data-end=\"197\">11.2 mg nicotine<\/strong>. Strong, refreshing flavor with a powerful release for regular users.<\/p>\n<\/div>\n<\/div>\n<\/div>\n<\/div>\n<\/div>\n<\/div>\n<\/article>\n","protected":false},"featured_media":28169,"comment_status":"open","ping_status":"closed","template":"","format":[206],"meta":{"_acf_changed":false},"product_brand":[],"product_cat":[244],"product_tag":[16577],"flavours":[199],"nicotine":[213,232],"class_list":{"0":"post-28164","1":"product","2":"type-product","3":"status-publish","4":"has-post-thumbnail","6":"product_cat-rush","7":"product_tag-11-2-mg-pouch","8":"pa_quantity-1-pack","9":"pa_quantity-10-pack","10":"pa_quantity-3-pack","11":"pa_quantity-30-pack","12":"pa_quantity-5-pack","13":"pa_quantity-60-pack","14":"flavours-mint","15":"format-slim","16":"nicotine-16-mg-g","17":"nicotine-extra-strong","19":"first","20":"outofstock","21":"taxable","22":"shipping-taxable","23":"purchasable","24":"product-type-variable","25":"has-default-attributes"},"acf":[],"_links":{"self":[{"href":"https:\/\/whitelip.com\/de\/wp-json\/wp\/v2\/product\/28164","targetHints":{"allow":["GET"]}}],"collection":[{"href":"https:\/\/whitelip.com\/de\/wp-json\/wp\/v2\/product"}],"about":[{"href":"https:\/\/whitelip.com\/de\/wp-json\/wp\/v2\/types\/product"}],"replies":[{"embeddable":true,"href":"https:\/\/whitelip.com\/de\/wp-json\/wp\/v2\/comments?post=28164"}],"wp:featuredmedia":[{"embeddable":true,"href":"https:\/\/whitelip.com\/de\/wp-json\/wp\/v2\/media\/28169"}],"wp:attachment":[{"href":"https:\/\/whitelip.com\/de\/wp-json\/wp\/v2\/media?parent=28164"}],"wp:term":[{"taxonomy":"product_brand","embeddable":true,"href":"https:\/\/whitelip.com\/de\/wp-json\/wp\/v2\/product_brand?post=28164"},{"taxonomy":"product_cat","embeddable":true,"href":"https:\/\/whitelip.com\/de\/wp-json\/wp\/v2\/product_cat?post=28164"},{"taxonomy":"product_tag","embeddable":true,"href":"https:\/\/whitelip.com\/de\/wp-json\/wp\/v2\/product_tag?post=28164"},{"taxonomy":"flavours","embeddable":true,"href":"https:\/\/whitelip.com\/de\/wp-json\/wp\/v2\/flavours?post=28164"},{"taxonomy":"format","embeddable":true,"href":"https:\/\/whitelip.com\/de\/wp-json\/wp\/v2\/format?post=28164"},{"taxonomy":"nicotine","embeddable":true,"href":"https:\/\/whitelip.com\/de\/wp-json\/wp\/v2\/nicotine?post=28164"}],"curies":[{"name":"wp","href":"https:\/\/api.w.org\/{rel}","templated":true}]}}