{"id":27961,"date":"2025-09-23T12:50:07","date_gmt":"2025-09-23T12:50:07","guid":{"rendered":"https:\/\/whitelip.com\/?post_type=product&#038;p=27961"},"modified":"2026-04-21T10:11:38","modified_gmt":"2026-04-21T10:11:38","slug":"bjorn-ice-berry-licorice","status":"publish","type":"product","link":"https:\/\/whitelip.com\/de\/bjorn\/bjorn-ice-berry-licorice\/","title":{"rendered":"BJ\u00d6RN Ice Berry Lakritze"},"content":{"rendered":"<h2><strong>BJ\u00d6RN Ice Berry Lakritze<\/strong><\/h2>\n<p class=\"\" data-start=\"76\" data-end=\"609\">BJ\u00d6RN Ice Berry Licorice Nikotinbeutel liefern eine k\u00fchne und unverwechselbare Mischung aus s\u00fc\u00dfen, saftigen Beeren und der reichhaltigen, salzigen Tiefe der nordischen Lakritze, abgeschlossen mit einem erfrischenden K\u00fchleffekt. Dieses komplexe Geschmacksprofil kombiniert fruchtige S\u00fc\u00dfe, pikante Noten und eisige Frische f\u00fcr ein wirklich einzigartiges Erlebnis. Jeder schlanke, komplett wei\u00dfe Beutel enth\u00e4lt 19,5 mg Nikotin und bietet einen starken Kick f\u00fcr erfahrene Raucher, die sowohl Intensit\u00e4t als auch Originalit\u00e4t suchen. BJ\u00d6RN Ice Berry Licorice ist diskret, bequem und fleckenfrei und wird von der 77 Group hergestellt, um Premium-Qualit\u00e4t, kr\u00e4ftigen Geschmack und eine tabakfreie Alternative zu gew\u00e4hrleisten.<\/p>\n<table>\n<tbody>\n<tr>\n<td><b>Attribut<\/b><\/td>\n<td><b>Einzelheiten<\/b><\/td>\n<\/tr>\n<tr>\n<td><b>Inhalt pro Dose<\/b><\/td>\n<td><span style=\"font-weight: 400;\">13g (20 Beutel)<\/span><\/td>\n<\/tr>\n<tr>\n<td><b>Nikotingehalt<\/b><\/td>\n<td><span style=\"font-weight: 400;\">30 mg\/g (19,5 mg pro Beutel)<\/span><\/td>\n<\/tr>\n<tr>\n<td><b>Format des Beutels<\/b><\/td>\n<td><span style=\"font-weight: 400;\">Schlank<\/span><\/td>\n<\/tr>\n<tr>\n<td><b>Produzent<\/b><\/td>\n<td><span style=\"font-weight: 400;\">77 Gruppe<\/span><\/td>\n<\/tr>\n<tr>\n<td><b>Geschmack<\/b><\/td>\n<td><span style=\"font-weight: 400;\">Beere, Lakritz &amp; K\u00fchlung (Eisbeere Lakritz)<\/span><\/td>\n<\/tr>\n<tr>\n<td><b>Typ<\/b><\/td>\n<td><span style=\"font-weight: 400;\">Ganz wei\u00dfe Tasche<\/span><\/td>\n<\/tr>\n<\/tbody>\n<\/table>","protected":false},"excerpt":{"rendered":"<p>K\u00fchn <strong data-start=\"5\" data-end=\"34\">Beeren und Nordische<\/strong> <strong>Lakritz<\/strong> mit einem sauberen, k\u00fchlenden Abgang f\u00fcr einen s\u00fc\u00df-w\u00fcrzigen, unverwechselbaren Geschmack. Die <strong data-start=\"107\" data-end=\"126\">schlank, <\/strong>Die komplett wei\u00dfen Beutel sitzen diskret und bequem unter der Lippe und k\u00f6nnen jederzeit sauber verwendet werden. Jeder Beutel enth\u00e4lt <strong data-start=\"224\" data-end=\"244\">19,5 mg Nikotin<\/strong>, Die 77 Group bietet einen entscheidenden, starken Kick f\u00fcr erfahrene Konsumenten, hergestellt von der 77 Group in einem tabakfreien Format.<\/p>","protected":false},"featured_media":27965,"comment_status":"open","ping_status":"closed","template":"","format":[206],"meta":{"_acf_changed":false},"product_brand":[],"product_cat":[239],"product_tag":[16557],"flavours":[196,198],"nicotine":[221,233],"class_list":{"0":"post-27961","1":"product","2":"type-product","3":"status-publish","4":"has-post-thumbnail","6":"product_cat-bjorn","7":"product_tag-19-5-mg-pouch","8":"pa_quantity-1-pack","9":"pa_quantity-10-pack","10":"pa_quantity-3-pack","11":"pa_quantity-30-pack","12":"pa_quantity-5-pack","13":"pa_quantity-60-pack","14":"flavours-fruits-berries","15":"flavours-licorice","16":"format-slim","17":"nicotine-30-mg-g","18":"nicotine-extreme","20":"first","21":"instock","22":"taxable","23":"shipping-taxable","24":"purchasable","25":"product-type-variable","26":"has-default-attributes"},"acf":[],"_links":{"self":[{"href":"https:\/\/whitelip.com\/de\/wp-json\/wp\/v2\/product\/27961","targetHints":{"allow":["GET"]}}],"collection":[{"href":"https:\/\/whitelip.com\/de\/wp-json\/wp\/v2\/product"}],"about":[{"href":"https:\/\/whitelip.com\/de\/wp-json\/wp\/v2\/types\/product"}],"replies":[{"embeddable":true,"href":"https:\/\/whitelip.com\/de\/wp-json\/wp\/v2\/comments?post=27961"}],"wp:featuredmedia":[{"embeddable":true,"href":"https:\/\/whitelip.com\/de\/wp-json\/wp\/v2\/media\/27965"}],"wp:attachment":[{"href":"https:\/\/whitelip.com\/de\/wp-json\/wp\/v2\/media?parent=27961"}],"wp:term":[{"taxonomy":"product_brand","embeddable":true,"href":"https:\/\/whitelip.com\/de\/wp-json\/wp\/v2\/product_brand?post=27961"},{"taxonomy":"product_cat","embeddable":true,"href":"https:\/\/whitelip.com\/de\/wp-json\/wp\/v2\/product_cat?post=27961"},{"taxonomy":"product_tag","embeddable":true,"href":"https:\/\/whitelip.com\/de\/wp-json\/wp\/v2\/product_tag?post=27961"},{"taxonomy":"flavours","embeddable":true,"href":"https:\/\/whitelip.com\/de\/wp-json\/wp\/v2\/flavours?post=27961"},{"taxonomy":"format","embeddable":true,"href":"https:\/\/whitelip.com\/de\/wp-json\/wp\/v2\/format?post=27961"},{"taxonomy":"nicotine","embeddable":true,"href":"https:\/\/whitelip.com\/de\/wp-json\/wp\/v2\/nicotine?post=27961"}],"curies":[{"name":"wp","href":"https:\/\/api.w.org\/{rel}","templated":true}]}}