{"id":27946,"date":"2025-09-23T12:50:07","date_gmt":"2025-09-23T12:50:07","guid":{"rendered":"https:\/\/whitelip.com\/?post_type=product&#038;p=27946"},"modified":"2026-05-11T10:36:56","modified_gmt":"2026-05-11T10:36:56","slug":"bjorn-rhub-elder-punch","status":"publish","type":"product","link":"https:\/\/whitelip.com\/de\/bjorn\/bjorn-rhub-elder-punch\/","title":{"rendered":"BJ\u00d6RN Rhub-elder Punsch"},"content":{"rendered":"<h2><strong>BJ\u00d6RN Rhub-elder Punsch<\/strong><\/h2>\n<p class=\"\" data-start=\"76\" data-end=\"609\">BJ\u00d6RN Rhub-elder Punch Nikotinbeutel liefern eine k\u00fchne und erfrischende Verschmelzung von s\u00e4uerlichem Rhabarber und s\u00fc\u00dfer Holunderbl\u00fcte, die ein einzigartiges, von Punsch inspiriertes Aroma erzeugen. Der Geschmack ist fruchtig, spritzig und leicht blumig und bietet ein unverwechselbares Beutelerlebnis f\u00fcr alle, die komplexe und lebendige Profile m\u00f6gen. Jeder schlanke, ganz wei\u00dfe Beutel enth\u00e4lt 19,5 mg Nikotin und bietet einen starken Kick f\u00fcr erfahrene Raucher, die sowohl Intensit\u00e4t als auch Originalit\u00e4t bevorzugen. BJ\u00d6RN Rhub-elder Punch ist diskret, bequem und fleckenfrei und wird von der 77 Group hergestellt, um einen starken Charakter, Premiumqualit\u00e4t und eine tabakfreie Alternative zu bieten.<\/p>\n<table>\n<tbody>\n<tr>\n<td><b>Attribut<\/b><\/td>\n<td><b>Einzelheiten<\/b><\/td>\n<\/tr>\n<tr>\n<td><b>Inhalt pro Dose<\/b><\/td>\n<td><span style=\"font-weight: 400;\">13g (20 Beutel)<\/span><\/td>\n<\/tr>\n<tr>\n<td><b>Nikotingehalt<\/b><\/td>\n<td><span style=\"font-weight: 400;\">30 mg\/g (19,5 mg pro Beutel)<\/span><\/td>\n<\/tr>\n<tr>\n<td><b>Format des Beutels<\/b><\/td>\n<td><span style=\"font-weight: 400;\">Schlank<\/span><\/td>\n<\/tr>\n<tr>\n<td><b>Produzent<\/b><\/td>\n<td><span style=\"font-weight: 400;\">77 Gruppe<\/span><\/td>\n<\/tr>\n<tr>\n<td><b>Geschmack<\/b><\/td>\n<td><span style=\"font-weight: 400;\">Rhabarber &amp; Holunder (Rhub-elder-Bowle)<\/span><\/td>\n<\/tr>\n<tr>\n<td><b>Typ<\/b><\/td>\n<td><span style=\"font-weight: 400;\">Ganz wei\u00dfe Tasche<\/span><\/td>\n<\/tr>\n<\/tbody>\n<\/table>","protected":false},"excerpt":{"rendered":"<p>K\u00fchn, erfrischend <strong data-start=\"17\" data-end=\"44\">Rhabarber und Holunderbl\u00fcten<\/strong> mit einer fruchtig-spritzigen, leicht blumigen Note. Die <strong data-start=\"93\" data-end=\"112\">schlank, <\/strong>Die komplett wei\u00dfen Beutel sitzen diskret und bequem unter der Lippe und k\u00f6nnen jederzeit sauber verwendet werden. Jeder Beutel enth\u00e4lt <strong data-start=\"210\" data-end=\"230\">19,5 mg Nikotin<\/strong>, Sie liefert einen starken Kick f\u00fcr erfahrene Konsumenten, hergestellt von der 77 Group in einem tabakfreien Format.<\/p>","protected":false},"featured_media":27950,"comment_status":"open","ping_status":"closed","template":"","format":[206],"meta":{"_acf_changed":false},"product_brand":[],"product_cat":[239],"product_tag":[16557],"flavours":[196],"nicotine":[221,232],"class_list":{"0":"post-27946","1":"product","2":"type-product","3":"status-publish","4":"has-post-thumbnail","6":"product_cat-bjorn","7":"product_tag-19-5-mg-pouch","8":"pa_quantity-1-pack","9":"pa_quantity-10-pack","10":"pa_quantity-3-pack","11":"pa_quantity-30-pack","12":"pa_quantity-5-pack","13":"pa_quantity-60-pack","14":"flavours-fruits-berries","15":"format-slim","16":"nicotine-30-mg-g","17":"nicotine-extra-strong","19":"first","20":"instock","21":"taxable","22":"shipping-taxable","23":"purchasable","24":"product-type-variable","25":"has-default-attributes"},"acf":[],"_links":{"self":[{"href":"https:\/\/whitelip.com\/de\/wp-json\/wp\/v2\/product\/27946","targetHints":{"allow":["GET"]}}],"collection":[{"href":"https:\/\/whitelip.com\/de\/wp-json\/wp\/v2\/product"}],"about":[{"href":"https:\/\/whitelip.com\/de\/wp-json\/wp\/v2\/types\/product"}],"replies":[{"embeddable":true,"href":"https:\/\/whitelip.com\/de\/wp-json\/wp\/v2\/comments?post=27946"}],"wp:featuredmedia":[{"embeddable":true,"href":"https:\/\/whitelip.com\/de\/wp-json\/wp\/v2\/media\/27950"}],"wp:attachment":[{"href":"https:\/\/whitelip.com\/de\/wp-json\/wp\/v2\/media?parent=27946"}],"wp:term":[{"taxonomy":"product_brand","embeddable":true,"href":"https:\/\/whitelip.com\/de\/wp-json\/wp\/v2\/product_brand?post=27946"},{"taxonomy":"product_cat","embeddable":true,"href":"https:\/\/whitelip.com\/de\/wp-json\/wp\/v2\/product_cat?post=27946"},{"taxonomy":"product_tag","embeddable":true,"href":"https:\/\/whitelip.com\/de\/wp-json\/wp\/v2\/product_tag?post=27946"},{"taxonomy":"flavours","embeddable":true,"href":"https:\/\/whitelip.com\/de\/wp-json\/wp\/v2\/flavours?post=27946"},{"taxonomy":"format","embeddable":true,"href":"https:\/\/whitelip.com\/de\/wp-json\/wp\/v2\/format?post=27946"},{"taxonomy":"nicotine","embeddable":true,"href":"https:\/\/whitelip.com\/de\/wp-json\/wp\/v2\/nicotine?post=27946"}],"curies":[{"name":"wp","href":"https:\/\/api.w.org\/{rel}","templated":true}]}}