{"id":26823,"date":"2025-09-24T11:03:13","date_gmt":"2025-09-24T11:03:13","guid":{"rendered":"https:\/\/whitelip.com\/?post_type=product&#038;p=26823"},"modified":"2026-04-18T17:52:19","modified_gmt":"2026-04-18T17:52:19","slug":"vont-havana-cola-extra-strong","status":"publish","type":"product","link":"https:\/\/whitelip.com\/de\/vont\/vont-havana-cola-extra-strong\/","title":{"rendered":"VONT Havana Cola Extra Stark"},"content":{"rendered":"<h2><strong>VONT Havana Cola Extra Stark<\/strong><\/h2>\n<p><span style=\"font-weight: 400;\">VONT Havana Cola Extra Strong Nikotinbeutel fangen den klassischen Colageschmack mit einem Hauch von Karamells\u00fc\u00dfe und einem erfrischenden Twist ein, jetzt kombiniert mit maximaler Nikotinst\u00e4rke. Im schlanken Format f\u00fcr diskreten und komfortablen Gebrauch liefert jeder Beutel 24 mg Nikotin pro Gramm, was etwa 12 mg pro Beutel entspricht. Havana Cola Extra Strong eignet sich perfekt f\u00fcr erfahrene Raucher, die einen kr\u00e4ftigen Geschmack mit hoher Intensit\u00e4t m\u00f6gen, und bietet ein einzigartiges Geschmackserlebnis, ohne die Z\u00e4hne zu verf\u00e4rben. Die von VONT AB in Schweden hergestellte Marke ist bekannt f\u00fcr ihre innovativen Geschmacksrichtungen, ihren modernen Stil und ihre gleichbleibende Qualit\u00e4t.<\/span><\/p>\n<table>\n<tbody>\n<tr>\n<td><b>Attribut<\/b><\/td>\n<td><b>Einzelheiten<\/b><\/td>\n<\/tr>\n<tr>\n<td><b>Inhalt pro Dose<\/b><\/td>\n<td><span style=\"font-weight: 400;\">10g (20 Beutel)<\/span><\/td>\n<\/tr>\n<tr>\n<td><b>Nikotingehalt<\/b><\/td>\n<td><span style=\"font-weight: 400;\">24 mg\/g (12 mg pro Beutel)<\/span><\/td>\n<\/tr>\n<tr>\n<td><b>Format des Beutels<\/b><\/td>\n<td><span style=\"font-weight: 400;\">Schlank<\/span><\/td>\n<\/tr>\n<tr>\n<td><b>Produzent<\/b><\/td>\n<td><span style=\"font-weight: 400;\">VONT AB<\/span><\/td>\n<\/tr>\n<tr>\n<td><b>Geschmack<\/b><\/td>\n<td><span style=\"font-weight: 400;\">Cola<\/span><\/td>\n<\/tr>\n<tr>\n<td><b>Typ<\/b><\/td>\n<td><span style=\"font-weight: 400;\">Ganz wei\u00dfe Tasche<\/span><\/td>\n<\/tr>\n<\/tbody>\n<\/table>","protected":false},"excerpt":{"rendered":"<p>VONT <strong data-start=\"5\" data-end=\"20\">Havanna Cola<\/strong> <strong data-start=\"21\" data-end=\"37\">Extra stark<\/strong> liefert klassische Cola mit Karamells\u00fc\u00dfe und einem erfrischenden Twist bei maximaler Intensit\u00e4t. Die <strong data-start=\"132\" data-end=\"140\">schlank<\/strong> Die Beutel sind diskret und vermeiden Zahnverf\u00e4rbungen. Jeder Beutel enth\u00e4lt <strong>12 mg Nikotin<\/strong> (24 mg\/g) f\u00fcr einen kr\u00e4ftigen Kick. Produziert von VONT AB in Schweden, bekannt f\u00fcr innovative Geschmacksrichtungen, modernen Stil und gleichbleibende Qualit\u00e4t.<\/p>","protected":false},"featured_media":26828,"comment_status":"open","ping_status":"closed","template":"","format":[206],"meta":{"_acf_changed":false},"product_brand":[],"product_cat":[238],"product_tag":[16561],"flavours":[193],"nicotine":[232,217],"class_list":{"0":"post-26823","1":"product","2":"type-product","3":"status-publish","4":"has-post-thumbnail","6":"product_cat-vont","7":"product_tag-12-mg-pouch","8":"pa_quantity-1-pack","9":"pa_quantity-10-pack","10":"pa_quantity-3-pack","11":"pa_quantity-30-pack","12":"pa_quantity-5-pack","13":"pa_quantity-60-pack","14":"flavours-cola","15":"format-slim","16":"nicotine-extra-strong","17":"nicotine-24-mg-g","19":"first","20":"instock","21":"taxable","22":"shipping-taxable","23":"purchasable","24":"product-type-variable","25":"has-default-attributes"},"acf":[],"_links":{"self":[{"href":"https:\/\/whitelip.com\/de\/wp-json\/wp\/v2\/product\/26823","targetHints":{"allow":["GET"]}}],"collection":[{"href":"https:\/\/whitelip.com\/de\/wp-json\/wp\/v2\/product"}],"about":[{"href":"https:\/\/whitelip.com\/de\/wp-json\/wp\/v2\/types\/product"}],"replies":[{"embeddable":true,"href":"https:\/\/whitelip.com\/de\/wp-json\/wp\/v2\/comments?post=26823"}],"wp:featuredmedia":[{"embeddable":true,"href":"https:\/\/whitelip.com\/de\/wp-json\/wp\/v2\/media\/26828"}],"wp:attachment":[{"href":"https:\/\/whitelip.com\/de\/wp-json\/wp\/v2\/media?parent=26823"}],"wp:term":[{"taxonomy":"product_brand","embeddable":true,"href":"https:\/\/whitelip.com\/de\/wp-json\/wp\/v2\/product_brand?post=26823"},{"taxonomy":"product_cat","embeddable":true,"href":"https:\/\/whitelip.com\/de\/wp-json\/wp\/v2\/product_cat?post=26823"},{"taxonomy":"product_tag","embeddable":true,"href":"https:\/\/whitelip.com\/de\/wp-json\/wp\/v2\/product_tag?post=26823"},{"taxonomy":"flavours","embeddable":true,"href":"https:\/\/whitelip.com\/de\/wp-json\/wp\/v2\/flavours?post=26823"},{"taxonomy":"format","embeddable":true,"href":"https:\/\/whitelip.com\/de\/wp-json\/wp\/v2\/format?post=26823"},{"taxonomy":"nicotine","embeddable":true,"href":"https:\/\/whitelip.com\/de\/wp-json\/wp\/v2\/nicotine?post=26823"}],"curies":[{"name":"wp","href":"https:\/\/api.w.org\/{rel}","templated":true}]}}