{"id":26818,"date":"2025-09-24T11:03:13","date_gmt":"2025-09-24T11:03:13","guid":{"rendered":"https:\/\/whitelip.com\/?post_type=product&#038;p=26818"},"modified":"2026-04-29T10:11:21","modified_gmt":"2026-04-29T10:11:21","slug":"vont-fresh-mint-extra-strong","status":"publish","type":"product","link":"https:\/\/whitelip.com\/de\/vont\/vont-fresh-mint-extra-strong\/","title":{"rendered":"VONT Frische Minze Extra Stark"},"content":{"rendered":"<h2><strong>VONT Frische Minze Extra Stark<\/strong><\/h2>\n<p><span style=\"font-weight: 400;\">VONT Fresh Mint Extra Strong Nikotinbeutel liefern ein intensives Minzgef\u00fchl, das sowohl knackig als auch k\u00fchlend ist und einen erfrischenden Kick mit maximaler St\u00e4rke bietet. Entworfen im schlanken Format f\u00fcr diskreten und komfortablen Gebrauch, liefert jeder Beutel 24 mg Nikotin pro Gramm, was etwa 12 mg pro Beutel entspricht. Fresh Mint Extra Strong ist perfekt f\u00fcr erfahrene Raucher, die einen sauberen, belebenden Geschmack mit hoher Nikotinintensit\u00e4t w\u00fcnschen, und garantiert Frische, ohne die Z\u00e4hne zu verf\u00e4rben. Die von VONT AB in Schweden hergestellte Marke ist f\u00fcr ihr modernes Design, ihre hohe Qualit\u00e4t und ihre konstante Leistung bekannt.<\/span><\/p>\n<table>\n<tbody>\n<tr>\n<td><b>Attribut<\/b><\/td>\n<td><b>Einzelheiten<\/b><\/td>\n<\/tr>\n<tr>\n<td><b>Inhalt pro Dose<\/b><\/td>\n<td><span style=\"font-weight: 400;\">10g (20 Beutel)<\/span><\/td>\n<\/tr>\n<tr>\n<td><b>Nikotingehalt<\/b><\/td>\n<td><span style=\"font-weight: 400;\">24 mg\/g (12 mg pro Beutel)<\/span><\/td>\n<\/tr>\n<tr>\n<td><b>Format des Beutels<\/b><\/td>\n<td><span style=\"font-weight: 400;\">Schlank<\/span><\/td>\n<\/tr>\n<tr>\n<td><b>Produzent<\/b><\/td>\n<td><span style=\"font-weight: 400;\">VONT AB<\/span><\/td>\n<\/tr>\n<tr>\n<td><b>Geschmack<\/b><\/td>\n<td><span style=\"font-weight: 400;\">Frische Minze<\/span><\/td>\n<\/tr>\n<tr>\n<td><b>Typ<\/b><\/td>\n<td><span style=\"font-weight: 400;\">Ganz wei\u00dfe Tasche<\/span><\/td>\n<\/tr>\n<\/tbody>\n<\/table>","protected":false},"excerpt":{"rendered":"<p>VONT <strong data-start=\"5\" data-end=\"19\">Frische Minze<\/strong> <strong data-start=\"20\" data-end=\"36\">Extra stark<\/strong> liefert eine knackige, k\u00fchlende Minze mit maximaler Intensit\u00e4t. Die <strong data-start=\"96\" data-end=\"104\">schlank<\/strong> Beutel sind diskret und bequem und vermeiden Zahnverf\u00e4rbungen. Jeder Beutel enth\u00e4lt<strong> 12 mg Nikotin<\/strong> (24 mg\/g) f\u00fcr einen kr\u00e4ftigen, erfrischenden Kick. Produziert von VONT AB in Schweden, bekannt f\u00fcr modernes Design, hohe Qualit\u00e4t und gleichbleibende Leistung.<\/p>","protected":false},"featured_media":26822,"comment_status":"open","ping_status":"closed","template":"","format":[206],"meta":{"_acf_changed":false},"product_brand":[],"product_cat":[238],"product_tag":[16605],"flavours":[199],"nicotine":[232,217],"class_list":{"0":"post-26818","1":"product","2":"type-product","3":"status-publish","4":"has-post-thumbnail","6":"product_cat-vont","7":"product_tag-30-mg-pouch","8":"pa_quantity-1-pack","9":"pa_quantity-10-pack","10":"pa_quantity-3-pack","11":"pa_quantity-30-pack","12":"pa_quantity-5-pack","13":"pa_quantity-60-pack","14":"flavours-mint","15":"format-slim","16":"nicotine-extra-strong","17":"nicotine-24-mg-g","19":"first","20":"instock","21":"taxable","22":"shipping-taxable","23":"purchasable","24":"product-type-variable","25":"has-default-attributes"},"acf":[],"_links":{"self":[{"href":"https:\/\/whitelip.com\/de\/wp-json\/wp\/v2\/product\/26818","targetHints":{"allow":["GET"]}}],"collection":[{"href":"https:\/\/whitelip.com\/de\/wp-json\/wp\/v2\/product"}],"about":[{"href":"https:\/\/whitelip.com\/de\/wp-json\/wp\/v2\/types\/product"}],"replies":[{"embeddable":true,"href":"https:\/\/whitelip.com\/de\/wp-json\/wp\/v2\/comments?post=26818"}],"wp:featuredmedia":[{"embeddable":true,"href":"https:\/\/whitelip.com\/de\/wp-json\/wp\/v2\/media\/26822"}],"wp:attachment":[{"href":"https:\/\/whitelip.com\/de\/wp-json\/wp\/v2\/media?parent=26818"}],"wp:term":[{"taxonomy":"product_brand","embeddable":true,"href":"https:\/\/whitelip.com\/de\/wp-json\/wp\/v2\/product_brand?post=26818"},{"taxonomy":"product_cat","embeddable":true,"href":"https:\/\/whitelip.com\/de\/wp-json\/wp\/v2\/product_cat?post=26818"},{"taxonomy":"product_tag","embeddable":true,"href":"https:\/\/whitelip.com\/de\/wp-json\/wp\/v2\/product_tag?post=26818"},{"taxonomy":"flavours","embeddable":true,"href":"https:\/\/whitelip.com\/de\/wp-json\/wp\/v2\/flavours?post=26818"},{"taxonomy":"format","embeddable":true,"href":"https:\/\/whitelip.com\/de\/wp-json\/wp\/v2\/format?post=26818"},{"taxonomy":"nicotine","embeddable":true,"href":"https:\/\/whitelip.com\/de\/wp-json\/wp\/v2\/nicotine?post=26818"}],"curies":[{"name":"wp","href":"https:\/\/api.w.org\/{rel}","templated":true}]}}