{"id":14226,"date":"2025-08-20T11:05:21","date_gmt":"2025-08-20T11:05:21","guid":{"rendered":"https:\/\/whitelip.com\/?post_type=product&#038;p=14226"},"modified":"2026-05-08T10:11:37","modified_gmt":"2026-05-08T10:11:37","slug":"nois-extreme-50mg","status":"publish","type":"product","link":"https:\/\/whitelip.com\/de\/nois\/nois-extreme-50mg\/","title":{"rendered":"NOIS Extrem 50mg"},"content":{"rendered":"<h2><strong>NOIS Extrem 50mg<\/strong><\/h2>\n<p><span style=\"font-weight: 400;\">NOIS Extreme 50mg liefert ein <\/span><b>blisternd intensive Minzempfindung<\/b><span style=\"font-weight: 400;\"> f\u00fcr die erfahrensten Nikotinverwender entwickelt. Mit einer Formel mit maximaler St\u00e4rke ist dieser Beutel nichts f\u00fcr schwache Nerven. Jeder schlanke Beutel enth\u00e4lt einen atemberaubenden <\/span><b>25 mg Nikotin<\/b><span style=\"font-weight: 400;\"> (50 mg\/g) f\u00fcr eine schnelle und anhaltende Freisetzung, die hart und schnell wirkt.<\/span><\/p>\n<p><span style=\"font-weight: 400;\">Diese durchg\u00e4ngig wei\u00dfen, tabakfreien Beutel werden aus hochwertigen pflanzlichen Inhaltsstoffen hergestellt und sorgen f\u00fcr ein sauberes und intensives Erlebnis, ohne die Z\u00e4hne zu verf\u00e4rben. Das schlanke Format passt diskret unter die Lippe und liefert bei jeder Anwendung einen starken K\u00fchleffekt. NOIS Extreme 50mg ist die ultimative Wahl f\u00fcr Anwender, die die h\u00f6chstm\u00f6gliche Intensit\u00e4t fordern.<\/span><\/p>\n<table>\n<tbody>\n<tr>\n<td><b>Attribut<\/b><\/td>\n<td><b>Einzelheiten<\/b><\/td>\n<\/tr>\n<tr>\n<td><b>Marke<\/b><\/td>\n<td><span style=\"font-weight: 400;\">NOIS<\/span><\/td>\n<\/tr>\n<tr>\n<td><b>Produkttyp<\/b><\/td>\n<td><span style=\"font-weight: 400;\">Alle wei\u00dfen Nikotinbeutel<\/span><\/td>\n<\/tr>\n<tr>\n<td><b>Format<\/b><\/td>\n<td><span style=\"font-weight: 400;\">Schlank<\/span><\/td>\n<\/tr>\n<tr>\n<td><b>Geschmack<\/b><\/td>\n<td><span style=\"font-weight: 400;\">Minze<\/span><\/td>\n<\/tr>\n<tr>\n<td><b>Nikotinst\u00e4rke<\/b><\/td>\n<td><span style=\"font-weight: 400;\">25 mg pro Beutel (50 mg\/g)<\/span><\/td>\n<\/tr>\n<tr>\n<td><b>Portion Gewicht<\/b><\/td>\n<td><span style=\"font-weight: 400;\">0,5 Gramm<\/span><\/td>\n<\/tr>\n<tr>\n<td><b>Anzahl der Portionen<\/b><\/td>\n<td><span style=\"font-weight: 400;\">27 pro Dose<\/span><\/td>\n<\/tr>\n<tr>\n<td><b>Gesamtgewicht der Dose<\/b><\/td>\n<td><span style=\"font-weight: 400;\">11 Gramm<\/span><\/td>\n<\/tr>\n<tr>\n<td><b>Hersteller<\/b><\/td>\n<td><span style=\"font-weight: 400;\">HRJ Production O\u00dc<\/span><\/td>\n<\/tr>\n<tr>\n<td><b>Bemerkenswerte Merkmale<\/b><\/td>\n<td><span style=\"font-weight: 400;\">Tabakfrei, Slim-Format, extrem starker Minzgeschmack, f\u00fcr fortgeschrittene Anwender konzipiert<\/span><\/td>\n<\/tr>\n<\/tbody>\n<\/table>","protected":false},"excerpt":{"rendered":"<p><span style=\"font-weight: 400;\">NOIS Extreme 50mg liefert ein <\/span><b>blisternd intensive Minzempfindung<\/b><span style=\"font-weight: 400;\"> f\u00fcr die erfahrensten Nikotinverwender entwickelt. Mit einer Formel mit maximaler St\u00e4rke ist dieser Beutel nichts f\u00fcr schwache Nerven. Jeder schlanke Beutel enth\u00e4lt einen atemberaubenden <\/span><b>25 mg Nikotin<\/b><span style=\"font-weight: 400;\"> (50 mg\/g) f\u00fcr eine schnelle und anhaltende Freisetzung, die hart und schnell wirkt.<\/span><\/p>","protected":false},"featured_media":14230,"comment_status":"open","ping_status":"closed","template":"","format":[206],"meta":{"_acf_changed":false},"product_brand":[],"product_cat":[127],"product_tag":[16510,16589],"flavours":[199],"nicotine":[226,233],"class_list":{"0":"post-14226","1":"product","2":"type-product","3":"status-publish","4":"has-post-thumbnail","6":"product_cat-nois","7":"product_tag-12-off","8":"product_tag-25-mg-pouch","9":"pa_quantity-1-pack","10":"pa_quantity-10-pack","11":"pa_quantity-3-pack","12":"pa_quantity-30-pack","13":"pa_quantity-5-pack","14":"pa_quantity-60-pack","15":"flavours-mint","16":"format-slim","17":"nicotine-50-mg-g","18":"nicotine-extreme","20":"first","21":"instock","22":"sale","23":"taxable","24":"shipping-taxable","25":"purchasable","26":"product-type-variable","27":"has-default-attributes"},"acf":[],"_links":{"self":[{"href":"https:\/\/whitelip.com\/de\/wp-json\/wp\/v2\/product\/14226","targetHints":{"allow":["GET"]}}],"collection":[{"href":"https:\/\/whitelip.com\/de\/wp-json\/wp\/v2\/product"}],"about":[{"href":"https:\/\/whitelip.com\/de\/wp-json\/wp\/v2\/types\/product"}],"replies":[{"embeddable":true,"href":"https:\/\/whitelip.com\/de\/wp-json\/wp\/v2\/comments?post=14226"}],"wp:featuredmedia":[{"embeddable":true,"href":"https:\/\/whitelip.com\/de\/wp-json\/wp\/v2\/media\/14230"}],"wp:attachment":[{"href":"https:\/\/whitelip.com\/de\/wp-json\/wp\/v2\/media?parent=14226"}],"wp:term":[{"taxonomy":"product_brand","embeddable":true,"href":"https:\/\/whitelip.com\/de\/wp-json\/wp\/v2\/product_brand?post=14226"},{"taxonomy":"product_cat","embeddable":true,"href":"https:\/\/whitelip.com\/de\/wp-json\/wp\/v2\/product_cat?post=14226"},{"taxonomy":"product_tag","embeddable":true,"href":"https:\/\/whitelip.com\/de\/wp-json\/wp\/v2\/product_tag?post=14226"},{"taxonomy":"flavours","embeddable":true,"href":"https:\/\/whitelip.com\/de\/wp-json\/wp\/v2\/flavours?post=14226"},{"taxonomy":"format","embeddable":true,"href":"https:\/\/whitelip.com\/de\/wp-json\/wp\/v2\/format?post=14226"},{"taxonomy":"nicotine","embeddable":true,"href":"https:\/\/whitelip.com\/de\/wp-json\/wp\/v2\/nicotine?post=14226"}],"curies":[{"name":"wp","href":"https:\/\/api.w.org\/{rel}","templated":true}]}}