{"id":14221,"date":"2025-08-20T11:05:21","date_gmt":"2025-08-20T11:05:21","guid":{"rendered":"https:\/\/whitelip.com\/?post_type=product&#038;p=14221"},"modified":"2026-04-14T00:45:19","modified_gmt":"2026-04-14T00:45:19","slug":"nois-cool-strong-mini-35mg","status":"publish","type":"product","link":"https:\/\/whitelip.com\/de\/nois\/nois-cool-strong-mini-35mg\/","title":{"rendered":"NOIS Cool Strong Mini 35mg"},"content":{"rendered":"<h2><strong>NOIS Cool Strong Mini 35mg<\/strong><\/h2>\n<p><span style=\"font-weight: 400;\">NOIS Cool Strong Mini 35mg bietet eine <\/span><b>scharfes und eisiges Minzgef\u00fchl<\/b><span style=\"font-weight: 400;\"> verpackt in einem diskreten Minibeutel, perfekt f\u00fcr Anwender, die maximale St\u00e4rke ohne Kompromisse beim Komfort suchen. Dieser Beutel liefert eine <\/span><b>belebender K\u00fchleffekt mit 12,5 mg Nikotin<\/b><span style=\"font-weight: 400;\"> (35 mg\/g), zugeschnitten auf fortgeschrittene Nutzer, die eine lang anhaltende Intensit\u00e4t in einem kleinen Format ben\u00f6tigen.<\/span><\/p>\n<p><span style=\"font-weight: 400;\">Die vollwei\u00dfen Minibeutel sind tabakfrei und f\u00fcr ein sauberes Erlebnis konzipiert, das keine Zahnverf\u00e4rbungen verursacht. Mit 33 Portionen pro Dose und kompaktem Sitz unter der Lippe ist NOIS Cool Strong Mini ideal f\u00fcr Benutzer, die hohe Leistung, Diskretion und einen starken Minzausbruch jederzeit suchen.<\/span><\/p>\n<table>\n<tbody>\n<tr>\n<td><b>Attribut<\/b><\/td>\n<td><b>Einzelheiten<\/b><\/td>\n<\/tr>\n<tr>\n<td><b>Marke<\/b><\/td>\n<td><span style=\"font-weight: 400;\">NOIS<\/span><\/td>\n<\/tr>\n<tr>\n<td><b>Produkttyp<\/b><\/td>\n<td><span style=\"font-weight: 400;\">Alle wei\u00dfen Nikotinbeutel<\/span><\/td>\n<\/tr>\n<tr>\n<td><b>Format<\/b><\/td>\n<td><span style=\"font-weight: 400;\">Mini<\/span><\/td>\n<\/tr>\n<tr>\n<td><b>Geschmack<\/b><\/td>\n<td><span style=\"font-weight: 400;\">Minze<\/span><\/td>\n<\/tr>\n<tr>\n<td><b>Nikotinst\u00e4rke<\/b><\/td>\n<td><span style=\"font-weight: 400;\">12,5 mg pro Beutel (35 mg\/g)<\/span><\/td>\n<\/tr>\n<tr>\n<td><b>Portion Gewicht<\/b><\/td>\n<td><span style=\"font-weight: 400;\">0,36 Gramm<\/span><\/td>\n<\/tr>\n<tr>\n<td><b>Anzahl der Portionen<\/b><\/td>\n<td><span style=\"font-weight: 400;\">33 pro Dose<\/span><\/td>\n<\/tr>\n<tr>\n<td><b>Gesamtgewicht der Dose<\/b><\/td>\n<td><span style=\"font-weight: 400;\">11,9 Gramm<\/span><\/td>\n<\/tr>\n<tr>\n<td><b>Hersteller<\/b><\/td>\n<td><span style=\"font-weight: 400;\">HRJ Production O\u00dc<\/span><\/td>\n<\/tr>\n<tr>\n<td><b>Bemerkenswerte Merkmale<\/b><\/td>\n<td><span style=\"font-weight: 400;\">Tabakfrei, Mini-Format, extra-stark Minze mit kompakter und diskreter Abgabe<\/span><\/td>\n<\/tr>\n<\/tbody>\n<\/table>","protected":false},"excerpt":{"rendered":"<p><span style=\"font-weight: 400;\">NOIS Cool Strong Mini 35mg bietet eine <\/span><b>scharfes und eisiges Minzgef\u00fchl<\/b><span style=\"font-weight: 400;\"> verpackt in einem diskreten Minibeutel, perfekt f\u00fcr Anwender, die maximale St\u00e4rke ohne Kompromisse beim Komfort suchen. Dieser Beutel liefert eine <\/span><b>belebender K\u00fchleffekt mit 12,5 mg Nikotin<\/b><span style=\"font-weight: 400;\"> (35 mg\/g), zugeschnitten auf fortgeschrittene Nutzer, die eine lang anhaltende Intensit\u00e4t in einem kleinen Format ben\u00f6tigen.<\/span><\/p>","protected":false},"featured_media":14225,"comment_status":"open","ping_status":"closed","template":"","format":[205],"meta":{"_acf_changed":false},"product_brand":[],"product_cat":[127],"product_tag":[16775,16510],"flavours":[199],"nicotine":[223,233],"class_list":{"0":"post-14221","1":"product","2":"type-product","3":"status-publish","4":"has-post-thumbnail","6":"product_cat-nois","7":"product_tag-12-5-mg-pouch","8":"product_tag-12-off","9":"pa_quantity-1-pack","10":"pa_quantity-10-pack","11":"pa_quantity-3-pack","12":"pa_quantity-30-pack","13":"pa_quantity-5-pack","14":"pa_quantity-60-pack","15":"flavours-mint","16":"format-mini","17":"nicotine-35-mg-g","18":"nicotine-extreme","20":"first","21":"instock","22":"sale","23":"taxable","24":"shipping-taxable","25":"purchasable","26":"product-type-variable","27":"has-default-attributes"},"acf":[],"_links":{"self":[{"href":"https:\/\/whitelip.com\/de\/wp-json\/wp\/v2\/product\/14221","targetHints":{"allow":["GET"]}}],"collection":[{"href":"https:\/\/whitelip.com\/de\/wp-json\/wp\/v2\/product"}],"about":[{"href":"https:\/\/whitelip.com\/de\/wp-json\/wp\/v2\/types\/product"}],"replies":[{"embeddable":true,"href":"https:\/\/whitelip.com\/de\/wp-json\/wp\/v2\/comments?post=14221"}],"wp:featuredmedia":[{"embeddable":true,"href":"https:\/\/whitelip.com\/de\/wp-json\/wp\/v2\/media\/14225"}],"wp:attachment":[{"href":"https:\/\/whitelip.com\/de\/wp-json\/wp\/v2\/media?parent=14221"}],"wp:term":[{"taxonomy":"product_brand","embeddable":true,"href":"https:\/\/whitelip.com\/de\/wp-json\/wp\/v2\/product_brand?post=14221"},{"taxonomy":"product_cat","embeddable":true,"href":"https:\/\/whitelip.com\/de\/wp-json\/wp\/v2\/product_cat?post=14221"},{"taxonomy":"product_tag","embeddable":true,"href":"https:\/\/whitelip.com\/de\/wp-json\/wp\/v2\/product_tag?post=14221"},{"taxonomy":"flavours","embeddable":true,"href":"https:\/\/whitelip.com\/de\/wp-json\/wp\/v2\/flavours?post=14221"},{"taxonomy":"format","embeddable":true,"href":"https:\/\/whitelip.com\/de\/wp-json\/wp\/v2\/format?post=14221"},{"taxonomy":"nicotine","embeddable":true,"href":"https:\/\/whitelip.com\/de\/wp-json\/wp\/v2\/nicotine?post=14221"}],"curies":[{"name":"wp","href":"https:\/\/api.w.org\/{rel}","templated":true}]}}