{"id":14216,"date":"2025-08-20T11:05:21","date_gmt":"2025-08-20T11:05:21","guid":{"rendered":"https:\/\/whitelip.com\/?post_type=product&#038;p=14216"},"modified":"2026-05-08T10:11:37","modified_gmt":"2026-05-08T10:11:37","slug":"nois-cherry-ice-25mg","status":"publish","type":"product","link":"https:\/\/whitelip.com\/de\/nois\/nois-cherry-ice-25mg\/","title":{"rendered":"NOIS Kirsche Eis 25mg"},"content":{"rendered":"<h2><strong>NOIS Kirsche Eis 25mg<\/strong><\/h2>\n<p><span style=\"font-weight: 400;\">NOIS Cherry Ice liefert ein <\/span><b>kr\u00e4ftiger Kirschgeschmack, gepaart mit eisigem Menthol<\/b><span style=\"font-weight: 400;\">, ein fruchtig-frisches Gef\u00fchl in jedem Beutel. Dieses Produkt wurde f\u00fcr erfahrene Benutzer entwickelt und kombiniert <\/span><b>s\u00fc\u00dfe Beerennote mit starkem K\u00fchleffekt<\/b><span style=\"font-weight: 400;\"> eine dynamische Nikotinerfahrung zu bieten. Jeder schlanke Beutel enth\u00e4lt <\/span><b>12,5 mg Nikotin<\/b><span style=\"font-weight: 400;\"> (25 mg\/g), was es zu einer der starken Optionen im NOIS-Sortiment macht.<\/span><\/p>\n<p><span style=\"font-weight: 400;\">Diese tabakfreien, komplett wei\u00dfen Pouches wurden f\u00fcr ein sauberes Anwendungserlebnis entwickelt, ohne die Z\u00e4hne zu verf\u00e4rben. Das schlanke Design sorgt f\u00fcr einen bequemen, diskreten Sitz unter der Lippe. NOIS Cherry Ice 25mg ist ideal f\u00fcr Benutzer, die einen geschmacksintensiven und nikotinstarken Beutel suchen.<\/span><\/p>\n<table>\n<tbody>\n<tr>\n<td><b>Attribut<\/b><\/td>\n<td><b>Einzelheiten<\/b><\/td>\n<\/tr>\n<tr>\n<td><b>Marke<\/b><\/td>\n<td><span style=\"font-weight: 400;\">NOIS<\/span><\/td>\n<\/tr>\n<tr>\n<td><b>Produkttyp<\/b><\/td>\n<td><span style=\"font-weight: 400;\">Alle wei\u00dfen Nikotinbeutel<\/span><\/td>\n<\/tr>\n<tr>\n<td><b>Format<\/b><\/td>\n<td><span style=\"font-weight: 400;\">Schlank<\/span><\/td>\n<\/tr>\n<tr>\n<td><b>Geschmack<\/b><\/td>\n<td><span style=\"font-weight: 400;\">Kirsch, Menthol<\/span><\/td>\n<\/tr>\n<tr>\n<td><b>Nikotinst\u00e4rke<\/b><\/td>\n<td><span style=\"font-weight: 400;\">12,5 mg pro Beutel (25 mg\/g)<\/span><\/td>\n<\/tr>\n<tr>\n<td><b>Portion Gewicht<\/b><\/td>\n<td><span style=\"font-weight: 400;\">0,5 Gramm<\/span><\/td>\n<\/tr>\n<tr>\n<td><b>Anzahl der Portionen<\/b><\/td>\n<td><span style=\"font-weight: 400;\">22 pro Dose<\/span><\/td>\n<\/tr>\n<tr>\n<td><b>Gesamtgewicht der Dose<\/b><\/td>\n<td><span style=\"font-weight: 400;\">11 Gramm<\/span><\/td>\n<\/tr>\n<tr>\n<td><b>Hersteller<\/b><\/td>\n<td><span style=\"font-weight: 400;\">HRJ Production O\u00dc<\/span><\/td>\n<\/tr>\n<tr>\n<td><b>Bemerkenswerte Merkmale<\/b><\/td>\n<td><span style=\"font-weight: 400;\">Tabakfrei, Slim-Format, starker Kirsch-Menthol-Geschmack, ultrahoher Nikotingehalt<\/span><\/td>\n<\/tr>\n<\/tbody>\n<\/table>","protected":false},"excerpt":{"rendered":"<p><span style=\"font-weight: 400;\">NOIS Cherry Ice liefert ein <\/span><b>kr\u00e4ftiger Kirschgeschmack, gepaart mit eisigem Menthol<\/b><span style=\"font-weight: 400;\">, ein fruchtig-frisches Gef\u00fchl in jedem Beutel. Dieses Produkt wurde f\u00fcr erfahrene Benutzer entwickelt und kombiniert <\/span><b>s\u00fc\u00dfe Beerennote mit starkem K\u00fchleffekt<\/b><span style=\"font-weight: 400;\"> eine dynamische Nikotinerfahrung zu bieten. Jeder schlanke Beutel enth\u00e4lt <\/span><b>12,5 mg Nikotin<\/b><span style=\"font-weight: 400;\"> (25 mg\/g), was es zu einer der starken Optionen im NOIS-Sortiment macht.<\/span><\/p>","protected":false},"featured_media":14220,"comment_status":"open","ping_status":"closed","template":"","format":[206],"meta":{"_acf_changed":false},"product_brand":[],"product_cat":[127],"product_tag":[16775,16510],"flavours":[196,199],"nicotine":[232,219],"class_list":{"0":"post-14216","1":"product","2":"type-product","3":"status-publish","4":"has-post-thumbnail","6":"product_cat-nois","7":"product_tag-12-5-mg-pouch","8":"product_tag-12-off","9":"pa_quantity-1-pack","10":"pa_quantity-10-pack","11":"pa_quantity-3-pack","12":"pa_quantity-30-pack","13":"pa_quantity-5-pack","14":"pa_quantity-60-pack","15":"flavours-fruits-berries","16":"flavours-mint","17":"format-slim","18":"nicotine-extra-strong","19":"nicotine-25-mg-g","21":"first","22":"outofstock","23":"sale","24":"taxable","25":"shipping-taxable","26":"purchasable","27":"product-type-variable","28":"has-default-attributes"},"acf":[],"_links":{"self":[{"href":"https:\/\/whitelip.com\/de\/wp-json\/wp\/v2\/product\/14216","targetHints":{"allow":["GET"]}}],"collection":[{"href":"https:\/\/whitelip.com\/de\/wp-json\/wp\/v2\/product"}],"about":[{"href":"https:\/\/whitelip.com\/de\/wp-json\/wp\/v2\/types\/product"}],"replies":[{"embeddable":true,"href":"https:\/\/whitelip.com\/de\/wp-json\/wp\/v2\/comments?post=14216"}],"wp:featuredmedia":[{"embeddable":true,"href":"https:\/\/whitelip.com\/de\/wp-json\/wp\/v2\/media\/14220"}],"wp:attachment":[{"href":"https:\/\/whitelip.com\/de\/wp-json\/wp\/v2\/media?parent=14216"}],"wp:term":[{"taxonomy":"product_brand","embeddable":true,"href":"https:\/\/whitelip.com\/de\/wp-json\/wp\/v2\/product_brand?post=14216"},{"taxonomy":"product_cat","embeddable":true,"href":"https:\/\/whitelip.com\/de\/wp-json\/wp\/v2\/product_cat?post=14216"},{"taxonomy":"product_tag","embeddable":true,"href":"https:\/\/whitelip.com\/de\/wp-json\/wp\/v2\/product_tag?post=14216"},{"taxonomy":"flavours","embeddable":true,"href":"https:\/\/whitelip.com\/de\/wp-json\/wp\/v2\/flavours?post=14216"},{"taxonomy":"format","embeddable":true,"href":"https:\/\/whitelip.com\/de\/wp-json\/wp\/v2\/format?post=14216"},{"taxonomy":"nicotine","embeddable":true,"href":"https:\/\/whitelip.com\/de\/wp-json\/wp\/v2\/nicotine?post=14216"}],"curies":[{"name":"wp","href":"https:\/\/api.w.org\/{rel}","templated":true}]}}