{"id":10785,"date":"2025-06-24T10:38:11","date_gmt":"2025-06-24T10:38:11","guid":{"rendered":"https:\/\/whitelip.com\/apres-blueberry-hyper-strong\/"},"modified":"2026-04-29T10:11:20","modified_gmt":"2026-04-29T10:11:20","slug":"apres-blueberry-hyper-strong","status":"publish","type":"product","link":"https:\/\/whitelip.com\/de\/apres\/apres-blueberry-hyper-strong\/","title":{"rendered":"APR\u00c8S Heidelbeere Hyp\u00e8r Strong"},"content":{"rendered":"<h2><strong>APR\u00c8S Heidelbeere Hyp\u00e8r Strong<\/strong><\/h2>\n<p><span style=\"font-weight: 400;\">APR\u00c8S Blueberry Hyp\u00e8r Strong Nikotinbeutel liefern einen intensiven Schub an s\u00fc\u00dfem und w\u00fcrzigem Blaubeergeschmack, entwickelt f\u00fcr diejenigen, die sich nach einem k\u00fchnen Beerenerlebnis sehnen. Jeder schlanke, ganz wei\u00dfe Beutel enth\u00e4lt 11 mg Nikotin und bietet eine starke und gleichm\u00e4\u00dfige Wirkung, die ideal f\u00fcr erfahrene Raucher ist. Das diskrete Format sorgt f\u00fcr Komfort und einfache Anwendung unter der Lippe und vermeidet gleichzeitig Zahnverf\u00e4rbungen. Die von APR\u00c8S Nicotine AB hergestellten Beutel kombinieren einen lebendigen Fruchtgeschmack mit starkem Nikotin in einem sauberen, tabakfreien Format.<\/span><\/p>\n<table>\n<tbody>\n<tr>\n<td><b>Attribut<\/b><\/td>\n<td><b>Einzelheiten<\/b><\/td>\n<\/tr>\n<tr>\n<td><b>Inhalt pro Dose<\/b><\/td>\n<td><span style=\"font-weight: 400;\">11g (20 Beutel)<\/span><\/td>\n<\/tr>\n<tr>\n<td><b>Nikotingehalt<\/b><\/td>\n<td><span style=\"font-weight: 400;\">20 mg\/g (11 mg pro Beutel)<\/span><\/td>\n<\/tr>\n<tr>\n<td><b>Format des Beutels<\/b><\/td>\n<td><span style=\"font-weight: 400;\">Schlank<\/span><\/td>\n<\/tr>\n<tr>\n<td><b>Produzent<\/b><\/td>\n<td><span style=\"font-weight: 400;\">APR\u00c8S Nicotine AB<\/span><\/td>\n<\/tr>\n<tr>\n<td><b>Geschmack<\/b><\/td>\n<td><span style=\"font-weight: 400;\">Blaubeere<\/span><\/td>\n<\/tr>\n<tr>\n<td><b>Typ<\/b><\/td>\n<td><span style=\"font-weight: 400;\">Ganz wei\u00dfe Tasche<\/span><\/td>\n<\/tr>\n<\/tbody>\n<\/table>","protected":false},"excerpt":{"rendered":"<p>Intensiv, s\u00fc\u00df und spritzig <strong data-start=\"25\" data-end=\"38\">Blaubeere<\/strong> f\u00fcr einen kr\u00e4ftigen Beeren-Hit. Die <strong data-start=\"65\" data-end=\"84\">schlank, <\/strong>Die ganz wei\u00dfen Beutel sitzen diskret und bequem unter der Lippe und k\u00f6nnen jeden Tag sauber verwendet werden. Jeder Beutel enth\u00e4lt <strong data-start=\"183\" data-end=\"201\">11 mg Nikotin<\/strong>, APR\u00c8S Nicotine AB liefert eine starke, gleichm\u00e4\u00dfige Wirkung, die ideal f\u00fcr erfahrene Konsumenten ist, in einem tabakfreien Format.<\/p>","protected":false},"featured_media":10786,"comment_status":"open","ping_status":"closed","template":"","format":[206],"meta":{"_acf_changed":false},"product_brand":[],"product_cat":[41],"product_tag":[16551],"flavours":[196],"nicotine":[218,232],"class_list":{"0":"post-10785","1":"product","2":"type-product","3":"status-publish","4":"has-post-thumbnail","6":"product_cat-apres","7":"product_tag-11-mg-pouch","8":"pa_quantity-1-pack","9":"pa_quantity-10-pack","10":"pa_quantity-3-pack","11":"pa_quantity-30-pack","12":"pa_quantity-5-pack","13":"pa_quantity-60-pack","14":"flavours-fruits-berries","15":"format-slim","16":"nicotine-20-mg-g","17":"nicotine-extra-strong","19":"first","20":"instock","21":"taxable","22":"shipping-taxable","23":"purchasable","24":"product-type-variable","25":"has-default-attributes"},"acf":[],"_links":{"self":[{"href":"https:\/\/whitelip.com\/de\/wp-json\/wp\/v2\/product\/10785","targetHints":{"allow":["GET"]}}],"collection":[{"href":"https:\/\/whitelip.com\/de\/wp-json\/wp\/v2\/product"}],"about":[{"href":"https:\/\/whitelip.com\/de\/wp-json\/wp\/v2\/types\/product"}],"replies":[{"embeddable":true,"href":"https:\/\/whitelip.com\/de\/wp-json\/wp\/v2\/comments?post=10785"}],"wp:featuredmedia":[{"embeddable":true,"href":"https:\/\/whitelip.com\/de\/wp-json\/wp\/v2\/media\/10786"}],"wp:attachment":[{"href":"https:\/\/whitelip.com\/de\/wp-json\/wp\/v2\/media?parent=10785"}],"wp:term":[{"taxonomy":"product_brand","embeddable":true,"href":"https:\/\/whitelip.com\/de\/wp-json\/wp\/v2\/product_brand?post=10785"},{"taxonomy":"product_cat","embeddable":true,"href":"https:\/\/whitelip.com\/de\/wp-json\/wp\/v2\/product_cat?post=10785"},{"taxonomy":"product_tag","embeddable":true,"href":"https:\/\/whitelip.com\/de\/wp-json\/wp\/v2\/product_tag?post=10785"},{"taxonomy":"flavours","embeddable":true,"href":"https:\/\/whitelip.com\/de\/wp-json\/wp\/v2\/flavours?post=10785"},{"taxonomy":"format","embeddable":true,"href":"https:\/\/whitelip.com\/de\/wp-json\/wp\/v2\/format?post=10785"},{"taxonomy":"nicotine","embeddable":true,"href":"https:\/\/whitelip.com\/de\/wp-json\/wp\/v2\/nicotine?post=10785"}],"curies":[{"name":"wp","href":"https:\/\/api.w.org\/{rel}","templated":true}]}}