{"id":10775,"date":"2025-06-24T10:38:12","date_gmt":"2025-06-24T10:38:12","guid":{"rendered":"https:\/\/whitelip.com\/apres-bananas\/"},"modified":"2026-05-01T10:10:45","modified_gmt":"2026-05-01T10:10:45","slug":"apres-bananas","status":"publish","type":"product","link":"https:\/\/whitelip.com\/de\/apres\/apres-bananas\/","title":{"rendered":"APR\u00c8S-Bananen"},"content":{"rendered":"<h2><b>APR\u00c8S-Bananen<\/b><\/h2>\n<p><span style=\"font-weight: 400;\">APR\u00c8S Bananas Nikotinbeutel liefern einen cremigen und s\u00fc\u00dfen Bananengeschmack, der an reife tropische Fr\u00fcchte erinnert. Dieses weiche und dessert\u00e4hnliche Profil bietet ein angenehmes und sanftes Erlebnis, ideal f\u00fcr Nutzer, die eine einzigartige und geschmackvolle Abwechslung suchen. Jeder schlanke, ganz wei\u00dfe Beutel enth\u00e4lt 4,4 mg Nikotin und bietet eine milde, aber dennoch befriedigende Wirkung. Mit ihrem diskreten Design und ihrer klaren Zusammensetzung ist APR\u00c8S Bananas eine tabakfreie Option, die von APR\u00c8S Nicotine AB entwickelt wurde, um Innovation, Geschmack und Alltagstauglichkeit zu vereinen.<\/span><\/p>\n<table>\n<tbody>\n<tr>\n<td><b>Attribut<\/b><\/td>\n<td><b>Einzelheiten<\/b><\/td>\n<\/tr>\n<tr>\n<td><b>Inhalt pro Dose<\/b><\/td>\n<td><span style=\"font-weight: 400;\">11g (20 Beutel)<\/span><\/td>\n<\/tr>\n<tr>\n<td><b>Nikotingehalt<\/b><\/td>\n<td><span style=\"font-weight: 400;\">8 mg\/g (4,4 mg pro Beutel)<\/span><\/td>\n<\/tr>\n<tr>\n<td><b>Format des Beutels<\/b><\/td>\n<td><span style=\"font-weight: 400;\">Schlank<\/span><\/td>\n<\/tr>\n<tr>\n<td><b>Produzent<\/b><\/td>\n<td><span style=\"font-weight: 400;\">APR\u00c8S Nicotine AB<\/span><\/td>\n<\/tr>\n<tr>\n<td><b>Geschmack<\/b><\/td>\n<td><span style=\"font-weight: 400;\">Banane<\/span><\/td>\n<\/tr>\n<tr>\n<td><b>Typ<\/b><\/td>\n<td><span style=\"font-weight: 400;\">Ganz wei\u00dfe Tasche<\/span><\/td>\n<\/tr>\n<\/tbody>\n<\/table>","protected":false},"excerpt":{"rendered":"<p>Cremig, s\u00fc\u00df <strong data-start=\"14\" data-end=\"24\">Banane<\/strong> erinnert an reife tropische Fr\u00fcchte. Die <strong data-start=\"65\" data-end=\"84\">schlank, <\/strong>Die komplett wei\u00dfen Beutel sitzen diskret und bequem unter der Lippe und k\u00f6nnen jederzeit sauber verwendet werden. Jeder Beutel enth\u00e4lt <strong data-start=\"182\" data-end=\"201\">4,4 mg Nikotin<\/strong>, Die APR\u00c8S Nicotine AB bietet ein sanftes und dennoch befriedigendes Erlebnis in einem tabakfreien Format.<\/p>","protected":false},"featured_media":10776,"comment_status":"open","ping_status":"closed","template":"","format":[205],"meta":{"_acf_changed":false},"product_brand":[],"product_cat":[41],"product_tag":[16549],"flavours":[196],"nicotine":[230,236],"class_list":{"0":"post-10775","1":"product","2":"type-product","3":"status-publish","4":"has-post-thumbnail","6":"product_cat-apres","7":"product_tag-4-4-mg-pouch","8":"pa_quantity-1-pack","9":"pa_quantity-10-pack","10":"pa_quantity-3-pack","11":"pa_quantity-30-pack","12":"pa_quantity-5-pack","13":"pa_quantity-60-pack","14":"flavours-fruits-berries","15":"format-mini","16":"nicotine-8-mg-g","17":"nicotine-strong","19":"first","20":"instock","21":"taxable","22":"shipping-taxable","23":"purchasable","24":"product-type-variable"},"acf":[],"_links":{"self":[{"href":"https:\/\/whitelip.com\/de\/wp-json\/wp\/v2\/product\/10775","targetHints":{"allow":["GET"]}}],"collection":[{"href":"https:\/\/whitelip.com\/de\/wp-json\/wp\/v2\/product"}],"about":[{"href":"https:\/\/whitelip.com\/de\/wp-json\/wp\/v2\/types\/product"}],"replies":[{"embeddable":true,"href":"https:\/\/whitelip.com\/de\/wp-json\/wp\/v2\/comments?post=10775"}],"wp:featuredmedia":[{"embeddable":true,"href":"https:\/\/whitelip.com\/de\/wp-json\/wp\/v2\/media\/10776"}],"wp:attachment":[{"href":"https:\/\/whitelip.com\/de\/wp-json\/wp\/v2\/media?parent=10775"}],"wp:term":[{"taxonomy":"product_brand","embeddable":true,"href":"https:\/\/whitelip.com\/de\/wp-json\/wp\/v2\/product_brand?post=10775"},{"taxonomy":"product_cat","embeddable":true,"href":"https:\/\/whitelip.com\/de\/wp-json\/wp\/v2\/product_cat?post=10775"},{"taxonomy":"product_tag","embeddable":true,"href":"https:\/\/whitelip.com\/de\/wp-json\/wp\/v2\/product_tag?post=10775"},{"taxonomy":"flavours","embeddable":true,"href":"https:\/\/whitelip.com\/de\/wp-json\/wp\/v2\/flavours?post=10775"},{"taxonomy":"format","embeddable":true,"href":"https:\/\/whitelip.com\/de\/wp-json\/wp\/v2\/format?post=10775"},{"taxonomy":"nicotine","embeddable":true,"href":"https:\/\/whitelip.com\/de\/wp-json\/wp\/v2\/nicotine?post=10775"}],"curies":[{"name":"wp","href":"https:\/\/api.w.org\/{rel}","templated":true}]}}