{"id":10770,"date":"2025-06-24T10:38:12","date_gmt":"2025-06-24T10:38:12","guid":{"rendered":"https:\/\/whitelip.com\/apres-blueberry-mini\/"},"modified":"2026-04-29T10:11:20","modified_gmt":"2026-04-29T10:11:20","slug":"apres-blueberry-mini","status":"publish","type":"product","link":"https:\/\/whitelip.com\/de\/apres\/apres-blueberry-mini\/","title":{"rendered":"APR\u00c8S Heidelbeere Mini"},"content":{"rendered":"<h2><strong>APR\u00c8S Heidelbeere Mini<\/strong><\/h2>\n<p><span style=\"font-weight: 400;\">APR\u00c8S Blueberry Mini Nikotinbeutel bieten einen Ausbruch reichhaltigen Blaubeerengeschmacks mit einer leicht s\u00fc\u00dfen und w\u00fcrzigen Note. Inspiriert vom Geschmack reifer Waldbeeren sind diese Beutel im Miniformat perfekt f\u00fcr Benutzer, die ein mildes, aber geschmackvolles Nikotinerlebnis suchen. Mit 3,2 mg Nikotin pro Beutel liefern sie eine sanfte und milde Wirkung in einer kompakten und diskreten Form. Diese von APR\u00c8S Nicotine AB hergestellten tabakfreien Beutel spiegeln den Fokus der Marke auf saubere \u00c4sthetik, Premiumqualit\u00e4t und nat\u00fcrliche fruchtinspirierte Profile wider.<\/span><\/p>\n<table>\n<tbody>\n<tr>\n<td><b>Attribut<\/b><\/td>\n<td><b>Einzelheiten<\/b><\/td>\n<\/tr>\n<tr>\n<td><b>Inhalt pro Dose<\/b><\/td>\n<td><span style=\"font-weight: 400;\">11g (20 Beutel)<\/span><\/td>\n<\/tr>\n<tr>\n<td><b>Nikotingehalt<\/b><\/td>\n<td><span style=\"font-weight: 400;\">8 mg\/g (3,2 mg pro Beutel)<\/span><\/td>\n<\/tr>\n<tr>\n<td><b>Format des Beutels<\/b><\/td>\n<td><span style=\"font-weight: 400;\">Mini<\/span><\/td>\n<\/tr>\n<tr>\n<td><b>Produzent<\/b><\/td>\n<td><span style=\"font-weight: 400;\">APR\u00c8S Nicotine AB<\/span><\/td>\n<\/tr>\n<tr>\n<td><b>Geschmack<\/b><\/td>\n<td><span style=\"font-weight: 400;\">Blaubeere<\/span><\/td>\n<\/tr>\n<tr>\n<td><b>Typ<\/b><\/td>\n<td><span style=\"font-weight: 400;\">Ganz wei\u00dfe Tasche<\/span><\/td>\n<\/tr>\n<\/tbody>\n<\/table>","protected":false},"excerpt":{"rendered":"<p>Forest-berry <strong data-start=\"19\" data-end=\"32\">Blaubeere<\/strong> mit einer leicht s\u00fc\u00dfen, s\u00e4uerlichen Note. Die <strong data-start=\"71\" data-end=\"90\">Mini, <\/strong>Die komplett wei\u00dfen Beutel sitzen diskret und bequem unter der Lippe und k\u00f6nnen jederzeit sauber verwendet werden. Jeder Beutel enth\u00e4lt <strong>3,2 mg Nikotin<\/strong> f\u00fcr eine milde Wirkung von APR\u00c8S Nicotine AB.<\/p>","protected":false},"featured_media":10771,"comment_status":"open","ping_status":"closed","template":"","format":[205],"meta":{"_acf_changed":false},"product_brand":[],"product_cat":[41],"product_tag":[16555],"flavours":[196],"nicotine":[230,236],"class_list":{"0":"post-10770","1":"product","2":"type-product","3":"status-publish","4":"has-post-thumbnail","6":"product_cat-apres","7":"product_tag-3-2-mg-pouch","8":"pa_quantity-1-pack","9":"pa_quantity-10-pack","10":"pa_quantity-3-pack","11":"pa_quantity-30-pack","12":"pa_quantity-5-pack","13":"pa_quantity-60-pack","14":"flavours-fruits-berries","15":"format-mini","16":"nicotine-8-mg-g","17":"nicotine-strong","19":"first","20":"instock","21":"taxable","22":"shipping-taxable","23":"purchasable","24":"product-type-variable","25":"has-default-attributes"},"acf":[],"_links":{"self":[{"href":"https:\/\/whitelip.com\/de\/wp-json\/wp\/v2\/product\/10770","targetHints":{"allow":["GET"]}}],"collection":[{"href":"https:\/\/whitelip.com\/de\/wp-json\/wp\/v2\/product"}],"about":[{"href":"https:\/\/whitelip.com\/de\/wp-json\/wp\/v2\/types\/product"}],"replies":[{"embeddable":true,"href":"https:\/\/whitelip.com\/de\/wp-json\/wp\/v2\/comments?post=10770"}],"wp:featuredmedia":[{"embeddable":true,"href":"https:\/\/whitelip.com\/de\/wp-json\/wp\/v2\/media\/10771"}],"wp:attachment":[{"href":"https:\/\/whitelip.com\/de\/wp-json\/wp\/v2\/media?parent=10770"}],"wp:term":[{"taxonomy":"product_brand","embeddable":true,"href":"https:\/\/whitelip.com\/de\/wp-json\/wp\/v2\/product_brand?post=10770"},{"taxonomy":"product_cat","embeddable":true,"href":"https:\/\/whitelip.com\/de\/wp-json\/wp\/v2\/product_cat?post=10770"},{"taxonomy":"product_tag","embeddable":true,"href":"https:\/\/whitelip.com\/de\/wp-json\/wp\/v2\/product_tag?post=10770"},{"taxonomy":"flavours","embeddable":true,"href":"https:\/\/whitelip.com\/de\/wp-json\/wp\/v2\/flavours?post=10770"},{"taxonomy":"format","embeddable":true,"href":"https:\/\/whitelip.com\/de\/wp-json\/wp\/v2\/format?post=10770"},{"taxonomy":"nicotine","embeddable":true,"href":"https:\/\/whitelip.com\/de\/wp-json\/wp\/v2\/nicotine?post=10770"}],"curies":[{"name":"wp","href":"https:\/\/api.w.org\/{rel}","templated":true}]}}