{"id":10710,"date":"2025-06-11T12:32:01","date_gmt":"2025-06-11T12:32:01","guid":{"rendered":"https:\/\/whitelip.com\/denssi-cold-mint-16mg\/"},"modified":"2026-05-01T10:10:45","modified_gmt":"2026-05-01T10:10:45","slug":"denssi-cold-mint-16mg","status":"publish","type":"product","link":"https:\/\/whitelip.com\/de\/denssi\/denssi-cold-mint-16mg\/","title":{"rendered":"DENSSI Kalte Minze 16mg"},"content":{"rendered":"<h2><strong>DENSSI Kalte Minze 16mg<\/strong><\/h2>\n<p><span style=\"font-weight: 400;\">DENSSI Cold Mint 16mg liefert einen scharfen und belebenden Ausbruch von reinem Minzgeschmack, unterst\u00fctzt durch eine starke Nikotinst\u00e4rke von 11,2 mg pro Beutel. Entwickelt f\u00fcr diejenigen, die einen sauberen, eisigen Kick ohne Ablenkungen bevorzugen, bietet dieser Beutel eine konstant starke und erfrischende Erfahrung.<\/span><\/p>\n<p><span style=\"font-weight: 400;\">In schlankem, vollwei\u00dfem Format gefertigt, ist DENSSI Cold Mint diskret, komfortable unter der Lippe und vollst\u00e4ndig tabakfrei. Egal ob Sie unterwegs sind oder sich entspannen, dieser Beutel bringt sofortige Frische und lang anhaltende Zufriedenheit in jeden Moment.<\/span><\/p>\n<table>\n<tbody>\n<tr>\n<td><b>Attribut<\/b><\/td>\n<td><b>Einzelheiten<\/b><\/td>\n<\/tr>\n<tr>\n<td><span style=\"font-weight: 400;\">Inhalt pro Dose<\/span><\/td>\n<td><span style=\"font-weight: 400;\">10g (20 Beutel)<\/span><\/td>\n<\/tr>\n<tr>\n<td><span style=\"font-weight: 400;\">Nikotingehalt<\/span><\/td>\n<td><span style=\"font-weight: 400;\">16 mg\/g (11,2 mg pro Beutel)<\/span><\/td>\n<\/tr>\n<tr>\n<td><span style=\"font-weight: 400;\">Format der Tasche<\/span><\/td>\n<td><span style=\"font-weight: 400;\">Schlank<\/span><\/td>\n<\/tr>\n<tr>\n<td><span style=\"font-weight: 400;\">Produzent<\/span><\/td>\n<td><span style=\"font-weight: 400;\">DENSSI<\/span><\/td>\n<\/tr>\n<tr>\n<td><span style=\"font-weight: 400;\">Geschmack<\/span><\/td>\n<td><span style=\"font-weight: 400;\">Kalte Minze<\/span><\/td>\n<\/tr>\n<tr>\n<td><span style=\"font-weight: 400;\">Typ<\/span><\/td>\n<td><span style=\"font-weight: 400;\">Wei\u00dfe Beutel, tabakfrei<\/span><\/td>\n<\/tr>\n<\/tbody>\n<\/table>","protected":false},"excerpt":{"rendered":"<p>Scharf, belebend <strong data-start=\"20\" data-end=\"28\">Minze<\/strong> f\u00fcr einen puren, eisigen Kick. Die <strong data-start=\"55\" data-end=\"63\">schlank<\/strong> Die Beutel sitzen diskret unter der Lippe und sorgen f\u00fcr ein sauberes, erfrischendes Gef\u00fchl. Jeder Beutel enth\u00e4lt <strong data-start=\"151\" data-end=\"181\">11,2 mg Nikotin pro Beutel<\/strong>, und sorgt f\u00fcr einen starken, gleichm\u00e4\u00dfigen Frischekick.<\/p>","protected":false},"featured_media":10711,"comment_status":"open","ping_status":"closed","template":"","format":[206],"meta":{"_acf_changed":false},"product_brand":[],"product_cat":[115],"product_tag":[16577],"flavours":[199],"nicotine":[213,232],"class_list":{"0":"post-10710","1":"product","2":"type-product","3":"status-publish","4":"has-post-thumbnail","6":"product_cat-denssi","7":"product_tag-11-2-mg-pouch","8":"pa_quantity-1-pack","9":"pa_quantity-10-pack","10":"pa_quantity-3-pack","11":"pa_quantity-30-pack","12":"pa_quantity-5-pack","13":"pa_quantity-60-pack","14":"flavours-mint","15":"format-slim","16":"nicotine-16-mg-g","17":"nicotine-extra-strong","19":"first","20":"instock","21":"taxable","22":"shipping-taxable","23":"purchasable","24":"product-type-variable","25":"has-default-attributes"},"acf":[],"_links":{"self":[{"href":"https:\/\/whitelip.com\/de\/wp-json\/wp\/v2\/product\/10710","targetHints":{"allow":["GET"]}}],"collection":[{"href":"https:\/\/whitelip.com\/de\/wp-json\/wp\/v2\/product"}],"about":[{"href":"https:\/\/whitelip.com\/de\/wp-json\/wp\/v2\/types\/product"}],"replies":[{"embeddable":true,"href":"https:\/\/whitelip.com\/de\/wp-json\/wp\/v2\/comments?post=10710"}],"wp:featuredmedia":[{"embeddable":true,"href":"https:\/\/whitelip.com\/de\/wp-json\/wp\/v2\/media\/10711"}],"wp:attachment":[{"href":"https:\/\/whitelip.com\/de\/wp-json\/wp\/v2\/media?parent=10710"}],"wp:term":[{"taxonomy":"product_brand","embeddable":true,"href":"https:\/\/whitelip.com\/de\/wp-json\/wp\/v2\/product_brand?post=10710"},{"taxonomy":"product_cat","embeddable":true,"href":"https:\/\/whitelip.com\/de\/wp-json\/wp\/v2\/product_cat?post=10710"},{"taxonomy":"product_tag","embeddable":true,"href":"https:\/\/whitelip.com\/de\/wp-json\/wp\/v2\/product_tag?post=10710"},{"taxonomy":"flavours","embeddable":true,"href":"https:\/\/whitelip.com\/de\/wp-json\/wp\/v2\/flavours?post=10710"},{"taxonomy":"format","embeddable":true,"href":"https:\/\/whitelip.com\/de\/wp-json\/wp\/v2\/format?post=10710"},{"taxonomy":"nicotine","embeddable":true,"href":"https:\/\/whitelip.com\/de\/wp-json\/wp\/v2\/nicotine?post=10710"}],"curies":[{"name":"wp","href":"https:\/\/api.w.org\/{rel}","templated":true}]}}