{"id":10705,"date":"2025-06-11T12:32:02","date_gmt":"2025-06-11T12:32:02","guid":{"rendered":"https:\/\/whitelip.com\/denssi-mango-freeze-16mg\/"},"modified":"2026-04-29T10:11:19","modified_gmt":"2026-04-29T10:11:19","slug":"denssi-mango-freeze-16mg","status":"publish","type":"product","link":"https:\/\/whitelip.com\/de\/denssi\/denssi-mango-freeze-16mg\/","title":{"rendered":"DENSSI Mango Freeze 16mg"},"content":{"rendered":"<h2><strong>DENSSI Mango Freeze 16mg<\/strong><\/h2>\n<p><span style=\"font-weight: 400;\">DENSSI Mango Freeze 16mg liefert einen tropischen Schlag von reifem Mangogeschmack gepaart mit einem eisigen Menthol-Finish. Jeder schlanke, tabakfreie Beutel enth\u00e4lt 11,2 mg Nikotin und bietet ein starkes und erfrischendes Erlebnis, das fruchtige S\u00fc\u00dfe mit einem starken k\u00fchlenden Gef\u00fchl ausbalanciert.<\/span><\/p>\n<p><span style=\"font-weight: 400;\">Perfekt f\u00fcr Benutzer, die sich nach k\u00fchnem Geschmack und intensiver St\u00e4rke sehnen, sind diese ganz wei\u00dfen Beutel f\u00fcr diskreten Gebrauch und einen bequemen Sitz unter der Lippe konzipiert. Mit tabakfreien und keine F\u00e4rbung, DENSSI Mango Freeze 16mg bringt eine saubere, anregende Ausbruch der tropischen Chill, wohin Sie gehen.<\/span><\/p>\n<table>\n<tbody>\n<tr>\n<td><b>Attribut<\/b><\/td>\n<td><b>Einzelheiten<\/b><\/td>\n<\/tr>\n<tr>\n<td><span style=\"font-weight: 400;\">Inhalt pro Dose<\/span><\/td>\n<td><span style=\"font-weight: 400;\">10g (20 Beutel)<\/span><\/td>\n<\/tr>\n<tr>\n<td><span style=\"font-weight: 400;\">Nikotingehalt<\/span><\/td>\n<td><span style=\"font-weight: 400;\">16 mg\/g (11,2 mg pro Beutel)<\/span><\/td>\n<\/tr>\n<tr>\n<td><span style=\"font-weight: 400;\">Format der Tasche<\/span><\/td>\n<td><span style=\"font-weight: 400;\">Schlank<\/span><\/td>\n<\/tr>\n<tr>\n<td><span style=\"font-weight: 400;\">Produzent<\/span><\/td>\n<td><span style=\"font-weight: 400;\">DENSSI<\/span><\/td>\n<\/tr>\n<tr>\n<td><span style=\"font-weight: 400;\">Geschmack<\/span><\/td>\n<td><span style=\"font-weight: 400;\">Mango &amp; Menthol<\/span><\/td>\n<\/tr>\n<tr>\n<td><span style=\"font-weight: 400;\">Typ<\/span><\/td>\n<td><span style=\"font-weight: 400;\">Wei\u00dfe Beutel, tabakfrei<\/span><\/td>\n<\/tr>\n<\/tbody>\n<\/table>","protected":false},"excerpt":{"rendered":"<p>Tropisch <strong data-start=\"9\" data-end=\"35\">Mango &amp; Menthol<\/strong> f\u00fcr einen s\u00fc\u00dfen, erfrischenden Punsch. Die <strong data-start=\"71\" data-end=\"93\">schlank, <\/strong>Die tabakfreien Beutel sitzen diskret unter der Lippe und bieten ein sauberes, angenehmes Gef\u00fchl. Jeder Beutel enth\u00e4lt <strong data-start=\"182\" data-end=\"212\">11,2 mg Nikotin pro Beutel<\/strong>, und sorgt f\u00fcr ein starkes, k\u00fchlendes Erlebnis mit fruchtiger Ausgewogenheit.<\/p>","protected":false},"featured_media":10706,"comment_status":"open","ping_status":"closed","template":"","format":[206],"meta":{"_acf_changed":false},"product_brand":[],"product_cat":[115],"product_tag":[16577],"flavours":[196,199],"nicotine":[213,232],"class_list":{"0":"post-10705","1":"product","2":"type-product","3":"status-publish","4":"has-post-thumbnail","6":"product_cat-denssi","7":"product_tag-11-2-mg-pouch","8":"pa_quantity-1-pack","9":"pa_quantity-10-pack","10":"pa_quantity-3-pack","11":"pa_quantity-30-pack","12":"pa_quantity-5-pack","13":"pa_quantity-60-pack","14":"flavours-fruits-berries","15":"flavours-mint","16":"format-slim","17":"nicotine-16-mg-g","18":"nicotine-extra-strong","20":"first","21":"instock","22":"taxable","23":"shipping-taxable","24":"purchasable","25":"product-type-variable","26":"has-default-attributes"},"acf":[],"_links":{"self":[{"href":"https:\/\/whitelip.com\/de\/wp-json\/wp\/v2\/product\/10705","targetHints":{"allow":["GET"]}}],"collection":[{"href":"https:\/\/whitelip.com\/de\/wp-json\/wp\/v2\/product"}],"about":[{"href":"https:\/\/whitelip.com\/de\/wp-json\/wp\/v2\/types\/product"}],"replies":[{"embeddable":true,"href":"https:\/\/whitelip.com\/de\/wp-json\/wp\/v2\/comments?post=10705"}],"wp:featuredmedia":[{"embeddable":true,"href":"https:\/\/whitelip.com\/de\/wp-json\/wp\/v2\/media\/10706"}],"wp:attachment":[{"href":"https:\/\/whitelip.com\/de\/wp-json\/wp\/v2\/media?parent=10705"}],"wp:term":[{"taxonomy":"product_brand","embeddable":true,"href":"https:\/\/whitelip.com\/de\/wp-json\/wp\/v2\/product_brand?post=10705"},{"taxonomy":"product_cat","embeddable":true,"href":"https:\/\/whitelip.com\/de\/wp-json\/wp\/v2\/product_cat?post=10705"},{"taxonomy":"product_tag","embeddable":true,"href":"https:\/\/whitelip.com\/de\/wp-json\/wp\/v2\/product_tag?post=10705"},{"taxonomy":"flavours","embeddable":true,"href":"https:\/\/whitelip.com\/de\/wp-json\/wp\/v2\/flavours?post=10705"},{"taxonomy":"format","embeddable":true,"href":"https:\/\/whitelip.com\/de\/wp-json\/wp\/v2\/format?post=10705"},{"taxonomy":"nicotine","embeddable":true,"href":"https:\/\/whitelip.com\/de\/wp-json\/wp\/v2\/nicotine?post=10705"}],"curies":[{"name":"wp","href":"https:\/\/api.w.org\/{rel}","templated":true}]}}