{"id":10690,"date":"2025-06-11T12:32:03","date_gmt":"2025-06-11T12:32:03","guid":{"rendered":"https:\/\/whitelip.com\/denssi-blueberry-freeze-16mg\/"},"modified":"2026-03-31T14:03:25","modified_gmt":"2026-03-31T14:03:25","slug":"denssi-blueberry-freeze-16mg","status":"publish","type":"product","link":"https:\/\/whitelip.com\/de\/denssi\/denssi-blueberry-freeze-16mg\/","title":{"rendered":"DENSSI Heidelbeere Freeze 16mg"},"content":{"rendered":"<h2><strong>DENSSI Heidelbeere Freeze 16mg<\/strong><\/h2>\n<p><span style=\"font-weight: 400;\">DENSSI Blueberry Freeze 16mg Nikotinbeutel bieten einen kr\u00e4ftigen Ausbruch von s\u00fc\u00dfem Blaubeergeschmack kombiniert mit einem belebenden k\u00fchlenden Gef\u00fchl. Entwickelt f\u00fcr erfahrene Raucher, enth\u00e4lt jeder schlanke Beutel starke 11,2 mg Nikotin, die f\u00fcr einen starken und gleichm\u00e4\u00dfigen Kick sorgen. Der intensive Geschmack wird durch einen erfrischenden Gefriereffekt erg\u00e4nzt, so dass es eine lebendige und befriedigende Wahl f\u00fcr diejenigen ist, die fruchtige Mentholmischungen m\u00f6gen.<\/span><\/p>\n<p><span style=\"font-weight: 400;\">Das schlanke Format wurde f\u00fcr einen diskreten und komfortablen Gebrauch entwickelt und passt nahtlos unter die Lippe, ohne Verf\u00e4rbungen zu verursachen. DENSSI Blueberry Freeze 16mg ist tabakfrei und wird aus hochwertigen pflanzlichen Fasern hergestellt und bietet eine saubere und geschmackvolle Nikotinalternative mit hoher St\u00e4rke.<\/span><\/p>\n<table>\n<tbody>\n<tr>\n<td><b>Attribut<\/b><\/td>\n<td><b>Einzelheiten<\/b><\/td>\n<\/tr>\n<tr>\n<td><span style=\"font-weight: 400;\">Inhalt pro Dose<\/span><\/td>\n<td><span style=\"font-weight: 400;\">10g (20 Beutel)<\/span><\/td>\n<\/tr>\n<tr>\n<td><span style=\"font-weight: 400;\">Nikotingehalt<\/span><\/td>\n<td><span style=\"font-weight: 400;\">16 mg\/g (11,2 mg pro Beutel)<\/span><\/td>\n<\/tr>\n<tr>\n<td><span style=\"font-weight: 400;\">Format der Tasche<\/span><\/td>\n<td><span style=\"font-weight: 400;\">Schlank<\/span><\/td>\n<\/tr>\n<tr>\n<td><span style=\"font-weight: 400;\">Produzent<\/span><\/td>\n<td><span style=\"font-weight: 400;\">DENSSI<\/span><\/td>\n<\/tr>\n<tr>\n<td><span style=\"font-weight: 400;\">Geschmack<\/span><\/td>\n<td><span style=\"font-weight: 400;\">Blaubeere mit K\u00fchleffekt<\/span><\/td>\n<\/tr>\n<tr>\n<td><span style=\"font-weight: 400;\">Typ<\/span><\/td>\n<td><span style=\"font-weight: 400;\">Wei\u00dfe Beutel, tabakfrei<\/span><\/td>\n<\/tr>\n<\/tbody>\n<\/table>","protected":false},"excerpt":{"rendered":"<p>K\u00fchn, s\u00fc\u00df <strong data-start=\"12\" data-end=\"48\">Blaubeere <\/strong>mit einem k\u00fchlenden Menthol-Twist f\u00fcr einen erfrischenden, fruchtigen Kick. Die <strong data-start=\"89\" data-end=\"97\">schlank<\/strong> Die Beutel sitzen diskret unter der Lippe und sorgen f\u00fcr ein sauberes, angenehmes Gef\u00fchl. Jeder Beutel enth\u00e4lt <strong data-start=\"186\" data-end=\"216\">11,2 mg Nikotin pro Beutel<\/strong>, und liefert einen starken, gleichm\u00e4\u00dfigen Kick, ideal f\u00fcr erfahrene Benutzer.<\/p>","protected":false},"featured_media":10691,"comment_status":"open","ping_status":"closed","template":"","format":[206],"meta":{"_acf_changed":false},"product_brand":[],"product_cat":[115],"product_tag":[16577],"flavours":[196,199],"nicotine":[213,232],"class_list":{"0":"post-10690","1":"product","2":"type-product","3":"status-publish","4":"has-post-thumbnail","6":"product_cat-denssi","7":"product_tag-11-2-mg-pouch","8":"pa_quantity-1-pack","9":"pa_quantity-10-pack","10":"pa_quantity-3-pack","11":"pa_quantity-30-pack","12":"pa_quantity-5-pack","13":"pa_quantity-60-pack","14":"flavours-fruits-berries","15":"flavours-mint","16":"format-slim","17":"nicotine-16-mg-g","18":"nicotine-extra-strong","20":"first","21":"instock","22":"taxable","23":"shipping-taxable","24":"purchasable","25":"product-type-variable","26":"has-default-attributes"},"acf":[],"_links":{"self":[{"href":"https:\/\/whitelip.com\/de\/wp-json\/wp\/v2\/product\/10690","targetHints":{"allow":["GET"]}}],"collection":[{"href":"https:\/\/whitelip.com\/de\/wp-json\/wp\/v2\/product"}],"about":[{"href":"https:\/\/whitelip.com\/de\/wp-json\/wp\/v2\/types\/product"}],"replies":[{"embeddable":true,"href":"https:\/\/whitelip.com\/de\/wp-json\/wp\/v2\/comments?post=10690"}],"wp:featuredmedia":[{"embeddable":true,"href":"https:\/\/whitelip.com\/de\/wp-json\/wp\/v2\/media\/10691"}],"wp:attachment":[{"href":"https:\/\/whitelip.com\/de\/wp-json\/wp\/v2\/media?parent=10690"}],"wp:term":[{"taxonomy":"product_brand","embeddable":true,"href":"https:\/\/whitelip.com\/de\/wp-json\/wp\/v2\/product_brand?post=10690"},{"taxonomy":"product_cat","embeddable":true,"href":"https:\/\/whitelip.com\/de\/wp-json\/wp\/v2\/product_cat?post=10690"},{"taxonomy":"product_tag","embeddable":true,"href":"https:\/\/whitelip.com\/de\/wp-json\/wp\/v2\/product_tag?post=10690"},{"taxonomy":"flavours","embeddable":true,"href":"https:\/\/whitelip.com\/de\/wp-json\/wp\/v2\/flavours?post=10690"},{"taxonomy":"format","embeddable":true,"href":"https:\/\/whitelip.com\/de\/wp-json\/wp\/v2\/format?post=10690"},{"taxonomy":"nicotine","embeddable":true,"href":"https:\/\/whitelip.com\/de\/wp-json\/wp\/v2\/nicotine?post=10690"}],"curies":[{"name":"wp","href":"https:\/\/api.w.org\/{rel}","templated":true}]}}