{"id":10650,"date":"2025-06-11T12:32:05","date_gmt":"2025-06-11T12:32:05","guid":{"rendered":"https:\/\/whitelip.com\/denssi-strawberry-freeze-8mg\/"},"modified":"2026-05-09T10:11:11","modified_gmt":"2026-05-09T10:11:11","slug":"denssi-strawberry-freeze-8mg","status":"publish","type":"product","link":"https:\/\/whitelip.com\/de\/denssi\/denssi-strawberry-freeze-8mg\/","title":{"rendered":"DENSSI Strawberry Freeze 8mg"},"content":{"rendered":"<h2><strong>DENSSI Strawberry Freeze 8mg<\/strong><\/h2>\n<p><span style=\"font-weight: 400;\">DENSSI Strawberry Freeze 8mg Nikotinbeutel kombinieren den s\u00fc\u00dfen, saftigen Geschmack von reifen Erdbeeren mit einem erfrischenden, eisigen Minzgef\u00fchl. Das Ergebnis ist ein fruchtig-k\u00fchles Erlebnis, das sowohl Geschmack als auch Frische in jedem Beutel liefert. Das schlanke, wei\u00dfe Format dieser Beutel erm\u00f6glicht einen diskreten und komfortablen Gebrauch und schont gleichzeitig die Z\u00e4hne. Mit 5,6 mg Nikotin pro Beutel bieten sie eine ausgewogene Wirkung f\u00fcr regelm\u00e4\u00dfige Raucher, die geschmackvolle Mischungen mit einer k\u00fchlenden Note genie\u00dfen.<\/span><\/p>\n<table>\n<tbody>\n<tr>\n<td><b>Attribut<\/b><\/td>\n<td><b>Einzelheiten<\/b><\/td>\n<\/tr>\n<tr>\n<td><span style=\"font-weight: 400;\">Inhalt pro Dose<\/span><\/td>\n<td><span style=\"font-weight: 400;\">10g (20 Beutel)<\/span><\/td>\n<\/tr>\n<tr>\n<td><span style=\"font-weight: 400;\">Nikotingehalt<\/span><\/td>\n<td><span style=\"font-weight: 400;\">8 mg\/g (5,6 mg pro Beutel)<\/span><\/td>\n<\/tr>\n<tr>\n<td><span style=\"font-weight: 400;\">Format der Tasche<\/span><\/td>\n<td><span style=\"font-weight: 400;\">Schlank<\/span><\/td>\n<\/tr>\n<tr>\n<td><span style=\"font-weight: 400;\">Produzent<\/span><\/td>\n<td><span style=\"font-weight: 400;\">DENSSI<\/span><\/td>\n<\/tr>\n<tr>\n<td><span style=\"font-weight: 400;\">Geschmack<\/span><\/td>\n<td><span style=\"font-weight: 400;\">Erdbeere und k\u00fchlende Minze<\/span><\/td>\n<\/tr>\n<tr>\n<td><span style=\"font-weight: 400;\">Typ<\/span><\/td>\n<td><span style=\"font-weight: 400;\">Wei\u00dfe Beutel, tabakfrei<\/span><\/td>\n<\/tr>\n<\/tbody>\n<\/table>","protected":false},"excerpt":{"rendered":"<p>S\u00fc\u00df, saftig <strong data-start=\"13\" data-end=\"41\">Erdbeere &amp; Minze<\/strong> f\u00fcr einen fruchtig-k\u00fchlen, erfrischenden Hit. Die <strong data-start=\"81\" data-end=\"100\">schlank, <\/strong>Die ganz wei\u00dfen Beutel sitzen diskret unter der Lippe und lassen sich bequem und zahnfreundlich anwenden. Jeder Beutel enth\u00e4lt <strong data-start=\"195\" data-end=\"224\">5,6 mg Nikotin pro Beutel<\/strong>, und bietet ein ausgewogenes, geschmackvolles Erlebnis f\u00fcr regelm\u00e4\u00dfige Konsumenten.<\/p>","protected":false},"featured_media":10651,"comment_status":"open","ping_status":"closed","template":"","format":[206],"meta":{"_acf_changed":false},"product_brand":[],"product_cat":[115],"product_tag":[16575],"flavours":[196,199],"nicotine":[230,236],"class_list":{"0":"post-10650","1":"product","2":"type-product","3":"status-publish","4":"has-post-thumbnail","6":"product_cat-denssi","7":"product_tag-5-6-mg-pouch","8":"pa_quantity-1-pack","9":"pa_quantity-10-pack","10":"pa_quantity-3-pack","11":"pa_quantity-30-pack","12":"pa_quantity-5-pack","13":"pa_quantity-60-pack","14":"flavours-fruits-berries","15":"flavours-mint","16":"format-slim","17":"nicotine-8-mg-g","18":"nicotine-strong","20":"first","21":"instock","22":"taxable","23":"shipping-taxable","24":"purchasable","25":"product-type-variable","26":"has-default-attributes"},"acf":[],"_links":{"self":[{"href":"https:\/\/whitelip.com\/de\/wp-json\/wp\/v2\/product\/10650","targetHints":{"allow":["GET"]}}],"collection":[{"href":"https:\/\/whitelip.com\/de\/wp-json\/wp\/v2\/product"}],"about":[{"href":"https:\/\/whitelip.com\/de\/wp-json\/wp\/v2\/types\/product"}],"replies":[{"embeddable":true,"href":"https:\/\/whitelip.com\/de\/wp-json\/wp\/v2\/comments?post=10650"}],"wp:featuredmedia":[{"embeddable":true,"href":"https:\/\/whitelip.com\/de\/wp-json\/wp\/v2\/media\/10651"}],"wp:attachment":[{"href":"https:\/\/whitelip.com\/de\/wp-json\/wp\/v2\/media?parent=10650"}],"wp:term":[{"taxonomy":"product_brand","embeddable":true,"href":"https:\/\/whitelip.com\/de\/wp-json\/wp\/v2\/product_brand?post=10650"},{"taxonomy":"product_cat","embeddable":true,"href":"https:\/\/whitelip.com\/de\/wp-json\/wp\/v2\/product_cat?post=10650"},{"taxonomy":"product_tag","embeddable":true,"href":"https:\/\/whitelip.com\/de\/wp-json\/wp\/v2\/product_tag?post=10650"},{"taxonomy":"flavours","embeddable":true,"href":"https:\/\/whitelip.com\/de\/wp-json\/wp\/v2\/flavours?post=10650"},{"taxonomy":"format","embeddable":true,"href":"https:\/\/whitelip.com\/de\/wp-json\/wp\/v2\/format?post=10650"},{"taxonomy":"nicotine","embeddable":true,"href":"https:\/\/whitelip.com\/de\/wp-json\/wp\/v2\/nicotine?post=10650"}],"curies":[{"name":"wp","href":"https:\/\/api.w.org\/{rel}","templated":true}]}}