{"id":10635,"date":"2025-06-03T08:28:27","date_gmt":"2025-06-03T08:28:27","guid":{"rendered":"https:\/\/whitelip.com\/xqs-raspberry-blackcurrant-strong\/"},"modified":"2026-04-15T21:48:58","modified_gmt":"2026-04-15T21:48:58","slug":"xqs-raspberry-blackcurrant-strong","status":"publish","type":"product","link":"https:\/\/whitelip.com\/de\/xqs\/xqs-raspberry-blackcurrant-strong\/","title":{"rendered":"XQS Himbeere Schwarze Johannisbeere Strong"},"content":{"rendered":"<h2><b>XQS Himbeere Schwarze Johannisbeere Strong<\/b><\/h2>\n<p><span style=\"font-weight: 400;\">XQS Raspberry Blackcurrant Strong liefert einen <\/span><b>Lebendige Verschmelzung von s\u00fc\u00dfer Himbeere und reichhaltigen Aromen von schwarzer Johannisbeere<\/b><span style=\"font-weight: 400;\">, und schafft so ein k\u00fchnes und fruchtiges Nikotinerlebnis. Perfekt f\u00fcr Benutzer, die tiefe Beerenprofile mit einem saftigen, spritzigen Kick genie\u00dfen, mischt dieser Beutel zwei geliebte Aromen in eine befriedigende und geschmackvolle Sensation. Jeder schlanke, ganz wei\u00dfe Beutel enth\u00e4lt <\/span><b>10 mg Nikotin<\/b><span style=\"font-weight: 400;\">, und bietet eine starke und gleichm\u00e4\u00dfige Freisetzung f\u00fcr zuverl\u00e4ssigen Nikotingenuss.<\/span><\/p>\n<p><span style=\"font-weight: 400;\">Der schlanke Beutel ist auf Komfort und Diskretion ausgelegt, passt problemlos unter die Lippe und hinterl\u00e4sst keine Flecken. V\u00f6llig tabakfrei und aus hochwertigen pflanzlichen Fasern hergestellt, bietet XQS Raspberry Blackcurrant Strong eine saubere, moderne Alternative f\u00fcr Nutzer, die sich nach starken Beerenaromen in Kombination mit zuverl\u00e4ssiger Nikotinst\u00e4rke sehnen.<\/span><\/p>\n<table>\n<tbody>\n<tr>\n<td><b>Attribut<\/b><\/td>\n<td><b>Einzelheiten<\/b><\/td>\n<\/tr>\n<tr>\n<td><b>Marke<\/b><\/td>\n<td><span style=\"font-weight: 400;\">XQS<\/span><\/td>\n<\/tr>\n<tr>\n<td><b>Produkttyp<\/b><\/td>\n<td><span style=\"font-weight: 400;\">Alle wei\u00dfen Nikotinbeutel<\/span><\/td>\n<\/tr>\n<tr>\n<td><b>Format<\/b><\/td>\n<td><span style=\"font-weight: 400;\">Schlank<\/span><\/td>\n<\/tr>\n<tr>\n<td><b>Geschmack<\/b><\/td>\n<td><span style=\"font-weight: 400;\">Himbeere &amp; Schwarze Johannisbeere<\/span><\/td>\n<\/tr>\n<tr>\n<td><b>Nikotinst\u00e4rke<\/b><\/td>\n<td><span style=\"font-weight: 400;\">10 mg pro Beutel (13 mg\/g)<\/span><\/td>\n<\/tr>\n<tr>\n<td><b>Portion Gewicht<\/b><\/td>\n<td><span style=\"font-weight: 400;\">0,75 Gramm<\/span><\/td>\n<\/tr>\n<tr>\n<td><b>Anzahl der Portionen<\/b><\/td>\n<td><span style=\"font-weight: 400;\">20 pro Dose<\/span><\/td>\n<\/tr>\n<tr>\n<td><b>Gesamtgewicht der Dose<\/b><\/td>\n<td><span style=\"font-weight: 400;\">15 Gramm<\/span><\/td>\n<\/tr>\n<tr>\n<td><b>Hersteller<\/b><\/td>\n<td><span style=\"font-weight: 400;\">XQS International<\/span><\/td>\n<\/tr>\n<tr>\n<td><b>Bemerkenswerte Merkmale<\/b><\/td>\n<td><span style=\"font-weight: 400;\">Tabakfrei, schlankes Format, Himbeeren- &amp; Schwarze Johannisbeere-Geschmack mit starker Nikotinst\u00e4rke<\/span><\/td>\n<\/tr>\n<\/tbody>\n<\/table>","protected":false},"excerpt":{"rendered":"<p><span style=\"font-weight: 400;\">XQS Raspberry Blackcurrant Strong liefert einen <\/span>lebendige Verschmelzung von<b> s\u00fc\u00dfe Himbeere und reiche schwarze Johannisbeere <\/b>Geschm\u00e4cker<span style=\"font-weight: 400;\">, und schafft so ein k\u00fchnes und fruchtiges Nikotinerlebnis. Perfekt f\u00fcr Benutzer, die tiefe Beerenprofile mit einem saftigen, spritzigen Kick genie\u00dfen, mischt dieser Beutel zwei geliebte Aromen in eine befriedigende und geschmackvolle Sensation. Jede <strong>schlank<\/strong>, Der komplett wei\u00dfe Beutel enth\u00e4lt <\/span><b>10 mg Nikotin<\/b><span style=\"font-weight: 400;\">, und bietet eine starke und gleichm\u00e4\u00dfige Freisetzung f\u00fcr zuverl\u00e4ssigen Nikotingenuss.<\/span><\/p>","protected":false},"featured_media":63921,"comment_status":"open","ping_status":"closed","template":"","format":[206],"meta":{"_acf_changed":false},"product_brand":[],"product_cat":[27],"product_tag":[16587],"flavours":[196],"nicotine":[213,232],"class_list":{"0":"post-10635","1":"product","2":"type-product","3":"status-publish","4":"has-post-thumbnail","6":"product_cat-xqs","7":"product_tag-10-mg-pouch","8":"pa_quantity-1-pack","9":"pa_quantity-10-pack","10":"pa_quantity-3-pack","11":"pa_quantity-30-pack","12":"pa_quantity-5-pack","13":"pa_quantity-60-pack","14":"flavours-fruits-berries","15":"format-slim","16":"nicotine-16-mg-g","17":"nicotine-extra-strong","19":"first","20":"instock","21":"taxable","22":"shipping-taxable","23":"purchasable","24":"product-type-variable","25":"has-default-attributes"},"acf":[],"_links":{"self":[{"href":"https:\/\/whitelip.com\/de\/wp-json\/wp\/v2\/product\/10635","targetHints":{"allow":["GET"]}}],"collection":[{"href":"https:\/\/whitelip.com\/de\/wp-json\/wp\/v2\/product"}],"about":[{"href":"https:\/\/whitelip.com\/de\/wp-json\/wp\/v2\/types\/product"}],"replies":[{"embeddable":true,"href":"https:\/\/whitelip.com\/de\/wp-json\/wp\/v2\/comments?post=10635"}],"wp:featuredmedia":[{"embeddable":true,"href":"https:\/\/whitelip.com\/de\/wp-json\/wp\/v2\/media\/63921"}],"wp:attachment":[{"href":"https:\/\/whitelip.com\/de\/wp-json\/wp\/v2\/media?parent=10635"}],"wp:term":[{"taxonomy":"product_brand","embeddable":true,"href":"https:\/\/whitelip.com\/de\/wp-json\/wp\/v2\/product_brand?post=10635"},{"taxonomy":"product_cat","embeddable":true,"href":"https:\/\/whitelip.com\/de\/wp-json\/wp\/v2\/product_cat?post=10635"},{"taxonomy":"product_tag","embeddable":true,"href":"https:\/\/whitelip.com\/de\/wp-json\/wp\/v2\/product_tag?post=10635"},{"taxonomy":"flavours","embeddable":true,"href":"https:\/\/whitelip.com\/de\/wp-json\/wp\/v2\/flavours?post=10635"},{"taxonomy":"format","embeddable":true,"href":"https:\/\/whitelip.com\/de\/wp-json\/wp\/v2\/format?post=10635"},{"taxonomy":"nicotine","embeddable":true,"href":"https:\/\/whitelip.com\/de\/wp-json\/wp\/v2\/nicotine?post=10635"}],"curies":[{"name":"wp","href":"https:\/\/api.w.org\/{rel}","templated":true}]}}