{"id":10615,"date":"2025-05-23T12:48:54","date_gmt":"2025-05-23T12:48:54","guid":{"rendered":"https:\/\/whitelip.com\/77-ghost-arctic-berry-vb-mini\/"},"modified":"2026-05-12T10:11:43","modified_gmt":"2026-05-12T10:11:43","slug":"77-ghost-arctic-berry-vb-mini","status":"publish","type":"product","link":"https:\/\/whitelip.com\/de\/77\/77-ghost-arctic-berry-vb-mini\/","title":{"rendered":"77 Ghost Arktische Beere VB Mini"},"content":{"rendered":"<p><span style=\"font-weight: 400;\">Die 77 Ghost Arctic Berry VB Mini Nikotinbeutel bieten eine erfrischende Mischung aus nordischen Waldbeeren mit k\u00fchlender Wirkung, inspiriert von dem finnischen Formel 1 Fahrer Valtteri Bottas. Jeder ganz wei\u00dfe Mini-Beutel enth\u00e4lt 20 mg Nikotin und bietet ein starkes Gef\u00fchl, das f\u00fcr erfahrene Raucher geeignet ist. Das diskrete Design sorgt f\u00fcr einen bequemen Sitz unter der Lippe, so dass sie jederzeit verwendet werden k\u00f6nnen, ohne die Z\u00e4hne zu verf\u00e4rben. Diese von der 77 Group hergestellten tabakfreien Beutel stehen f\u00fcr hohe Qualit\u00e4tsstandards und innovative Geschmackskombinationen.<\/span><\/p>\n<table>\n<tbody>\n<tr>\n<td><b>Attribut<\/b><\/td>\n<td><b>Einzelheiten<\/b><\/td>\n<\/tr>\n<tr>\n<td><b>Inhalt pro Dose<\/b><\/td>\n<td><span style=\"font-weight: 400;\">10g (24 Beutel)<\/span><\/td>\n<\/tr>\n<tr>\n<td><b>Nikotingehalt<\/b><\/td>\n<td><span style=\"font-weight: 400;\">40 mg\/g (20 mg pro Beutel)<\/span><\/td>\n<\/tr>\n<tr>\n<td><b>Format des Beutels<\/b><\/td>\n<td><span style=\"font-weight: 400;\">Mini<\/span><\/td>\n<\/tr>\n<tr>\n<td><b>Produzent<\/b><\/td>\n<td><span style=\"font-weight: 400;\">77 Gruppe<\/span><\/td>\n<\/tr>\n<tr>\n<td><b>Geschmack<\/b><\/td>\n<td><span style=\"font-weight: 400;\">Arktische Beere<\/span><\/td>\n<\/tr>\n<tr>\n<td><b>Typ<\/b><\/td>\n<td><span style=\"font-weight: 400;\">Ganz wei\u00dfe Tasche<\/span><\/td>\n<\/tr>\n<\/tbody>\n<\/table>","protected":false},"excerpt":{"rendered":"<p>Erfrischender nordischer Wald <strong>Beeren<\/strong> mit einem sauberen K\u00fchleffekt, der in Zusammenarbeit mit Valtteri Bottas entwickelt wurde. <strong>Mini<\/strong>, Die komplett wei\u00dfen Beutel sitzen diskret und bequem unter der Lippe und lassen sich ohne Flecken verwenden. Jeder Beutel enth\u00e4lt <strong>20 mg Nikotin<\/strong>, und bietet einen starken Kick, der auch f\u00fcr erfahrene Benutzer geeignet ist.<\/p>","protected":false},"featured_media":10616,"comment_status":"open","ping_status":"closed","template":"","format":[205],"meta":{"_acf_changed":false},"product_brand":[],"product_cat":[23],"product_tag":[16545],"flavours":[196],"nicotine":[225,233],"class_list":{"0":"post-10615","1":"product","2":"type-product","3":"status-publish","4":"has-post-thumbnail","6":"product_cat-23","7":"product_tag-20-mg-pouch","8":"pa_quantity-1-pack","9":"pa_quantity-10-pack","10":"pa_quantity-3-pack","11":"pa_quantity-30-pack","12":"pa_quantity-5-pack","13":"pa_quantity-60-pack","14":"flavours-fruits-berries","15":"format-mini","16":"nicotine-40-mg-g","17":"nicotine-extreme","19":"first","20":"instock","21":"taxable","22":"shipping-taxable","23":"purchasable","24":"product-type-variable","25":"has-default-attributes"},"acf":[],"_links":{"self":[{"href":"https:\/\/whitelip.com\/de\/wp-json\/wp\/v2\/product\/10615","targetHints":{"allow":["GET"]}}],"collection":[{"href":"https:\/\/whitelip.com\/de\/wp-json\/wp\/v2\/product"}],"about":[{"href":"https:\/\/whitelip.com\/de\/wp-json\/wp\/v2\/types\/product"}],"replies":[{"embeddable":true,"href":"https:\/\/whitelip.com\/de\/wp-json\/wp\/v2\/comments?post=10615"}],"wp:featuredmedia":[{"embeddable":true,"href":"https:\/\/whitelip.com\/de\/wp-json\/wp\/v2\/media\/10616"}],"wp:attachment":[{"href":"https:\/\/whitelip.com\/de\/wp-json\/wp\/v2\/media?parent=10615"}],"wp:term":[{"taxonomy":"product_brand","embeddable":true,"href":"https:\/\/whitelip.com\/de\/wp-json\/wp\/v2\/product_brand?post=10615"},{"taxonomy":"product_cat","embeddable":true,"href":"https:\/\/whitelip.com\/de\/wp-json\/wp\/v2\/product_cat?post=10615"},{"taxonomy":"product_tag","embeddable":true,"href":"https:\/\/whitelip.com\/de\/wp-json\/wp\/v2\/product_tag?post=10615"},{"taxonomy":"flavours","embeddable":true,"href":"https:\/\/whitelip.com\/de\/wp-json\/wp\/v2\/flavours?post=10615"},{"taxonomy":"format","embeddable":true,"href":"https:\/\/whitelip.com\/de\/wp-json\/wp\/v2\/format?post=10615"},{"taxonomy":"nicotine","embeddable":true,"href":"https:\/\/whitelip.com\/de\/wp-json\/wp\/v2\/nicotine?post=10615"}],"curies":[{"name":"wp","href":"https:\/\/api.w.org\/{rel}","templated":true}]}}