{"id":10600,"date":"2025-05-22T10:41:37","date_gmt":"2025-05-22T10:41:37","guid":{"rendered":"https:\/\/whitelip.com\/smogen-seabreeze-mint\/"},"modified":"2026-05-01T10:10:44","modified_gmt":"2026-05-01T10:10:44","slug":"smogen-seabreeze-mint","status":"publish","type":"product","link":"https:\/\/whitelip.com\/de\/smogen\/smogen-seabreeze-mint\/","title":{"rendered":"SM\u00d6GEN Seabreeze Minze"},"content":{"rendered":"<h2><b>SM\u00d6GEN Seabreeze Minze<\/b><\/h2>\n<p><span style=\"font-weight: 400;\">SM\u00d6GEN Seabreeze Mint Nikotinbeutel fangen das k\u00fchle, erfrischende Gef\u00fchl einer K\u00fcstenbrise an einem sonnigen Sommertag ein. Inspiriert von der \u201csj\u00f6bris\u201d - ein vertrauter Wind entlang der schwedischen Westk\u00fcste - bietet dieser Geschmack ein knackiges Minzprofil mit sauberer, luftiger Frische. Jeder schlanke, ganz wei\u00dfe Beutel enth\u00e4lt 8 mg Nikotin und ist damit f\u00fcr regelm\u00e4\u00dfige Konsumenten geeignet, die ein ausgewogenes und belebendes Erlebnis suchen. Das diskrete Format sorgt f\u00fcr einen bequemen Sitz unter der Lippe, ideal f\u00fcr den Gebrauch w\u00e4hrend des Tages, ohne die Z\u00e4hne zu verf\u00e4rben. SM\u00d6GEN wird in Schweden hergestellt und bietet einen tabakfreien Beutel mit maritimem Charakter und sommerlicher Vitalit\u00e4t.<\/span><\/p>\n<table>\n<tbody>\n<tr>\n<td><b>Attribut<\/b><\/td>\n<td><b>Einzelheiten<\/b><\/td>\n<\/tr>\n<tr>\n<td><b>Inhalt pro Dose<\/b><\/td>\n<td><span style=\"font-weight: 400;\">12g (20 Beutel)<\/span><\/td>\n<\/tr>\n<tr>\n<td><b>Nikotingehalt<\/b><\/td>\n<td><span style=\"font-weight: 400;\">13mg\/g (8 mg pro Beutel)<\/span><\/td>\n<\/tr>\n<tr>\n<td><b>Format des Beutels<\/b><\/td>\n<td><span style=\"font-weight: 400;\">Schlank<\/span><\/td>\n<\/tr>\n<tr>\n<td><b>Produzent<\/b><\/td>\n<td><span style=\"font-weight: 400;\">SM\u00d6GEN<\/span><\/td>\n<\/tr>\n<tr>\n<td><b>Geschmack<\/b><\/td>\n<td><span style=\"font-weight: 400;\">Minze (Seabreeze-inspiriert)<\/span><\/td>\n<\/tr>\n<tr>\n<td><b>Typ<\/b><\/td>\n<td><span style=\"font-weight: 400;\">Ganz wei\u00dfe Tasche<\/span><\/td>\n<\/tr>\n<\/tbody>\n<\/table>","protected":false},"excerpt":{"rendered":"<p>SM\u00d6GEN Seabreeze Mint Nikotinbeutel bieten einen knackigen, erfrischenden <strong data-start=\"67\" data-end=\"85\">Seabreeze Minze<\/strong> von der schwedischen Westk\u00fcste inspirierte Geschmacksrichtung. <strong data-start=\"126\" data-end=\"134\">Schlank<\/strong>, Das komplett wei\u00dfe Format sorgt f\u00fcr eine diskrete, bequeme Anwendung mit sauberer, luftiger Frische. Jeder Beutel enth\u00e4lt <strong data-start=\"231\" data-end=\"248\">8 mg Nikotin<\/strong>. Hergestellt in Schweden f\u00fcr ein ausgewogenes, belebendes Erlebnis.<\/p>","protected":false},"featured_media":3422,"comment_status":"open","ping_status":"closed","template":"","format":[206],"meta":{"_acf_changed":false},"product_brand":[],"product_cat":[114],"product_tag":[16583],"flavours":[199],"nicotine":[210,232],"class_list":{"0":"post-10600","1":"product","2":"type-product","3":"status-publish","4":"has-post-thumbnail","6":"product_cat-smogen","7":"product_tag-8-mg-pouch","8":"pa_quantity-1-pack","9":"pa_quantity-10-pack","10":"pa_quantity-3-pack","11":"pa_quantity-30-pack","12":"pa_quantity-5-pack","13":"pa_quantity-60-pack","14":"flavours-mint","15":"format-slim","16":"nicotine-13-mg-g","17":"nicotine-extra-strong","19":"first","20":"outofstock","21":"taxable","22":"shipping-taxable","23":"purchasable","24":"product-type-variable"},"acf":[],"_links":{"self":[{"href":"https:\/\/whitelip.com\/de\/wp-json\/wp\/v2\/product\/10600","targetHints":{"allow":["GET"]}}],"collection":[{"href":"https:\/\/whitelip.com\/de\/wp-json\/wp\/v2\/product"}],"about":[{"href":"https:\/\/whitelip.com\/de\/wp-json\/wp\/v2\/types\/product"}],"replies":[{"embeddable":true,"href":"https:\/\/whitelip.com\/de\/wp-json\/wp\/v2\/comments?post=10600"}],"wp:featuredmedia":[{"embeddable":true,"href":"https:\/\/whitelip.com\/de\/wp-json\/wp\/v2\/media\/3422"}],"wp:attachment":[{"href":"https:\/\/whitelip.com\/de\/wp-json\/wp\/v2\/media?parent=10600"}],"wp:term":[{"taxonomy":"product_brand","embeddable":true,"href":"https:\/\/whitelip.com\/de\/wp-json\/wp\/v2\/product_brand?post=10600"},{"taxonomy":"product_cat","embeddable":true,"href":"https:\/\/whitelip.com\/de\/wp-json\/wp\/v2\/product_cat?post=10600"},{"taxonomy":"product_tag","embeddable":true,"href":"https:\/\/whitelip.com\/de\/wp-json\/wp\/v2\/product_tag?post=10600"},{"taxonomy":"flavours","embeddable":true,"href":"https:\/\/whitelip.com\/de\/wp-json\/wp\/v2\/flavours?post=10600"},{"taxonomy":"format","embeddable":true,"href":"https:\/\/whitelip.com\/de\/wp-json\/wp\/v2\/format?post=10600"},{"taxonomy":"nicotine","embeddable":true,"href":"https:\/\/whitelip.com\/de\/wp-json\/wp\/v2\/nicotine?post=10600"}],"curies":[{"name":"wp","href":"https:\/\/api.w.org\/{rel}","templated":true}]}}