{"id":10580,"date":"2025-05-21T07:54:44","date_gmt":"2025-05-21T07:54:44","guid":{"rendered":"https:\/\/whitelip.com\/iceberg-cherry-pie\/"},"modified":"2026-04-03T00:56:12","modified_gmt":"2026-04-03T00:56:12","slug":"iceberg-cherry-pie","status":"publish","type":"product","link":"https:\/\/whitelip.com\/de\/iceberg\/iceberg-cherry-pie\/","title":{"rendered":"ICEBERG-Kirschkuchen"},"content":{"rendered":"<h2><strong>ICEBERG-Kirschkuchen<\/strong><\/h2>\n<p class=\"\" data-start=\"89\" data-end=\"754\">ICEBERG Cherry Pie Nikotinbeutel bringen den klassischen Geschmack von s\u00fc\u00dfen Kirschen und buttrigem Geb\u00e4ck in einem k\u00fchnen, von Desserts inspirierten Beutel zusammen. Mit Noten von reifen Kirschen F\u00fcllung und einem Hauch von warmen Kuchen Kruste, bietet dieses Aroma eine reiche und gem\u00fctliche Erfahrung. Mit einem hohen Nikotingehalt von 50 mg pro Gramm - ca. 35 mg pro Beutel - sind diese Beutel f\u00fcr erfahrene Raucher gedacht, die sowohl Intensit\u00e4t als auch einen einzigartigen Geschmack suchen. Die tortenst\u00fcckf\u00f6rmige Dose enth\u00e4lt 40 Beutel mit einem schlanken Format, das einen bequemen, diskreten Sitz unter der Lippe gew\u00e4hrleistet und gleichzeitig etwas visuell und texturell anderes bietet. ICEBERG Cherry Pie wird von Neoptolem in Polen hergestellt und kombiniert Kreativit\u00e4t, St\u00e4rke und S\u00fc\u00dfe in jedem Beutel - ohne Tabak.<\/p>\n<p><b>Spezifikationen<\/b><\/p>\n<table>\n<tbody>\n<tr>\n<td><b>Attribut<\/b><\/td>\n<td><b>Einzelheiten<\/b><\/td>\n<\/tr>\n<tr>\n<td><b>Inhalt pro Dose<\/b><\/td>\n<td><span style=\"font-weight: 400;\">13g (20 Beutel)<\/span><\/td>\n<\/tr>\n<tr>\n<td><b>Nikotingehalt<\/b><\/td>\n<td><span style=\"font-weight: 400;\">50 mg\/g (35 mg pro Beutel)<\/span><\/td>\n<\/tr>\n<tr>\n<td><b>Format des Beutels<\/b><\/td>\n<td><span style=\"font-weight: 400;\">Schlank<\/span><\/td>\n<\/tr>\n<tr>\n<td><b>Produzent<\/b><\/td>\n<td><span style=\"font-weight: 400;\">Neoptolem<\/span><\/td>\n<\/tr>\n<tr>\n<td><b>Geschmack<\/b><\/td>\n<td><span style=\"font-weight: 400;\">Kirschkuchen (S\u00fc\u00dfkirsche, Geb\u00e4ck)<\/span><\/td>\n<\/tr>\n<tr>\n<td><b>Typ<\/b><\/td>\n<td><span style=\"font-weight: 400;\">Ganz wei\u00dfe Tasche<\/span><\/td>\n<\/tr>\n<\/tbody>\n<\/table>","protected":false},"excerpt":{"rendered":"<p>ICEBERG Cherry Pie Nikotinbeutel bringen den klassischen Geschmack von s\u00fc\u00dfen Kirschen und buttrigem Geb\u00e4ck in einem k\u00fchnen, von Desserts inspirierten Beutel zusammen. Mit Noten von reifen Kirschen F\u00fcllung und einem Hauch von warmen Kuchen Kruste, bietet dieses Aroma eine reiche und gem\u00fctliche Erfahrung. Mit einem hohen Nikotingehalt von 50 mg pro Gramm - ca. 35 mg pro Beutel - sind diese Beutel f\u00fcr erfahrene Raucher gedacht, die sowohl Intensit\u00e4t als auch einen einzigartigen Geschmack suchen. Die tortenst\u00fcckf\u00f6rmige Dose enth\u00e4lt 40 Beutel mit einem schlanken Format, das einen bequemen, diskreten Sitz unter der Lippe gew\u00e4hrleistet und gleichzeitig etwas visuell und texturell anderes bietet. ICEBERG Cherry Pie wird von Neoptolem in Polen hergestellt und kombiniert Kreativit\u00e4t, St\u00e4rke und S\u00fc\u00dfe in jedem Beutel - ohne Tabak.<\/p>","protected":false},"featured_media":10581,"comment_status":"open","ping_status":"closed","template":"","format":[206],"meta":{"_acf_changed":false},"product_brand":[],"product_cat":[50],"product_tag":[16603],"flavours":[196],"nicotine":[226,233],"class_list":{"0":"post-10580","1":"product","2":"type-product","3":"status-publish","4":"has-post-thumbnail","6":"product_cat-iceberg","7":"product_tag-35-mg-pouch","8":"pa_quantity-1-pack","9":"pa_quantity-10-pack","10":"pa_quantity-2-pack","11":"pa_quantity-3-pack","12":"pa_quantity-30-pack","13":"pa_quantity-5-pack","14":"pa_quantity-60-pack","15":"flavours-fruits-berries","16":"format-slim","17":"nicotine-50-mg-g","18":"nicotine-extreme","20":"first","21":"outofstock","22":"taxable","23":"shipping-taxable","24":"purchasable","25":"product-type-variable","26":"has-default-attributes"},"acf":[],"_links":{"self":[{"href":"https:\/\/whitelip.com\/de\/wp-json\/wp\/v2\/product\/10580","targetHints":{"allow":["GET"]}}],"collection":[{"href":"https:\/\/whitelip.com\/de\/wp-json\/wp\/v2\/product"}],"about":[{"href":"https:\/\/whitelip.com\/de\/wp-json\/wp\/v2\/types\/product"}],"replies":[{"embeddable":true,"href":"https:\/\/whitelip.com\/de\/wp-json\/wp\/v2\/comments?post=10580"}],"wp:featuredmedia":[{"embeddable":true,"href":"https:\/\/whitelip.com\/de\/wp-json\/wp\/v2\/media\/10581"}],"wp:attachment":[{"href":"https:\/\/whitelip.com\/de\/wp-json\/wp\/v2\/media?parent=10580"}],"wp:term":[{"taxonomy":"product_brand","embeddable":true,"href":"https:\/\/whitelip.com\/de\/wp-json\/wp\/v2\/product_brand?post=10580"},{"taxonomy":"product_cat","embeddable":true,"href":"https:\/\/whitelip.com\/de\/wp-json\/wp\/v2\/product_cat?post=10580"},{"taxonomy":"product_tag","embeddable":true,"href":"https:\/\/whitelip.com\/de\/wp-json\/wp\/v2\/product_tag?post=10580"},{"taxonomy":"flavours","embeddable":true,"href":"https:\/\/whitelip.com\/de\/wp-json\/wp\/v2\/flavours?post=10580"},{"taxonomy":"format","embeddable":true,"href":"https:\/\/whitelip.com\/de\/wp-json\/wp\/v2\/format?post=10580"},{"taxonomy":"nicotine","embeddable":true,"href":"https:\/\/whitelip.com\/de\/wp-json\/wp\/v2\/nicotine?post=10580"}],"curies":[{"name":"wp","href":"https:\/\/api.w.org\/{rel}","templated":true}]}}