{"id":10565,"date":"2025-05-20T09:42:02","date_gmt":"2025-05-20T09:42:02","guid":{"rendered":"https:\/\/whitelip.com\/zyn-cool-mint-ice-16-5mg\/"},"modified":"2026-04-16T05:08:56","modified_gmt":"2026-04-16T05:08:56","slug":"zyn-cool-mint-ice-16-5mg","status":"publish","type":"product","link":"https:\/\/whitelip.com\/de\/zyn\/zyn-cool-mint-ice-16-5mg\/","title":{"rendered":"ZYN K\u00fchles Minz-Eis 16,5mg"},"content":{"rendered":"<h2><b>ZYN K\u00fchles Minz-Eis 16,5mg<\/b><\/h2>\n<p><span style=\"font-weight: 400;\">ZYN Cool Mint Ice 16.5mg liefert ein extra intensives K\u00fchlerlebnis mit einer gewagten Kombination aus eisigem Menthol und knackiger Pfefferminze. Entwickelt f\u00fcr Benutzer, die ein Maximum an Erfrischung und St\u00e4rke w\u00fcnschen, enth\u00e4lt jeder schlanke, ganz wei\u00dfe Beutel 16,5 mg Nikotin und bietet eine starke und gleichm\u00e4\u00dfige Freisetzung, die schnell wirkt und lange anh\u00e4lt.<\/span><\/p>\n<p><span style=\"font-weight: 400;\">Das schlanke Format sorgt f\u00fcr einen diskreten und bequemen Sitz unter der Lippe und gew\u00e4hrleistet eine saubere Anwendung ohne Flecken. Hergestellt aus hochwertigen, pflanzlichen Inhaltsstoffen und v\u00f6llig tabakfrei, ist ZYN Cool Mint Ice eine starke, moderne Alternative f\u00fcr Nutzer, die sich nach ernsthaftem Minzgeschmack und hoher Nikotinwirkung sehnen.<\/span><\/p>\n<table>\n<tbody>\n<tr>\n<td><b>Attribut<\/b><\/td>\n<td><b>Einzelheiten<\/b><\/td>\n<\/tr>\n<tr>\n<td><span style=\"font-weight: 400;\">Marke<\/span><\/td>\n<td><span style=\"font-weight: 400;\">ZYN<\/span><\/td>\n<\/tr>\n<tr>\n<td><span style=\"font-weight: 400;\">Produkttyp<\/span><\/td>\n<td><span style=\"font-weight: 400;\">Alle wei\u00dfen Nikotinbeutel<\/span><\/td>\n<\/tr>\n<tr>\n<td><span style=\"font-weight: 400;\">Format<\/span><\/td>\n<td><span style=\"font-weight: 400;\">Schlank<\/span><\/td>\n<\/tr>\n<tr>\n<td><span style=\"font-weight: 400;\">Geschmack<\/span><\/td>\n<td><span style=\"font-weight: 400;\">Menthol und Pfefferminz<\/span><\/td>\n<\/tr>\n<tr>\n<td><span style=\"font-weight: 400;\">Nikotinst\u00e4rke<\/span><\/td>\n<td><span style=\"font-weight: 400;\">16,5 mg pro Beutel (23,5 mg\/g)<\/span><\/td>\n<\/tr>\n<tr>\n<td><span style=\"font-weight: 400;\">Portion Gewicht<\/span><\/td>\n<td><span style=\"font-weight: 400;\">0,7 Gramm<\/span><\/td>\n<\/tr>\n<tr>\n<td><span style=\"font-weight: 400;\">Anzahl der Portionen<\/span><\/td>\n<td><span style=\"font-weight: 400;\">21 pro Dose<\/span><\/td>\n<\/tr>\n<tr>\n<td><span style=\"font-weight: 400;\">Gesamtgewicht der Dose<\/span><\/td>\n<td><span style=\"font-weight: 400;\">14,7 Gramm<\/span><\/td>\n<\/tr>\n<tr>\n<td><span style=\"font-weight: 400;\">Hersteller<\/span><\/td>\n<td><span style=\"font-weight: 400;\">Schwedisches Streichholz<\/span><\/td>\n<\/tr>\n<tr>\n<td><span style=\"font-weight: 400;\">Bemerkenswerte Merkmale<\/span><\/td>\n<td><span style=\"font-weight: 400;\">Tabakfrei, schlankes Format, extra-k\u00fchlender Minzgeschmack mit hoher Nikotinst\u00e4rke<\/span><\/td>\n<\/tr>\n<\/tbody>\n<\/table>","protected":false},"excerpt":{"rendered":"<p>ZYN <strong data-start=\"4\" data-end=\"21\">K\u00fchles Minz-Eis<\/strong> <strong data-start=\"22\" data-end=\"30\">schlank<\/strong> bietet extra intensive K\u00fchlung mit eisigem Menthol und knackiger Pfefferminze. Gebaut f\u00fcr maximale Erfrischung und St\u00e4rke, enth\u00e4lt jeder Beutel <strong data-start=\"165\" data-end=\"185\">16,5 mg Nikotin<\/strong> f\u00fcr eine schnelle, kraftvolle und lang anhaltende Freisetzung.<\/p>","protected":false},"featured_media":10566,"comment_status":"open","ping_status":"closed","template":"","format":[206],"meta":{"_acf_changed":false},"product_brand":[],"product_cat":[37],"product_tag":[16701],"flavours":[199],"nicotine":[217,232],"class_list":{"0":"post-10565","1":"product","2":"type-product","3":"status-publish","4":"has-post-thumbnail","6":"product_cat-zyn","7":"product_tag-16-5-mg-pouch","8":"pa_quantity-1-pack","9":"pa_quantity-10-pack","10":"pa_quantity-3-pack","11":"pa_quantity-30-pack","12":"pa_quantity-5-pack","13":"pa_quantity-60-pack","14":"flavours-mint","15":"format-slim","16":"nicotine-24-mg-g","17":"nicotine-extra-strong","19":"first","20":"instock","21":"taxable","22":"shipping-taxable","23":"purchasable","24":"product-type-variable","25":"has-default-attributes"},"acf":[],"_links":{"self":[{"href":"https:\/\/whitelip.com\/de\/wp-json\/wp\/v2\/product\/10565","targetHints":{"allow":["GET"]}}],"collection":[{"href":"https:\/\/whitelip.com\/de\/wp-json\/wp\/v2\/product"}],"about":[{"href":"https:\/\/whitelip.com\/de\/wp-json\/wp\/v2\/types\/product"}],"replies":[{"embeddable":true,"href":"https:\/\/whitelip.com\/de\/wp-json\/wp\/v2\/comments?post=10565"}],"wp:featuredmedia":[{"embeddable":true,"href":"https:\/\/whitelip.com\/de\/wp-json\/wp\/v2\/media\/10566"}],"wp:attachment":[{"href":"https:\/\/whitelip.com\/de\/wp-json\/wp\/v2\/media?parent=10565"}],"wp:term":[{"taxonomy":"product_brand","embeddable":true,"href":"https:\/\/whitelip.com\/de\/wp-json\/wp\/v2\/product_brand?post=10565"},{"taxonomy":"product_cat","embeddable":true,"href":"https:\/\/whitelip.com\/de\/wp-json\/wp\/v2\/product_cat?post=10565"},{"taxonomy":"product_tag","embeddable":true,"href":"https:\/\/whitelip.com\/de\/wp-json\/wp\/v2\/product_tag?post=10565"},{"taxonomy":"flavours","embeddable":true,"href":"https:\/\/whitelip.com\/de\/wp-json\/wp\/v2\/flavours?post=10565"},{"taxonomy":"format","embeddable":true,"href":"https:\/\/whitelip.com\/de\/wp-json\/wp\/v2\/format?post=10565"},{"taxonomy":"nicotine","embeddable":true,"href":"https:\/\/whitelip.com\/de\/wp-json\/wp\/v2\/nicotine?post=10565"}],"curies":[{"name":"wp","href":"https:\/\/api.w.org\/{rel}","templated":true}]}}