{"id":10560,"date":"2025-05-20T09:36:55","date_gmt":"2025-05-20T09:36:55","guid":{"rendered":"https:\/\/whitelip.com\/zyn-blackcurrant-ice-13-5mg\/"},"modified":"2026-04-14T11:18:23","modified_gmt":"2026-04-14T11:18:23","slug":"zyn-blackcurrant-ice-13-5mg","status":"publish","type":"product","link":"https:\/\/whitelip.com\/de\/zyn\/zyn-blackcurrant-ice-13-5mg\/","title":{"rendered":"ZYN Schwarze Johannisbeere Eis 13,5mg"},"content":{"rendered":"<h2><strong>ZYN Schwarze Johannisbeere Eis 13,5mg<\/strong><\/h2>\n<p><span style=\"font-weight: 400;\">ZYN Blackcurrant Ice 13,5mg bietet eine k\u00fchne Fusion aus spritziger schwarzer Johannisbeere und knackigem Menthol f\u00fcr ein erfrischendes und fruchtiges Nikotinerlebnis. Mit seinen scharfen Beerennoten und dem eisigen Abgang bietet dieser Beutel ein lebhaftes Geschmackserlebnis, das durch einen hohen Nikotingehalt unterst\u00fctzt wird. Jeder schlanke, ganz wei\u00dfe Beutel enth\u00e4lt 13,5 mg Nikotin und ist damit ideal f\u00fcr Konsumenten, die einen geschmacklichen Kick mit hoher St\u00e4rke suchen.<\/span><\/p>\n<p><span style=\"font-weight: 400;\">Das schlanke Format sorgt f\u00fcr einen diskreten und bequemen Sitz unter der Lippe, perfekt f\u00fcr den jederzeitigen Gebrauch, ohne die Z\u00e4hne zu verf\u00e4rben. Vollst\u00e4ndig aus hochwertigen, pflanzlichen Inhaltsstoffen hergestellt und komplett tabakfrei, bietet ZYN Blackcurrant Ice eine moderne, k\u00fchlende Alternative f\u00fcr Liebhaber starker Aromen.<\/span><\/p>\n<table>\n<tbody>\n<tr>\n<td><b>Attribut<\/b><\/td>\n<td><b>Einzelheiten<\/b><\/td>\n<\/tr>\n<tr>\n<td><span style=\"font-weight: 400;\">Marke<\/span><\/td>\n<td><span style=\"font-weight: 400;\">ZYN<\/span><\/td>\n<\/tr>\n<tr>\n<td><span style=\"font-weight: 400;\">Produkttyp<\/span><\/td>\n<td><span style=\"font-weight: 400;\">Alle wei\u00dfen Nikotinbeutel<\/span><\/td>\n<\/tr>\n<tr>\n<td><span style=\"font-weight: 400;\">Format<\/span><\/td>\n<td><span style=\"font-weight: 400;\">Schlank<\/span><\/td>\n<\/tr>\n<tr>\n<td><span style=\"font-weight: 400;\">Geschmack<\/span><\/td>\n<td><span style=\"font-weight: 400;\">Schwarze Johannisbeere und Menthol<\/span><\/td>\n<\/tr>\n<tr>\n<td><span style=\"font-weight: 400;\">Nikotinst\u00e4rke<\/span><\/td>\n<td><span style=\"font-weight: 400;\">13,5 mg pro Beutel (19,3 mg\/g)<\/span><\/td>\n<\/tr>\n<tr>\n<td><span style=\"font-weight: 400;\">Portion Gewicht<\/span><\/td>\n<td><span style=\"font-weight: 400;\">0,7 Gramm<\/span><\/td>\n<\/tr>\n<tr>\n<td><span style=\"font-weight: 400;\">Anzahl der Portionen<\/span><\/td>\n<td><span style=\"font-weight: 400;\">21 pro Dose<\/span><\/td>\n<\/tr>\n<tr>\n<td><span style=\"font-weight: 400;\">Gesamtgewicht der Dose<\/span><\/td>\n<td><span style=\"font-weight: 400;\">14,7 Gramm<\/span><\/td>\n<\/tr>\n<tr>\n<td><span style=\"font-weight: 400;\">Hersteller<\/span><\/td>\n<td><span style=\"font-weight: 400;\">Schwedisches Streichholz<\/span><\/td>\n<\/tr>\n<tr>\n<td><span style=\"font-weight: 400;\">Bemerkenswerte Merkmale<\/span><\/td>\n<td><span style=\"font-weight: 400;\">Tabakfrei, schlankes Format, Schwarze Johannisbeere und Menthol Geschmack mit hoher Nikotinst\u00e4rke<\/span><\/td>\n<\/tr>\n<\/tbody>\n<\/table>","protected":false},"excerpt":{"rendered":"<p>ZYN <strong data-start=\"4\" data-end=\"24\">Schwarzes Johannisbeereis<\/strong> <strong data-start=\"25\" data-end=\"33\">schlank<\/strong> mischt spritzige schwarze Johannisbeere mit knackigem Menthol f\u00fcr ein lebendiges, erfrischendes Profil. Jeder Beutel enth\u00e4lt <strong data-start=\"134\" data-end=\"154\">13,5 mg Nikotin<\/strong> f\u00fcr einen starken, gleichm\u00e4\u00dfigen Tritt.<\/p>","protected":false},"featured_media":10561,"comment_status":"open","ping_status":"closed","template":"","format":[206],"meta":{"_acf_changed":false},"product_brand":[],"product_cat":[37],"product_tag":[17007],"flavours":[196,199],"nicotine":[216,232],"class_list":{"0":"post-10560","1":"product","2":"type-product","3":"status-publish","4":"has-post-thumbnail","6":"product_cat-zyn","7":"product_tag-13-5-mg-pouch","8":"pa_quantity-1-pack","9":"pa_quantity-10-pack","10":"pa_quantity-3-pack","11":"pa_quantity-30-pack","12":"pa_quantity-5-pack","13":"pa_quantity-60-pack","14":"flavours-fruits-berries","15":"flavours-mint","16":"format-slim","17":"nicotine-19-mg-g","18":"nicotine-extra-strong","20":"first","21":"instock","22":"taxable","23":"shipping-taxable","24":"purchasable","25":"product-type-variable","26":"has-default-attributes"},"acf":[],"_links":{"self":[{"href":"https:\/\/whitelip.com\/de\/wp-json\/wp\/v2\/product\/10560","targetHints":{"allow":["GET"]}}],"collection":[{"href":"https:\/\/whitelip.com\/de\/wp-json\/wp\/v2\/product"}],"about":[{"href":"https:\/\/whitelip.com\/de\/wp-json\/wp\/v2\/types\/product"}],"replies":[{"embeddable":true,"href":"https:\/\/whitelip.com\/de\/wp-json\/wp\/v2\/comments?post=10560"}],"wp:featuredmedia":[{"embeddable":true,"href":"https:\/\/whitelip.com\/de\/wp-json\/wp\/v2\/media\/10561"}],"wp:attachment":[{"href":"https:\/\/whitelip.com\/de\/wp-json\/wp\/v2\/media?parent=10560"}],"wp:term":[{"taxonomy":"product_brand","embeddable":true,"href":"https:\/\/whitelip.com\/de\/wp-json\/wp\/v2\/product_brand?post=10560"},{"taxonomy":"product_cat","embeddable":true,"href":"https:\/\/whitelip.com\/de\/wp-json\/wp\/v2\/product_cat?post=10560"},{"taxonomy":"product_tag","embeddable":true,"href":"https:\/\/whitelip.com\/de\/wp-json\/wp\/v2\/product_tag?post=10560"},{"taxonomy":"flavours","embeddable":true,"href":"https:\/\/whitelip.com\/de\/wp-json\/wp\/v2\/flavours?post=10560"},{"taxonomy":"format","embeddable":true,"href":"https:\/\/whitelip.com\/de\/wp-json\/wp\/v2\/format?post=10560"},{"taxonomy":"nicotine","embeddable":true,"href":"https:\/\/whitelip.com\/de\/wp-json\/wp\/v2\/nicotine?post=10560"}],"curies":[{"name":"wp","href":"https:\/\/api.w.org\/{rel}","templated":true}]}}