{"id":10555,"date":"2025-05-20T09:29:23","date_gmt":"2025-05-20T09:29:23","guid":{"rendered":"https:\/\/whitelip.com\/zyn-menthol-ice-16-5mg\/"},"modified":"2026-04-14T14:50:25","modified_gmt":"2026-04-14T14:50:25","slug":"zyn-menthol-ice-16-5mg","status":"publish","type":"product","link":"https:\/\/whitelip.com\/de\/zyn\/zyn-menthol-ice-16-5mg\/","title":{"rendered":"ZYN Menthol-Eis 16,5mg"},"content":{"rendered":"<h2><strong>ZYN Mentol Eis 16,5mg<\/strong><\/h2>\n<p><span style=\"font-weight: 400;\">ZYN Mentol Ice 16.5mg bietet ein scharfes und erfrischendes Minz-Erlebnis, verst\u00e4rkt durch ein ultra-k\u00fchlendes Menthol-Gef\u00fchl. F\u00fcr erfahrene Raucher entwickelt, liefert jeder Beutel starke 16,5 mg Nikotin mit einem k\u00fchnen, eisigen Abgang, der die Sinne weckt. Dieses starke, minzbetonte Profil ist perfekt f\u00fcr diejenigen, die maximale Intensit\u00e4t in Geschmack und St\u00e4rke suchen.<\/span><\/p>\n<p><span style=\"font-weight: 400;\">Dank seines schlanken, komplett wei\u00dfen Formats sitzt ZYN Mentol Ice bequem und diskret unter der Lippe, ohne die Z\u00e4hne zu verf\u00e4rben. Vollst\u00e4ndig aus pflanzlichen Materialien hergestellt und tabakfrei, bietet es eine saubere und befriedigende Alternative f\u00fcr den modernen Nikotinkonsum mit einem lebendigen, frostigen Rand.<\/span><\/p>\n<table>\n<tbody>\n<tr>\n<td><b>Attribut<\/b><\/td>\n<td><b>Einzelheiten<\/b><\/td>\n<\/tr>\n<tr>\n<td><span style=\"font-weight: 400;\">Marke<\/span><\/td>\n<td><span style=\"font-weight: 400;\">ZYN<\/span><\/td>\n<\/tr>\n<tr>\n<td><span style=\"font-weight: 400;\">Produkttyp<\/span><\/td>\n<td><span style=\"font-weight: 400;\">Alle wei\u00dfen Nikotinbeutel<\/span><\/td>\n<\/tr>\n<tr>\n<td><span style=\"font-weight: 400;\">Format<\/span><\/td>\n<td><span style=\"font-weight: 400;\">Schlank<\/span><\/td>\n<\/tr>\n<tr>\n<td><span style=\"font-weight: 400;\">Geschmack<\/span><\/td>\n<td><span style=\"font-weight: 400;\">Menthol<\/span><\/td>\n<\/tr>\n<tr>\n<td><span style=\"font-weight: 400;\">Nikotinst\u00e4rke<\/span><\/td>\n<td><span style=\"font-weight: 400;\">16,5 mg pro Beutel (23,5 mg\/g)<\/span><\/td>\n<\/tr>\n<tr>\n<td><span style=\"font-weight: 400;\">Portion Gewicht<\/span><\/td>\n<td><span style=\"font-weight: 400;\">0,7 Gramm<\/span><\/td>\n<\/tr>\n<tr>\n<td><span style=\"font-weight: 400;\">Anzahl der Portionen<\/span><\/td>\n<td><span style=\"font-weight: 400;\">21 pro Dose<\/span><\/td>\n<\/tr>\n<tr>\n<td><span style=\"font-weight: 400;\">Gesamtgewicht der Dose<\/span><\/td>\n<td><span style=\"font-weight: 400;\">14,7 Gramm<\/span><\/td>\n<\/tr>\n<tr>\n<td><span style=\"font-weight: 400;\">Hersteller<\/span><\/td>\n<td><span style=\"font-weight: 400;\">Schwedisches Streichholz<\/span><\/td>\n<\/tr>\n<tr>\n<td><span style=\"font-weight: 400;\">Bemerkenswerte Merkmale<\/span><\/td>\n<td><span style=\"font-weight: 400;\">Tabakfrei, schlankes Format, intensiver Menthol Geschmack mit hoher Nikotinst\u00e4rke<\/span><\/td>\n<\/tr>\n<\/tbody>\n<\/table>","protected":false},"excerpt":{"rendered":"<p>ZYN <strong data-start=\"4\" data-end=\"18\">Mentol-Eis<\/strong> liefert scharfe, erfrischende Minze mit ultra-k\u00fchlem Menthol und einem k\u00fchnen, eisigen Abgang. Jeder Beutel enth\u00e4lt <strong data-start=\"122\" data-end=\"142\">16,5 mg Nikotin<\/strong> f\u00fcr eine kraftvolle, intensive Freisetzung, ideal f\u00fcr erfahrene Anwender.<\/p>","protected":false},"featured_media":10556,"comment_status":"open","ping_status":"closed","template":"","format":[206],"meta":{"_acf_changed":false},"product_brand":[],"product_cat":[37],"product_tag":[16701],"flavours":[199],"nicotine":[232,217],"class_list":{"0":"post-10555","1":"product","2":"type-product","3":"status-publish","4":"has-post-thumbnail","6":"product_cat-zyn","7":"product_tag-16-5-mg-pouch","8":"pa_quantity-1-pack","9":"pa_quantity-10-pack","10":"pa_quantity-3-pack","11":"pa_quantity-30-pack","12":"pa_quantity-5-pack","13":"pa_quantity-60-pack","14":"flavours-mint","15":"format-slim","16":"nicotine-extra-strong","17":"nicotine-24-mg-g","19":"first","20":"instock","21":"taxable","22":"shipping-taxable","23":"purchasable","24":"product-type-variable"},"acf":[],"_links":{"self":[{"href":"https:\/\/whitelip.com\/de\/wp-json\/wp\/v2\/product\/10555","targetHints":{"allow":["GET"]}}],"collection":[{"href":"https:\/\/whitelip.com\/de\/wp-json\/wp\/v2\/product"}],"about":[{"href":"https:\/\/whitelip.com\/de\/wp-json\/wp\/v2\/types\/product"}],"replies":[{"embeddable":true,"href":"https:\/\/whitelip.com\/de\/wp-json\/wp\/v2\/comments?post=10555"}],"wp:featuredmedia":[{"embeddable":true,"href":"https:\/\/whitelip.com\/de\/wp-json\/wp\/v2\/media\/10556"}],"wp:attachment":[{"href":"https:\/\/whitelip.com\/de\/wp-json\/wp\/v2\/media?parent=10555"}],"wp:term":[{"taxonomy":"product_brand","embeddable":true,"href":"https:\/\/whitelip.com\/de\/wp-json\/wp\/v2\/product_brand?post=10555"},{"taxonomy":"product_cat","embeddable":true,"href":"https:\/\/whitelip.com\/de\/wp-json\/wp\/v2\/product_cat?post=10555"},{"taxonomy":"product_tag","embeddable":true,"href":"https:\/\/whitelip.com\/de\/wp-json\/wp\/v2\/product_tag?post=10555"},{"taxonomy":"flavours","embeddable":true,"href":"https:\/\/whitelip.com\/de\/wp-json\/wp\/v2\/flavours?post=10555"},{"taxonomy":"format","embeddable":true,"href":"https:\/\/whitelip.com\/de\/wp-json\/wp\/v2\/format?post=10555"},{"taxonomy":"nicotine","embeddable":true,"href":"https:\/\/whitelip.com\/de\/wp-json\/wp\/v2\/nicotine?post=10555"}],"curies":[{"name":"wp","href":"https:\/\/api.w.org\/{rel}","templated":true}]}}