{"id":10534,"date":"2025-05-13T11:44:37","date_gmt":"2025-05-13T11:44:37","guid":{"rendered":"https:\/\/whitelip.com\/xqs-fruzzle-strong\/"},"modified":"2026-04-14T14:07:22","modified_gmt":"2026-04-14T14:07:22","slug":"xqs-fruzzle-strong","status":"publish","type":"product","link":"https:\/\/whitelip.com\/de\/xqs\/xqs-fruzzle-strong\/","title":{"rendered":"XQS Fruzzle Strong"},"content":{"rendered":"<h2><b>XQS Fruzzle Strong<\/b><\/h2>\n<p><span style=\"font-weight: 400;\">XQS Fruzzle Strong enth\u00e4lt eine k\u00fchne und erfrischende Mischung aus <\/span><b>gefrorene Fruchtgeschmacksrichtungen<\/b><span style=\"font-weight: 400;\">, und liefert eine einzigartige Mischung aus eisiger S\u00fc\u00dfe und lebhaften Fruchtnoten. Ideal f\u00fcr Benutzer, die k\u00fchle, geschmackvolle Empfindungen genie\u00dfen, enth\u00e4lt jeder schlanke, ganz wei\u00dfe Beutel <\/span><b>10 mg Nikotin<\/b><span style=\"font-weight: 400;\">, Dadurch wird eine starke und gleichm\u00e4\u00dfige Freisetzung gew\u00e4hrleistet, die den ganzen Tag \u00fcber befriedigt.<\/span><\/p>\n<p><span style=\"font-weight: 400;\">Mit seinem diskreten, schlanken Format passt Fruzzle Strong bequem unter die Lippe und ist so konzipiert, dass er keine Flecken hinterl\u00e4sst. Hergestellt aus hochwertigen, tabakfreien Pflanzenfasern, bietet dieser Beutel ein sauberes und genussvolles Erlebnis f\u00fcr alle, die einen intensiven Fruchtgeschmack mit einem frostigen Twist suchen.<\/span><\/p>\n<table>\n<tbody>\n<tr>\n<td><b>Attribut<\/b><\/td>\n<td><b>Einzelheiten<\/b><\/td>\n<\/tr>\n<tr>\n<td><b>Marke<\/b><\/td>\n<td><span style=\"font-weight: 400;\">XQS<\/span><\/td>\n<\/tr>\n<tr>\n<td><b>Produkttyp<\/b><\/td>\n<td><span style=\"font-weight: 400;\">Alle wei\u00dfen Nikotinbeutel<\/span><\/td>\n<\/tr>\n<tr>\n<td><b>Format<\/b><\/td>\n<td><span style=\"font-weight: 400;\">Schlank<\/span><\/td>\n<\/tr>\n<tr>\n<td><b>Geschmack<\/b><\/td>\n<td><span style=\"font-weight: 400;\">Gefrorene Fr\u00fcchte<\/span><\/td>\n<\/tr>\n<tr>\n<td><b>Nikotinst\u00e4rke<\/b><\/td>\n<td><span style=\"font-weight: 400;\">10 mg pro Beutel (13 mg\/g)<\/span><\/td>\n<\/tr>\n<tr>\n<td><b>Portion Gewicht<\/b><\/td>\n<td><span style=\"font-weight: 400;\">0,75 Gramm<\/span><\/td>\n<\/tr>\n<tr>\n<td><b>Anzahl der Portionen<\/b><\/td>\n<td><span style=\"font-weight: 400;\">20 pro Dose<\/span><\/td>\n<\/tr>\n<tr>\n<td><b>Gesamtgewicht der Dose<\/b><\/td>\n<td><span style=\"font-weight: 400;\">15 Gramm<\/span><\/td>\n<\/tr>\n<tr>\n<td><b>Hersteller<\/b><\/td>\n<td><span style=\"font-weight: 400;\">XQS International<\/span><\/td>\n<\/tr>\n<tr>\n<td><b>Bemerkenswerte Merkmale<\/b><\/td>\n<td><span style=\"font-weight: 400;\">Tabakfrei, schlankes Format, intensiver gefrorener Fruchtgeschmack mit starker Nikotinst\u00e4rke<\/span><\/td>\n<\/tr>\n<\/tbody>\n<\/table>","protected":false},"excerpt":{"rendered":"<p><span style=\"font-weight: 400;\">XQS Fruzzle Strong enth\u00e4lt eine k\u00fchne und erfrischende Mischung aus <\/span><b>gefrorene Fruchtgeschmacksrichtungen<\/b><span style=\"font-weight: 400;\">, und liefert eine einzigartige Mischung aus eisiger S\u00fc\u00dfe und lebhaften Fruchtnoten. Ideal f\u00fcr Benutzer, die k\u00fchle, geschmackvolle Empfindungen genie\u00dfen, jedes <strong>schlank<\/strong>, Der komplett wei\u00dfe Beutel enth\u00e4lt <\/span><b>10 mg Nikotin<\/b><span style=\"font-weight: 400;\">, Dadurch wird eine starke und gleichm\u00e4\u00dfige Freisetzung gew\u00e4hrleistet, die den ganzen Tag \u00fcber befriedigt.<\/span><\/p>","protected":false},"featured_media":10535,"comment_status":"open","ping_status":"closed","template":"","format":[206],"meta":{"_acf_changed":false},"product_brand":[],"product_cat":[27],"product_tag":[16587],"flavours":[196],"nicotine":[213,232],"class_list":{"0":"post-10534","1":"product","2":"type-product","3":"status-publish","4":"has-post-thumbnail","6":"product_cat-xqs","7":"product_tag-10-mg-pouch","8":"pa_quantity-1-pack","9":"pa_quantity-10-pack","10":"pa_quantity-3-pack","11":"pa_quantity-30-pack","12":"pa_quantity-5-pack","13":"pa_quantity-60-pack","14":"flavours-fruits-berries","15":"format-slim","16":"nicotine-16-mg-g","17":"nicotine-extra-strong","19":"first","20":"instock","21":"taxable","22":"shipping-taxable","23":"purchasable","24":"product-type-variable","25":"has-default-attributes"},"acf":[],"_links":{"self":[{"href":"https:\/\/whitelip.com\/de\/wp-json\/wp\/v2\/product\/10534","targetHints":{"allow":["GET"]}}],"collection":[{"href":"https:\/\/whitelip.com\/de\/wp-json\/wp\/v2\/product"}],"about":[{"href":"https:\/\/whitelip.com\/de\/wp-json\/wp\/v2\/types\/product"}],"replies":[{"embeddable":true,"href":"https:\/\/whitelip.com\/de\/wp-json\/wp\/v2\/comments?post=10534"}],"wp:featuredmedia":[{"embeddable":true,"href":"https:\/\/whitelip.com\/de\/wp-json\/wp\/v2\/media\/10535"}],"wp:attachment":[{"href":"https:\/\/whitelip.com\/de\/wp-json\/wp\/v2\/media?parent=10534"}],"wp:term":[{"taxonomy":"product_brand","embeddable":true,"href":"https:\/\/whitelip.com\/de\/wp-json\/wp\/v2\/product_brand?post=10534"},{"taxonomy":"product_cat","embeddable":true,"href":"https:\/\/whitelip.com\/de\/wp-json\/wp\/v2\/product_cat?post=10534"},{"taxonomy":"product_tag","embeddable":true,"href":"https:\/\/whitelip.com\/de\/wp-json\/wp\/v2\/product_tag?post=10534"},{"taxonomy":"flavours","embeddable":true,"href":"https:\/\/whitelip.com\/de\/wp-json\/wp\/v2\/flavours?post=10534"},{"taxonomy":"format","embeddable":true,"href":"https:\/\/whitelip.com\/de\/wp-json\/wp\/v2\/format?post=10534"},{"taxonomy":"nicotine","embeddable":true,"href":"https:\/\/whitelip.com\/de\/wp-json\/wp\/v2\/nicotine?post=10534"}],"curies":[{"name":"wp","href":"https:\/\/api.w.org\/{rel}","templated":true}]}}