{"id":10519,"date":"2025-05-06T11:58:41","date_gmt":"2025-05-06T11:58:41","guid":{"rendered":"https:\/\/whitelip.com\/helwit-strawberry\/"},"modified":"2026-04-14T13:48:49","modified_gmt":"2026-04-14T13:48:49","slug":"helwit-strawberry","status":"publish","type":"product","link":"https:\/\/whitelip.com\/de\/helwit\/helwit-strawberry\/","title":{"rendered":"HELWIT-Erdbeere"},"content":{"rendered":"<h2><b>HELWIT-Erdbeere<\/b><\/h2>\n<p><span style=\"font-weight: 400;\">HELWIT Strawberry Nikotinbeutel liefern einen saftigen und s\u00fc\u00dfen Erdbeergeschmack und fangen den Geschmack von frisch gepfl\u00fcckten Beeren in jedem Beutel ein. Mit einem sanften und ausgewogenen Profil bieten diese Beutel ein zug\u00e4ngliches und dennoch befriedigendes Erlebnis. Jeder Beutel im schlanken Format enth\u00e4lt 9 mg Nikotin pro Gramm und ist damit ideal f\u00fcr regelm\u00e4\u00dfige Raucher, die eine fruchtige Note bevorzugen. Die Beutel sind f\u00fcr den diskreten Gebrauch konzipiert und so gestaltet, dass sie keine Zahnverf\u00e4rbungen verursachen, so dass sie jederzeit und \u00fcberall verwendet werden k\u00f6nnen. HELWIT Strawberry wird von YOIK AB in Schweden hergestellt und verbindet moderne Herstellung mit einem Engagement f\u00fcr saubere, geschmackvolle Alternativen.<\/span><\/p>\n<table>\n<tbody>\n<tr>\n<td><b>Attribut<\/b><\/td>\n<td><b>Einzelheiten<\/b><\/td>\n<\/tr>\n<tr>\n<td><b>Inhalt pro Dose<\/b><\/td>\n<td><span style=\"font-weight: 400;\">10g (20 Beutel)<\/span><\/td>\n<\/tr>\n<tr>\n<td><b>Nikotingehalt<\/b><\/td>\n<td><span style=\"font-weight: 400;\">9 mg\/g (4,5 mg pro Beutel)<\/span><\/td>\n<\/tr>\n<tr>\n<td><b>Format des Beutels<\/b><\/td>\n<td><span style=\"font-weight: 400;\">Schlank<\/span><\/td>\n<\/tr>\n<tr>\n<td><b>Produzent<\/b><\/td>\n<td><span style=\"font-weight: 400;\">YOIK AB<\/span><\/td>\n<\/tr>\n<tr>\n<td><b>Geschmack<\/b><\/td>\n<td><span style=\"font-weight: 400;\">Strawberry<\/span><\/td>\n<\/tr>\n<tr>\n<td><b>Typ<\/b><\/td>\n<td><span style=\"font-weight: 400;\">Ganz wei\u00dfe Tasche<\/span><\/td>\n<\/tr>\n<\/tbody>\n<\/table>","protected":false},"excerpt":{"rendered":"<p>Saftig, s\u00fc\u00df <strong data-start=\"13\" data-end=\"27\">Erdbeere<\/strong> mit einem frisch gepfl\u00fcckten, weichen und ausgewogenen Profil. <strong data-start=\"75\" data-end=\"83\">Schlank<\/strong>, Die komplett wei\u00dfen, tabakfreien Beutel sitzen diskret unter der Lippe und f\u00e4rben nicht auf die Z\u00e4hne ab. Jeder Beutel enth\u00e4lt <strong data-start=\"189\" data-end=\"208\">9 mg\/g Nikotin<\/strong>, und liefert eine zug\u00e4ngliche, aber zufriedenstellende Ver\u00f6ffentlichung. Produziert von YOIK AB (Schweden).<\/p>","protected":false},"featured_media":10520,"comment_status":"open","ping_status":"closed","template":"","format":[206],"meta":{"_acf_changed":false},"product_brand":[],"product_cat":[52],"product_tag":[16595],"flavours":[196],"nicotine":[231,236],"class_list":{"0":"post-10519","1":"product","2":"type-product","3":"status-publish","4":"has-post-thumbnail","6":"product_cat-helwit","7":"product_tag-4-5-mg-pouch","8":"pa_quantity-1-pack","9":"pa_quantity-10-pack","10":"pa_quantity-3-pack","11":"pa_quantity-30-pack","12":"pa_quantity-5-pack","13":"pa_quantity-60-pack","14":"flavours-fruits-berries","15":"format-slim","16":"nicotine-9-mg-g","17":"nicotine-strong","19":"first","20":"instock","21":"taxable","22":"shipping-taxable","23":"purchasable","24":"product-type-variable","25":"has-default-attributes"},"acf":[],"_links":{"self":[{"href":"https:\/\/whitelip.com\/de\/wp-json\/wp\/v2\/product\/10519","targetHints":{"allow":["GET"]}}],"collection":[{"href":"https:\/\/whitelip.com\/de\/wp-json\/wp\/v2\/product"}],"about":[{"href":"https:\/\/whitelip.com\/de\/wp-json\/wp\/v2\/types\/product"}],"replies":[{"embeddable":true,"href":"https:\/\/whitelip.com\/de\/wp-json\/wp\/v2\/comments?post=10519"}],"wp:featuredmedia":[{"embeddable":true,"href":"https:\/\/whitelip.com\/de\/wp-json\/wp\/v2\/media\/10520"}],"wp:attachment":[{"href":"https:\/\/whitelip.com\/de\/wp-json\/wp\/v2\/media?parent=10519"}],"wp:term":[{"taxonomy":"product_brand","embeddable":true,"href":"https:\/\/whitelip.com\/de\/wp-json\/wp\/v2\/product_brand?post=10519"},{"taxonomy":"product_cat","embeddable":true,"href":"https:\/\/whitelip.com\/de\/wp-json\/wp\/v2\/product_cat?post=10519"},{"taxonomy":"product_tag","embeddable":true,"href":"https:\/\/whitelip.com\/de\/wp-json\/wp\/v2\/product_tag?post=10519"},{"taxonomy":"flavours","embeddable":true,"href":"https:\/\/whitelip.com\/de\/wp-json\/wp\/v2\/flavours?post=10519"},{"taxonomy":"format","embeddable":true,"href":"https:\/\/whitelip.com\/de\/wp-json\/wp\/v2\/format?post=10519"},{"taxonomy":"nicotine","embeddable":true,"href":"https:\/\/whitelip.com\/de\/wp-json\/wp\/v2\/nicotine?post=10519"}],"curies":[{"name":"wp","href":"https:\/\/api.w.org\/{rel}","templated":true}]}}