{"id":10514,"date":"2025-05-06T09:10:43","date_gmt":"2025-05-06T09:10:43","guid":{"rendered":"https:\/\/whitelip.com\/xqs-hallon-lakrits-strong\/"},"modified":"2026-04-13T17:36:46","modified_gmt":"2026-04-13T17:36:46","slug":"xqs-hallon-lakrits-strong","status":"publish","type":"product","link":"https:\/\/whitelip.com\/de\/xqs\/xqs-hallon-lakrits-strong\/","title":{"rendered":"XQS Hallon Lakrits Stark"},"content":{"rendered":"<h2><b>XQS Hallon Lakrits Stark<\/b><\/h2>\n<p><span style=\"font-weight: 400;\">XQS Hallon Lakrits Strong kombiniert die <\/span><b>kr\u00e4ftige S\u00fc\u00dfe der Himbeere mit der salzigen Tiefe der klassischen Lakritze<\/b><span style=\"font-weight: 400;\">, und sorgt f\u00fcr ein einzigartiges nordisches Geschmackserlebnis. Perfekt f\u00fcr Konsumenten, die komplexe und kontrastreiche Geschmacksprofile zu sch\u00e4tzen wissen, vereint dieser Beutel fruchtige und herzhafte Noten zu einem befriedigenden und ausgewogenen Gef\u00fchl. Jeder schlanke, ganz wei\u00dfe Beutel enth\u00e4lt <\/span><b>10 mg Nikotin<\/b><span style=\"font-weight: 400;\">, und bietet eine starke und gleichm\u00e4\u00dfige Freisetzung f\u00fcr eine zuverl\u00e4ssige Nikotinbefriedigung.<\/span><\/p>\n<p><span style=\"font-weight: 400;\">Entwickelt f\u00fcr Komfort und Diskretion, passt der schlanke Beutel leicht unter die Lippe und hinterl\u00e4sst keine Flecken. V\u00f6llig tabakfrei und aus hochwertigen pflanzlichen Fasern hergestellt, bietet XQS Hallon Lakrits Strong eine geschmackvolle und saubere Alternative f\u00fcr diejenigen, die mutige, s\u00fc\u00df-salzige Kombinationen mit zuverl\u00e4ssiger St\u00e4rke genie\u00dfen.<\/span><\/p>\n<table>\n<tbody>\n<tr>\n<td><b>Attribut<\/b><\/td>\n<td><b>Einzelheiten<\/b><\/td>\n<\/tr>\n<tr>\n<td><b>Marke<\/b><\/td>\n<td><span style=\"font-weight: 400;\">XQS<\/span><\/td>\n<\/tr>\n<tr>\n<td><b>Produkttyp<\/b><\/td>\n<td><span style=\"font-weight: 400;\">Alle wei\u00dfen Nikotinbeutel<\/span><\/td>\n<\/tr>\n<tr>\n<td><b>Format<\/b><\/td>\n<td><span style=\"font-weight: 400;\">Schlank<\/span><\/td>\n<\/tr>\n<tr>\n<td><b>Geschmack<\/b><\/td>\n<td><span style=\"font-weight: 400;\">Himbeere &amp; Lakritze<\/span><\/td>\n<\/tr>\n<tr>\n<td><b>Nikotinst\u00e4rke<\/b><\/td>\n<td><span style=\"font-weight: 400;\">10 mg pro Beutel (13 mg\/g)<\/span><\/td>\n<\/tr>\n<tr>\n<td><b>Portion Gewicht<\/b><\/td>\n<td><span style=\"font-weight: 400;\">0,75 Gramm<\/span><\/td>\n<\/tr>\n<tr>\n<td><b>Anzahl der Portionen<\/b><\/td>\n<td><span style=\"font-weight: 400;\">20 pro Dose<\/span><\/td>\n<\/tr>\n<tr>\n<td><b>Gesamtgewicht der Dose<\/b><\/td>\n<td><span style=\"font-weight: 400;\">15 Gramm<\/span><\/td>\n<\/tr>\n<tr>\n<td><b>Hersteller<\/b><\/td>\n<td><span style=\"font-weight: 400;\">XQS International<\/span><\/td>\n<\/tr>\n<tr>\n<td><b>Bemerkenswerte Merkmale<\/b><\/td>\n<td><span style=\"font-weight: 400;\">Tabakfrei, schlankes Format, Himbeeren- &amp; Lakritze-Geschmack mit starker Nikotinst\u00e4rke<\/span><\/td>\n<\/tr>\n<\/tbody>\n<\/table>","protected":false},"excerpt":{"rendered":"<p>XQS <strong>Himbeere &amp; Lakritze<\/strong>\u00a0verbindet kr\u00e4ftige Himbeere mit salzigem Lakritz zu einem komplexen nordischen Profil. Die <strong data-start=\"110\" data-end=\"118\">schlank<\/strong>, Die ganz in Wei\u00df gehaltenen Beutel sind diskret und bequem. Jeder Beutel enth\u00e4lt <strong data-start=\"188\" data-end=\"206\">10 mg Nikotin<\/strong> f\u00fcr eine starke, konsistente Freisetzung.<\/p>","protected":false},"featured_media":84310,"comment_status":"open","ping_status":"closed","template":"","format":[206],"meta":{"_acf_changed":false},"product_brand":[],"product_cat":[27],"product_tag":[16587],"flavours":[196,198],"nicotine":[213,232],"class_list":{"0":"post-10514","1":"product","2":"type-product","3":"status-publish","4":"has-post-thumbnail","6":"product_cat-xqs","7":"product_tag-10-mg-pouch","8":"pa_quantity-1-pack","9":"pa_quantity-10-pack","10":"pa_quantity-3-pack","11":"pa_quantity-30-pack","12":"pa_quantity-5-pack","13":"pa_quantity-60-pack","14":"flavours-fruits-berries","15":"flavours-licorice","16":"format-slim","17":"nicotine-16-mg-g","18":"nicotine-extra-strong","20":"first","21":"instock","22":"taxable","23":"shipping-taxable","24":"purchasable","25":"product-type-variable","26":"has-default-attributes"},"acf":[],"_links":{"self":[{"href":"https:\/\/whitelip.com\/de\/wp-json\/wp\/v2\/product\/10514","targetHints":{"allow":["GET"]}}],"collection":[{"href":"https:\/\/whitelip.com\/de\/wp-json\/wp\/v2\/product"}],"about":[{"href":"https:\/\/whitelip.com\/de\/wp-json\/wp\/v2\/types\/product"}],"replies":[{"embeddable":true,"href":"https:\/\/whitelip.com\/de\/wp-json\/wp\/v2\/comments?post=10514"}],"wp:featuredmedia":[{"embeddable":true,"href":"https:\/\/whitelip.com\/de\/wp-json\/wp\/v2\/media\/84310"}],"wp:attachment":[{"href":"https:\/\/whitelip.com\/de\/wp-json\/wp\/v2\/media?parent=10514"}],"wp:term":[{"taxonomy":"product_brand","embeddable":true,"href":"https:\/\/whitelip.com\/de\/wp-json\/wp\/v2\/product_brand?post=10514"},{"taxonomy":"product_cat","embeddable":true,"href":"https:\/\/whitelip.com\/de\/wp-json\/wp\/v2\/product_cat?post=10514"},{"taxonomy":"product_tag","embeddable":true,"href":"https:\/\/whitelip.com\/de\/wp-json\/wp\/v2\/product_tag?post=10514"},{"taxonomy":"flavours","embeddable":true,"href":"https:\/\/whitelip.com\/de\/wp-json\/wp\/v2\/flavours?post=10514"},{"taxonomy":"format","embeddable":true,"href":"https:\/\/whitelip.com\/de\/wp-json\/wp\/v2\/format?post=10514"},{"taxonomy":"nicotine","embeddable":true,"href":"https:\/\/whitelip.com\/de\/wp-json\/wp\/v2\/nicotine?post=10514"}],"curies":[{"name":"wp","href":"https:\/\/api.w.org\/{rel}","templated":true}]}}