{"id":10501,"date":"2025-04-17T11:47:20","date_gmt":"2025-04-17T11:47:20","guid":{"rendered":"https:\/\/whitelip.com\/stng-bubble-max\/"},"modified":"2026-04-14T02:12:12","modified_gmt":"2026-04-14T02:12:12","slug":"stng-bubble-max","status":"publish","type":"product","link":"https:\/\/whitelip.com\/de\/stng\/stng-bubble-max\/","title":{"rendered":"STNG Bubble Max"},"content":{"rendered":"<h2><strong>STNG Bubble Max<\/strong><\/h2>\n<p class=\"\" data-start=\"100\" data-end=\"587\">STNG Bubble Max Nikotinbeutel bieten die nostalgische S\u00fc\u00dfe des klassischen Kaugummigeschmacks, aufgeladen mit einem starken Nikotinkick. Jeder schlanke, ganz wei\u00dfe Beutel liefert 27,5 mg Nikotin, f\u00fcr erfahrene Nutzer, die maximale St\u00e4rke mit einem lustigen und geschmackvollen Twist wollen, gefertigt. Die Beutel wurden f\u00fcr den diskreten Gebrauch entwickelt, passen bequem unter die Lippe und f\u00e4rben nicht auf die Z\u00e4hne ab. Bubble Max wird von STNG hergestellt und bietet spielerischen Geschmack mit voller Leistung.<\/p>\n<table>\n<tbody>\n<tr>\n<td><b>Attribut<\/b><\/td>\n<td><b>Einzelheiten<\/b><\/td>\n<\/tr>\n<tr>\n<td><b>Inhalt pro Dose<\/b><\/td>\n<td><span style=\"font-weight: 400;\">11g (20 Beutel)<\/span><\/td>\n<\/tr>\n<tr>\n<td><b>Nikotingehalt<\/b><\/td>\n<td><span style=\"font-weight: 400;\">50 mg\/g (27,5 mg pro Beutel)<\/span><\/td>\n<\/tr>\n<tr>\n<td><b>Format des Beutels<\/b><\/td>\n<td><span style=\"font-weight: 400;\">Schlank<\/span><\/td>\n<\/tr>\n<tr>\n<td><b>Produzent<\/b><\/td>\n<td><span style=\"font-weight: 400;\">STNG<\/span><\/td>\n<\/tr>\n<tr>\n<td><b>Geschmack<\/b><\/td>\n<td><span style=\"font-weight: 400;\">Kaugummi<\/span><\/td>\n<\/tr>\n<tr>\n<td><b>Typ<\/b><\/td>\n<td><span style=\"font-weight: 400;\">Ganz wei\u00dfe Tasche<\/span><\/td>\n<\/tr>\n<\/tbody>\n<\/table>","protected":false},"excerpt":{"rendered":"<p>STNG Bubble Max Nikotinbeutel liefern ein nostalgisches <strong data-start=\"53\" data-end=\"66\">Kaugummi<\/strong> Geschmack mit s\u00fc\u00dfen, verspielten Noten. <strong data-start=\"101\" data-end=\"109\">Schlank<\/strong>, Format in reinwei\u00df f\u00fcr diskreten Komfort unter der Lippe. Jeder Beutel enth\u00e4lt <strong data-start=\"184\" data-end=\"204\">27,5 mg Nikotin<\/strong>.<\/p>","protected":false},"featured_media":27186,"comment_status":"open","ping_status":"closed","template":"","format":[206],"meta":{"_acf_changed":false},"product_brand":[],"product_cat":[111],"product_tag":[17003],"flavours":[185],"nicotine":[226,233],"class_list":{"0":"post-10501","1":"product","2":"type-product","3":"status-publish","4":"has-post-thumbnail","6":"product_cat-stng","7":"product_tag-27-5-mg-pouch","8":"pa_quantity-1-pack","9":"pa_quantity-10-pack","10":"pa_quantity-3-pack","11":"pa_quantity-30-pack","12":"pa_quantity-5-pack","13":"pa_quantity-60-pack","14":"flavours-candy","15":"format-slim","16":"nicotine-50-mg-g","17":"nicotine-extreme","19":"first","20":"instock","21":"taxable","22":"shipping-taxable","23":"purchasable","24":"product-type-variable"},"acf":[],"_links":{"self":[{"href":"https:\/\/whitelip.com\/de\/wp-json\/wp\/v2\/product\/10501","targetHints":{"allow":["GET"]}}],"collection":[{"href":"https:\/\/whitelip.com\/de\/wp-json\/wp\/v2\/product"}],"about":[{"href":"https:\/\/whitelip.com\/de\/wp-json\/wp\/v2\/types\/product"}],"replies":[{"embeddable":true,"href":"https:\/\/whitelip.com\/de\/wp-json\/wp\/v2\/comments?post=10501"}],"wp:featuredmedia":[{"embeddable":true,"href":"https:\/\/whitelip.com\/de\/wp-json\/wp\/v2\/media\/27186"}],"wp:attachment":[{"href":"https:\/\/whitelip.com\/de\/wp-json\/wp\/v2\/media?parent=10501"}],"wp:term":[{"taxonomy":"product_brand","embeddable":true,"href":"https:\/\/whitelip.com\/de\/wp-json\/wp\/v2\/product_brand?post=10501"},{"taxonomy":"product_cat","embeddable":true,"href":"https:\/\/whitelip.com\/de\/wp-json\/wp\/v2\/product_cat?post=10501"},{"taxonomy":"product_tag","embeddable":true,"href":"https:\/\/whitelip.com\/de\/wp-json\/wp\/v2\/product_tag?post=10501"},{"taxonomy":"flavours","embeddable":true,"href":"https:\/\/whitelip.com\/de\/wp-json\/wp\/v2\/flavours?post=10501"},{"taxonomy":"format","embeddable":true,"href":"https:\/\/whitelip.com\/de\/wp-json\/wp\/v2\/format?post=10501"},{"taxonomy":"nicotine","embeddable":true,"href":"https:\/\/whitelip.com\/de\/wp-json\/wp\/v2\/nicotine?post=10501"}],"curies":[{"name":"wp","href":"https:\/\/api.w.org\/{rel}","templated":true}]}}