{"id":10466,"date":"2025-04-17T11:47:30","date_gmt":"2025-04-17T11:47:30","guid":{"rendered":"https:\/\/whitelip.com\/stng-cola-cherry-medium\/"},"modified":"2026-05-07T10:11:34","modified_gmt":"2026-05-07T10:11:34","slug":"stng-cola-cherry-medium","status":"publish","type":"product","link":"https:\/\/whitelip.com\/de\/stng\/stng-cola-cherry-medium\/","title":{"rendered":"STNG Cola Kirsche Medium"},"content":{"rendered":"<h2><strong>STNG Cola Kirsche Medium<\/strong><\/h2>\n<p class=\"\" data-start=\"100\" data-end=\"587\">STNG Cola Cherry Medium Nikotinbeutel liefern eine nostalgische Mischung aus sprudelnder Cola und s\u00fc\u00dfer Kirsche, die ein k\u00fchnes und geschmackvolles Erlebnis mit einem erfrischenden Twist schafft. Jeder schlanke, ganz wei\u00dfe Beutel enth\u00e4lt 9,2 mg Nikotin und bietet einen ausgewogenen Kick, der f\u00fcr mittelstarke Konsumenten geeignet ist. Die Beutel sind f\u00fcr den diskreten Gebrauch konzipiert, passen bequem unter die Lippe und hinterlassen keine Flecken auf den Z\u00e4hnen. Produziert von STNG, bietet dieser Geschmack einen lustigen, von Soda inspirierten Kick mit einer sanften Abgabe und hohen Qualit\u00e4tsstandards.<\/p>\n<table>\n<tbody>\n<tr>\n<td><b>Attribut<\/b><\/td>\n<td><b>Einzelheiten<\/b><\/td>\n<\/tr>\n<tr>\n<td><b>Inhalt pro Dose<\/b><\/td>\n<td><span style=\"font-weight: 400;\">11g (20 Beutel)<\/span><\/td>\n<\/tr>\n<tr>\n<td><b>Nikotingehalt<\/b><\/td>\n<td><span style=\"font-weight: 400;\">16,7 mg\/g (9,2 mg pro Beutel)<\/span><\/td>\n<\/tr>\n<tr>\n<td><b>Format des Beutels<\/b><\/td>\n<td><span style=\"font-weight: 400;\">Schlank<\/span><\/td>\n<\/tr>\n<tr>\n<td><b>Produzent<\/b><\/td>\n<td><span style=\"font-weight: 400;\">STNG<\/span><\/td>\n<\/tr>\n<tr>\n<td><b>Geschmack<\/b><\/td>\n<td><span style=\"font-weight: 400;\">Cola und Kirsche<\/span><\/td>\n<\/tr>\n<tr>\n<td><b>Typ<\/b><\/td>\n<td><span style=\"font-weight: 400;\">Ganz wei\u00dfe Tasche<\/span><\/td>\n<\/tr>\n<\/tbody>\n<\/table>","protected":false},"excerpt":{"rendered":"<p>STNG Cola Cherry Medium Nikotinbeutel liefern einen nostalgischen, sprudelnden <strong data-start=\"68\" data-end=\"83\">Cola Kirsche<\/strong> Geschmack mit einer erfrischenden Wendung. <strong data-start=\"116\" data-end=\"124\">Schlank<\/strong>, Das komplett wei\u00dfe Format sorgt f\u00fcr diskreten Komfort unter der Lippe, ohne die Z\u00e4hne zu verf\u00e4rben. Jeder Beutel enth\u00e4lt <strong data-start=\"223\" data-end=\"242\">9,2 mg Nikotin<\/strong>.<\/p>","protected":false},"featured_media":27179,"comment_status":"open","ping_status":"closed","template":"","format":[206],"meta":{"_acf_changed":false},"product_brand":[],"product_cat":[111],"product_tag":[17002],"flavours":[193,196],"nicotine":[214,232],"class_list":{"0":"post-10466","1":"product","2":"type-product","3":"status-publish","4":"has-post-thumbnail","6":"product_cat-stng","7":"product_tag-9-2-mg-pouch","8":"pa_quantity-1-pack","9":"pa_quantity-10-pack","10":"pa_quantity-3-pack","11":"pa_quantity-30-pack","12":"pa_quantity-5-pack","13":"pa_quantity-60-pack","14":"flavours-cola","15":"flavours-fruits-berries","16":"format-slim","17":"nicotine-17-mg-g","18":"nicotine-extra-strong","20":"first","21":"outofstock","22":"taxable","23":"shipping-taxable","24":"purchasable","25":"product-type-variable"},"acf":[],"_links":{"self":[{"href":"https:\/\/whitelip.com\/de\/wp-json\/wp\/v2\/product\/10466","targetHints":{"allow":["GET"]}}],"collection":[{"href":"https:\/\/whitelip.com\/de\/wp-json\/wp\/v2\/product"}],"about":[{"href":"https:\/\/whitelip.com\/de\/wp-json\/wp\/v2\/types\/product"}],"replies":[{"embeddable":true,"href":"https:\/\/whitelip.com\/de\/wp-json\/wp\/v2\/comments?post=10466"}],"wp:featuredmedia":[{"embeddable":true,"href":"https:\/\/whitelip.com\/de\/wp-json\/wp\/v2\/media\/27179"}],"wp:attachment":[{"href":"https:\/\/whitelip.com\/de\/wp-json\/wp\/v2\/media?parent=10466"}],"wp:term":[{"taxonomy":"product_brand","embeddable":true,"href":"https:\/\/whitelip.com\/de\/wp-json\/wp\/v2\/product_brand?post=10466"},{"taxonomy":"product_cat","embeddable":true,"href":"https:\/\/whitelip.com\/de\/wp-json\/wp\/v2\/product_cat?post=10466"},{"taxonomy":"product_tag","embeddable":true,"href":"https:\/\/whitelip.com\/de\/wp-json\/wp\/v2\/product_tag?post=10466"},{"taxonomy":"flavours","embeddable":true,"href":"https:\/\/whitelip.com\/de\/wp-json\/wp\/v2\/flavours?post=10466"},{"taxonomy":"format","embeddable":true,"href":"https:\/\/whitelip.com\/de\/wp-json\/wp\/v2\/format?post=10466"},{"taxonomy":"nicotine","embeddable":true,"href":"https:\/\/whitelip.com\/de\/wp-json\/wp\/v2\/nicotine?post=10466"}],"curies":[{"name":"wp","href":"https:\/\/api.w.org\/{rel}","templated":true}]}}