{"id":10456,"date":"2025-04-16T13:14:59","date_gmt":"2025-04-16T13:14:59","guid":{"rendered":"https:\/\/whitelip.com\/pablo-exclusive-orange-50mg\/"},"modified":"2026-04-14T23:23:09","modified_gmt":"2026-04-14T23:23:09","slug":"pablo-exclusive-orange-50mg","status":"publish","type":"product","link":"https:\/\/whitelip.com\/de\/pablo\/pablo-exclusive-orange-50mg\/","title":{"rendered":"PABLO Exklusive Orange 50mg"},"content":{"rendered":"<h2><strong>PABLO Exklusive Orange 50mg<\/strong><\/h2>\n<p class=\"\" data-start=\"100\" data-end=\"587\">Die PABLO Exclusive Orange 50mg Nikotinbeutel bestechen durch ihren leuchtenden, zitrusartigen Orangengeschmack, gepaart mit einer ultrastarken Nikotinwirkung. S\u00fc\u00df, spritzig und erfrischend, sind diese schlanken, tabakfreien Beutel f\u00fcr erfahrene Nutzer, die gro\u00dfen Geschmack und ernsthafte Intensit\u00e4t wollen. PABLO Orange wurde f\u00fcr den diskreten Gebrauch unter der Lippe entwickelt und bietet einen k\u00fchnen Zitrusgeschmack mit der kraftvollen Befriedigung von starkem Nikotin.<\/p>\n<table>\n<tbody>\n<tr>\n<td><b>Attribut<\/b><\/td>\n<td><b>Einzelheiten<\/b><\/td>\n<\/tr>\n<tr>\n<td><b>Inhalt pro Dose<\/b><\/td>\n<td><span style=\"font-weight: 400;\">15g (20 Beutel)<\/span><\/td>\n<\/tr>\n<tr>\n<td><b>Nikotingehalt<\/b><\/td>\n<td><span style=\"font-weight: 400;\">50 mg\/g (30 mg pro Beutel)<\/span><\/td>\n<\/tr>\n<tr>\n<td><b>Format des Beutels<\/b><\/td>\n<td><span style=\"font-weight: 400;\">Schlank<\/span><\/td>\n<\/tr>\n<tr>\n<td><b>Produzent<\/b><\/td>\n<td><span style=\"font-weight: 400;\">N.G.P. Empire<\/span><\/td>\n<\/tr>\n<tr>\n<td><b>Geschmack<\/b><\/td>\n<td><span style=\"font-weight: 400;\">Orange (S\u00fc\u00df &amp; Spritzig Zitrus)<\/span><\/td>\n<\/tr>\n<tr>\n<td><b>Typ<\/b><\/td>\n<td><span style=\"font-weight: 400;\">Wei\u00dfe Beutel, tabakfrei<\/span><\/td>\n<\/tr>\n<\/tbody>\n<\/table>","protected":false},"excerpt":{"rendered":"<p>PABLO Exclusive Orange 50mg Nikotinbeutel liefern ein helles, zitrusartiges <strong data-start=\"71\" data-end=\"81\">Orange<\/strong> Geschmack mit einem s\u00fc\u00dfen, spritzigen und erfrischenden Profil. <strong data-start=\"130\" data-end=\"138\">Schlank<\/strong>, Das rauchfreie Format f\u00fcr den diskreten Gebrauch mit hoher Intensit\u00e4t. Jeder Beutel enth\u00e4lt <strong>30 mg Nikotin<\/strong>.<\/p>","protected":false},"featured_media":10457,"comment_status":"open","ping_status":"closed","template":"","format":[206],"meta":{"_acf_changed":false},"product_brand":[],"product_cat":[44],"product_tag":[16605],"flavours":[190],"nicotine":[226,233],"class_list":{"0":"post-10456","1":"product","2":"type-product","3":"status-publish","4":"has-post-thumbnail","6":"product_cat-pablo","7":"product_tag-30-mg-pouch","8":"pa_quantity-1-pack","9":"pa_quantity-10-pack","10":"pa_quantity-3-pack","11":"pa_quantity-30-pack","12":"pa_quantity-5-pack","13":"pa_quantity-60-pack","14":"flavours-citrus","15":"format-slim","16":"nicotine-50-mg-g","17":"nicotine-extreme","19":"first","20":"instock","21":"taxable","22":"shipping-taxable","23":"purchasable","24":"product-type-variable","25":"has-default-attributes"},"acf":[],"_links":{"self":[{"href":"https:\/\/whitelip.com\/de\/wp-json\/wp\/v2\/product\/10456","targetHints":{"allow":["GET"]}}],"collection":[{"href":"https:\/\/whitelip.com\/de\/wp-json\/wp\/v2\/product"}],"about":[{"href":"https:\/\/whitelip.com\/de\/wp-json\/wp\/v2\/types\/product"}],"replies":[{"embeddable":true,"href":"https:\/\/whitelip.com\/de\/wp-json\/wp\/v2\/comments?post=10456"}],"wp:featuredmedia":[{"embeddable":true,"href":"https:\/\/whitelip.com\/de\/wp-json\/wp\/v2\/media\/10457"}],"wp:attachment":[{"href":"https:\/\/whitelip.com\/de\/wp-json\/wp\/v2\/media?parent=10456"}],"wp:term":[{"taxonomy":"product_brand","embeddable":true,"href":"https:\/\/whitelip.com\/de\/wp-json\/wp\/v2\/product_brand?post=10456"},{"taxonomy":"product_cat","embeddable":true,"href":"https:\/\/whitelip.com\/de\/wp-json\/wp\/v2\/product_cat?post=10456"},{"taxonomy":"product_tag","embeddable":true,"href":"https:\/\/whitelip.com\/de\/wp-json\/wp\/v2\/product_tag?post=10456"},{"taxonomy":"flavours","embeddable":true,"href":"https:\/\/whitelip.com\/de\/wp-json\/wp\/v2\/flavours?post=10456"},{"taxonomy":"format","embeddable":true,"href":"https:\/\/whitelip.com\/de\/wp-json\/wp\/v2\/format?post=10456"},{"taxonomy":"nicotine","embeddable":true,"href":"https:\/\/whitelip.com\/de\/wp-json\/wp\/v2\/nicotine?post=10456"}],"curies":[{"name":"wp","href":"https:\/\/api.w.org\/{rel}","templated":true}]}}