{"id":10426,"date":"2025-04-16T12:50:07","date_gmt":"2025-04-16T12:50:07","guid":{"rendered":"https:\/\/whitelip.com\/pablo-exclusive-strawberry-watermelon-50mg\/"},"modified":"2026-04-13T09:34:18","modified_gmt":"2026-04-13T09:34:18","slug":"pablo-exclusive-strawberry-watermelon-50mg","status":"publish","type":"product","link":"https:\/\/whitelip.com\/de\/pablo\/pablo-exclusive-strawberry-watermelon-50mg\/","title":{"rendered":"PABLO Exklusive Erdbeere Wassermelone 50mg"},"content":{"rendered":"<h2><strong>PABLO Exklusive Erdbeere Wassermelone 50mg<\/strong><\/h2>\n<p class=\"\" data-start=\"100\" data-end=\"587\">PABLO Exclusive Strawberry Watermelon 50mg Nikotinbeutel liefern eine saftige Mischung aus s\u00fc\u00dfen Erdbeeren und erfrischender Wassermelone, gepaart mit einem ultrastarken Nikotinkick. Diese schlanken, tabakfreien Beutel wurden f\u00fcr erfahrene Raucher entwickelt und kombinieren fruchtigen Geschmack mit roher Intensit\u00e4t f\u00fcr ein k\u00fchnes und befriedigendes Erlebnis. PABLO Strawberry Watermelon ist diskret und tr\u00e4gt sich angenehm auf der Lippe. Sie vereint den lebendigen Geschmack und die extreme St\u00e4rke in jedem Beutel - rauchfrei und mit vollem Geschmack.<\/p>\n<table>\n<tbody>\n<tr>\n<td><b>Attribut<\/b><\/td>\n<td><b>Einzelheiten<\/b><\/td>\n<\/tr>\n<tr>\n<td><b>Inhalt pro Dose<\/b><\/td>\n<td><span style=\"font-weight: 400;\">15g (20 Beutel)<\/span><\/td>\n<\/tr>\n<tr>\n<td><b>Nikotingehalt<\/b><\/td>\n<td><span style=\"font-weight: 400;\">50 mg\/g (30 mg pro Beutel)<\/span><\/td>\n<\/tr>\n<tr>\n<td><b>Format des Beutels<\/b><\/td>\n<td><span style=\"font-weight: 400;\">Schlank<\/span><\/td>\n<\/tr>\n<tr>\n<td><b>Produzent<\/b><\/td>\n<td><span style=\"font-weight: 400;\">N.G.P. Empire<\/span><\/td>\n<\/tr>\n<tr>\n<td><b>Geschmack<\/b><\/td>\n<td><span style=\"font-weight: 400;\">Erdbeere &amp; Wassermelone<\/span><\/td>\n<\/tr>\n<tr>\n<td><b>Typ<\/b><\/td>\n<td><span style=\"font-weight: 400;\">Wei\u00dfe Beutel, tabakfrei<\/span><\/td>\n<\/tr>\n<\/tbody>\n<\/table>","protected":false},"excerpt":{"rendered":"<p>PABLO Exclusive Strawberry Watermelon 50mg Nikotinbeutel liefern einen saftigen <strong data-start=\"76\" data-end=\"101\">Erdbeere Wassermelone<\/strong> Geschmacksrichtung mit ultrastarker Intensit\u00e4t. <strong data-start=\"138\" data-end=\"146\">Schlank<\/strong>, Das tabakfreie Format sorgt f\u00fcr einen diskreten, komfortablen Gebrauch und eine saubere, befriedigende Freisetzung. Jeder Beutel enth\u00e4lt <strong>30 mg Nikotin<\/strong>.<\/p>","protected":false},"featured_media":3387,"comment_status":"open","ping_status":"closed","template":"","format":[206],"meta":{"_acf_changed":false},"product_brand":[],"product_cat":[44],"product_tag":[16605],"flavours":[196],"nicotine":[226,233],"class_list":{"0":"post-10426","1":"product","2":"type-product","3":"status-publish","4":"has-post-thumbnail","6":"product_cat-pablo","7":"product_tag-30-mg-pouch","8":"pa_quantity-1-pack","9":"pa_quantity-10-pack","10":"pa_quantity-3-pack","11":"pa_quantity-30-pack","12":"pa_quantity-5-pack","13":"pa_quantity-60-pack","14":"flavours-fruits-berries","15":"format-slim","16":"nicotine-50-mg-g","17":"nicotine-extreme","19":"first","20":"instock","21":"taxable","22":"shipping-taxable","23":"purchasable","24":"product-type-variable"},"acf":[],"_links":{"self":[{"href":"https:\/\/whitelip.com\/de\/wp-json\/wp\/v2\/product\/10426","targetHints":{"allow":["GET"]}}],"collection":[{"href":"https:\/\/whitelip.com\/de\/wp-json\/wp\/v2\/product"}],"about":[{"href":"https:\/\/whitelip.com\/de\/wp-json\/wp\/v2\/types\/product"}],"replies":[{"embeddable":true,"href":"https:\/\/whitelip.com\/de\/wp-json\/wp\/v2\/comments?post=10426"}],"wp:featuredmedia":[{"embeddable":true,"href":"https:\/\/whitelip.com\/de\/wp-json\/wp\/v2\/media\/3387"}],"wp:attachment":[{"href":"https:\/\/whitelip.com\/de\/wp-json\/wp\/v2\/media?parent=10426"}],"wp:term":[{"taxonomy":"product_brand","embeddable":true,"href":"https:\/\/whitelip.com\/de\/wp-json\/wp\/v2\/product_brand?post=10426"},{"taxonomy":"product_cat","embeddable":true,"href":"https:\/\/whitelip.com\/de\/wp-json\/wp\/v2\/product_cat?post=10426"},{"taxonomy":"product_tag","embeddable":true,"href":"https:\/\/whitelip.com\/de\/wp-json\/wp\/v2\/product_tag?post=10426"},{"taxonomy":"flavours","embeddable":true,"href":"https:\/\/whitelip.com\/de\/wp-json\/wp\/v2\/flavours?post=10426"},{"taxonomy":"format","embeddable":true,"href":"https:\/\/whitelip.com\/de\/wp-json\/wp\/v2\/format?post=10426"},{"taxonomy":"nicotine","embeddable":true,"href":"https:\/\/whitelip.com\/de\/wp-json\/wp\/v2\/nicotine?post=10426"}],"curies":[{"name":"wp","href":"https:\/\/api.w.org\/{rel}","templated":true}]}}