{"id":10381,"date":"2025-04-16T12:25:42","date_gmt":"2025-04-16T12:25:42","guid":{"rendered":"https:\/\/whitelip.com\/killa-double-mint-large-portion-xxl\/"},"modified":"2026-04-28T10:11:26","modified_gmt":"2026-04-28T10:11:26","slug":"killa-double-mint-large-portion-xxl","status":"publish","type":"product","link":"https:\/\/whitelip.com\/de\/killa\/killa-double-mint-large-portion-xxl\/","title":{"rendered":"KILLA Double Mint Gro\u00dfe Portion XXL"},"content":{"rendered":"<h2><strong>KILLA Double Mint Gro\u00dfe Portion XXL<\/strong><\/h2>\n<p class=\"\" data-start=\"100\" data-end=\"587\">KILLA Double Mint Large Portion XXL bietet eine k\u00fchne und eisige Mischung aus Pfefferminze und Minze, die doppelt so viel Minze f\u00fcr doppelt so viel Erfrischung bietet. Diese tabakfreien Beutel wurden f\u00fcr erfahrene Raucher entwickelt und bieten einen starken Nikotinsto\u00df in einem gro\u00dfen, trockenen Portionsformat, das die Freisetzung des Geschmacks verbessert und die Haltbarkeit verl\u00e4ngert. Mit 30 Beuteln pro Dose sorgt diese XXL-Version f\u00fcr lang anhaltende Zufriedenheit bei allen, die sich nach intensivem Minzgeschmack und starker Leistung in jedem Beutel sehnen.<\/p>\n<table>\n<tbody>\n<tr>\n<td><b>Attribut<\/b><\/td>\n<td><b>Einzelheiten<\/b><\/td>\n<\/tr>\n<tr>\n<td><b>Inhalt pro Dose<\/b><\/td>\n<td><span style=\"font-weight: 400;\">24 g (30 Beutel)<\/span><\/td>\n<\/tr>\n<tr>\n<td><b>Nikotingehalt<\/b><\/td>\n<td><span style=\"font-weight: 400;\">16 mg\/g (12,8 mg pro Beutel)<\/span><\/td>\n<\/tr>\n<tr>\n<td><b>Format des Beutels<\/b><\/td>\n<td><span style=\"font-weight: 400;\">Gro\u00dfe trockene Portion<\/span><\/td>\n<\/tr>\n<tr>\n<td><b>Produzent<\/b><\/td>\n<td><span style=\"font-weight: 400;\">N.G.P. Empire<\/span><\/td>\n<\/tr>\n<tr>\n<td><b>Geschmack<\/b><\/td>\n<td><span style=\"font-weight: 400;\">Doppelminze (Pfefferminze &amp; Krauseminze)<\/span><\/td>\n<\/tr>\n<tr>\n<td><b>Typ<\/b><\/td>\n<td><span style=\"font-weight: 400;\">Wei\u00dfe Beutel, tabakfrei<\/span><\/td>\n<\/tr>\n<\/tbody>\n<\/table>","protected":false},"excerpt":{"rendered":"<p>Scharf, eiskalt <strong data-start=\"16\" data-end=\"31\">Doppelte Minze<\/strong> mit einem kr\u00e4ftigen Minz- und Menthol-Kick. <strong data-start=\"67\" data-end=\"88\">Gro\u00dfe Portion XXL<\/strong>, Die tabakfreien Beutel passen diskret unter die Lippen und sorgen f\u00fcr lang anhaltende Intensit\u00e4t; <strong data-start=\"168\" data-end=\"190\">30 Beutel pro Dose<\/strong>. Jeder Beutel enth\u00e4lt <strong data-start=\"212\" data-end=\"232\">12,8 mg Nikotin<\/strong>, und liefert eine starke, befriedigende Wirkung.<\/p>","protected":false},"featured_media":10382,"comment_status":"open","ping_status":"closed","template":"","format":[204],"meta":{"_acf_changed":false},"product_brand":[],"product_cat":[64],"product_tag":[16676],"flavours":[199],"nicotine":[213,232],"class_list":{"0":"post-10381","1":"product","2":"type-product","3":"status-publish","4":"has-post-thumbnail","6":"product_cat-killa","7":"product_tag-12-8-mg-pouch","8":"pa_quantity-1-pack","9":"pa_quantity-10-pack","10":"pa_quantity-3-pack","11":"pa_quantity-30-pack","12":"pa_quantity-5-pack","13":"pa_quantity-60-pack","14":"flavours-mint","15":"format-large","16":"nicotine-16-mg-g","17":"nicotine-extra-strong","19":"first","20":"outofstock","21":"taxable","22":"shipping-taxable","23":"purchasable","24":"product-type-variable","25":"has-default-attributes"},"acf":[],"_links":{"self":[{"href":"https:\/\/whitelip.com\/de\/wp-json\/wp\/v2\/product\/10381","targetHints":{"allow":["GET"]}}],"collection":[{"href":"https:\/\/whitelip.com\/de\/wp-json\/wp\/v2\/product"}],"about":[{"href":"https:\/\/whitelip.com\/de\/wp-json\/wp\/v2\/types\/product"}],"replies":[{"embeddable":true,"href":"https:\/\/whitelip.com\/de\/wp-json\/wp\/v2\/comments?post=10381"}],"wp:featuredmedia":[{"embeddable":true,"href":"https:\/\/whitelip.com\/de\/wp-json\/wp\/v2\/media\/10382"}],"wp:attachment":[{"href":"https:\/\/whitelip.com\/de\/wp-json\/wp\/v2\/media?parent=10381"}],"wp:term":[{"taxonomy":"product_brand","embeddable":true,"href":"https:\/\/whitelip.com\/de\/wp-json\/wp\/v2\/product_brand?post=10381"},{"taxonomy":"product_cat","embeddable":true,"href":"https:\/\/whitelip.com\/de\/wp-json\/wp\/v2\/product_cat?post=10381"},{"taxonomy":"product_tag","embeddable":true,"href":"https:\/\/whitelip.com\/de\/wp-json\/wp\/v2\/product_tag?post=10381"},{"taxonomy":"flavours","embeddable":true,"href":"https:\/\/whitelip.com\/de\/wp-json\/wp\/v2\/flavours?post=10381"},{"taxonomy":"format","embeddable":true,"href":"https:\/\/whitelip.com\/de\/wp-json\/wp\/v2\/format?post=10381"},{"taxonomy":"nicotine","embeddable":true,"href":"https:\/\/whitelip.com\/de\/wp-json\/wp\/v2\/nicotine?post=10381"}],"curies":[{"name":"wp","href":"https:\/\/api.w.org\/{rel}","templated":true}]}}