{"id":10371,"date":"2025-04-16T12:25:44","date_gmt":"2025-04-16T12:25:44","guid":{"rendered":"https:\/\/whitelip.com\/killa-cappuccino\/"},"modified":"2026-04-22T10:11:39","modified_gmt":"2026-04-22T10:11:39","slug":"killa-cappuccino","status":"publish","type":"product","link":"https:\/\/whitelip.com\/de\/killa\/killa-cappuccino\/","title":{"rendered":"KILLA Cappuccino"},"content":{"rendered":"<h2><strong>KILLA Cappuccino<\/strong><\/h2>\n<p class=\"\" data-start=\"100\" data-end=\"587\">KILLA Cappuccino Nikotinbeutel bieten ein reichhaltiges und sanftes Kaffeeerlebnis, das cremigen Cappuccino-Geschmack mit einem soliden Nikotinkick verbindet. Perfekt f\u00fcr Kaffeeliebhaber, die ihren Lieblingsgeschmack auch unterwegs genie\u00dfen m\u00f6chten, bieten diese tabakfreien Beutel eine diskrete und befriedigende Alternative zu herk\u00f6mmlichen Nikotinprodukten. Das schlanke Format sorgt f\u00fcr einen bequemen Sitz unter der Lippe und gibt bei jedem Gebrauch einen warmen, genussvollen Geschmack ab - rauchfrei, ohne viel Aufhebens, nur mit einer kr\u00e4ftigen Kaffee-Vibes.<\/p>\n<table>\n<tbody>\n<tr>\n<td><b>Attribut<\/b><\/td>\n<td><b>Einzelheiten<\/b><\/td>\n<\/tr>\n<tr>\n<td><b>Inhalt pro Dose<\/b><\/td>\n<td><span style=\"font-weight: 400;\">16g (20 Beutel)<\/span><\/td>\n<\/tr>\n<tr>\n<td><b>Nikotingehalt<\/b><\/td>\n<td><span style=\"font-weight: 400;\">16 mg\/g (12,8 mg pro Beutel)<\/span><\/td>\n<\/tr>\n<tr>\n<td><b>Format des Beutels<\/b><\/td>\n<td><span style=\"font-weight: 400;\">Schlank<\/span><\/td>\n<\/tr>\n<tr>\n<td><b>Produzent<\/b><\/td>\n<td><span style=\"font-weight: 400;\">NGP-Imperium<\/span><\/td>\n<\/tr>\n<tr>\n<td><b>Geschmack<\/b><\/td>\n<td><span style=\"font-weight: 400;\">Cappuccino<\/span><\/td>\n<\/tr>\n<tr>\n<td><b>Typ<\/b><\/td>\n<td><span style=\"font-weight: 400;\">Wei\u00dfe Beutel, tabakfrei<\/span><\/td>\n<\/tr>\n<\/tbody>\n<\/table>","protected":false},"excerpt":{"rendered":"<p>Reichhaltig, glatt <strong data-start=\"13\" data-end=\"27\">Cappuccino<\/strong> mit cremigen Kaffeenoten und einem kr\u00e4ftigen Kick. <strong data-start=\"71\" data-end=\"79\">Schlank<\/strong>, Die tabakfreien Beutel sitzen diskret unter der Lippe und bieten warmen, genussvollen Geschmack f\u00fcr unterwegs. Jeder Beutel enth\u00e4lt <strong data-start=\"189\" data-end=\"209\">12,8 mg Nikotin<\/strong> f\u00fcr ein starkes, befriedigendes Erlebnis.<\/p>","protected":false},"featured_media":10372,"comment_status":"open","ping_status":"closed","template":"","format":[206],"meta":{"_acf_changed":false},"product_brand":[],"product_cat":[64],"product_tag":[16676],"flavours":[192],"nicotine":[213,232],"class_list":{"0":"post-10371","1":"product","2":"type-product","3":"status-publish","4":"has-post-thumbnail","6":"product_cat-killa","7":"product_tag-12-8-mg-pouch","8":"pa_quantity-1-pack","9":"pa_quantity-10-pack","10":"pa_quantity-3-pack","11":"pa_quantity-30-pack","12":"pa_quantity-5-pack","13":"pa_quantity-60-pack","14":"flavours-coffee","15":"format-slim","16":"nicotine-16-mg-g","17":"nicotine-extra-strong","19":"first","20":"outofstock","21":"taxable","22":"shipping-taxable","23":"purchasable","24":"product-type-variable"},"acf":[],"_links":{"self":[{"href":"https:\/\/whitelip.com\/de\/wp-json\/wp\/v2\/product\/10371","targetHints":{"allow":["GET"]}}],"collection":[{"href":"https:\/\/whitelip.com\/de\/wp-json\/wp\/v2\/product"}],"about":[{"href":"https:\/\/whitelip.com\/de\/wp-json\/wp\/v2\/types\/product"}],"replies":[{"embeddable":true,"href":"https:\/\/whitelip.com\/de\/wp-json\/wp\/v2\/comments?post=10371"}],"wp:featuredmedia":[{"embeddable":true,"href":"https:\/\/whitelip.com\/de\/wp-json\/wp\/v2\/media\/10372"}],"wp:attachment":[{"href":"https:\/\/whitelip.com\/de\/wp-json\/wp\/v2\/media?parent=10371"}],"wp:term":[{"taxonomy":"product_brand","embeddable":true,"href":"https:\/\/whitelip.com\/de\/wp-json\/wp\/v2\/product_brand?post=10371"},{"taxonomy":"product_cat","embeddable":true,"href":"https:\/\/whitelip.com\/de\/wp-json\/wp\/v2\/product_cat?post=10371"},{"taxonomy":"product_tag","embeddable":true,"href":"https:\/\/whitelip.com\/de\/wp-json\/wp\/v2\/product_tag?post=10371"},{"taxonomy":"flavours","embeddable":true,"href":"https:\/\/whitelip.com\/de\/wp-json\/wp\/v2\/flavours?post=10371"},{"taxonomy":"format","embeddable":true,"href":"https:\/\/whitelip.com\/de\/wp-json\/wp\/v2\/format?post=10371"},{"taxonomy":"nicotine","embeddable":true,"href":"https:\/\/whitelip.com\/de\/wp-json\/wp\/v2\/nicotine?post=10371"}],"curies":[{"name":"wp","href":"https:\/\/api.w.org\/{rel}","templated":true}]}}