{"id":10346,"date":"2025-04-14T13:55:26","date_gmt":"2025-04-14T13:55:26","guid":{"rendered":"https:\/\/whitelip.com\/zyn-violet-licorice-9mg\/"},"modified":"2026-04-13T17:44:33","modified_gmt":"2026-04-13T17:44:33","slug":"zyn-violet-licorice-9mg","status":"publish","type":"product","link":"https:\/\/whitelip.com\/de\/zyn\/zyn-violet-licorice-9mg\/","title":{"rendered":"ZYN Veilchen Lakritz 9mg"},"content":{"rendered":"<h2><strong>ZYN Veilchen Lakritz 9mg<\/strong><\/h2>\n<p><span style=\"font-weight: 400;\">ZYN Violet Licorice 9mg bietet ein unverwechselbares und geschmackvolles Nikotinerlebnis, das den reichen Geschmack von s\u00fc\u00dfer Lakritze, blumigem Veilchen und einem Hauch von salzigem Salmiak kombiniert. Jeder schlanke, ganz wei\u00dfe Beutel enth\u00e4lt 9 mg Nikotin und bietet eine ausgewogene und stetige Freisetzung, ideal f\u00fcr diejenigen, die eine moderate Nikotinoption suchen.<\/span><\/p>\n<p><span style=\"font-weight: 400;\">Das schlanke Format sorgt f\u00fcr eine diskrete und bequeme Passform unter der Lippe und erm\u00f6glicht jederzeit einen sauberen, fleckenfreien Gebrauch. Komplett aus hochwertigen, pflanzlichen Materialien hergestellt, bietet ZYN Violet Licorice 9mg eine moderne und angenehme Nikotin-Alternative mit einem einzigartigen Geschmacksprofil.<\/span><\/p>\n<table>\n<tbody>\n<tr>\n<td><b>Attribut<\/b><\/td>\n<td><b>Einzelheiten<\/b><\/td>\n<\/tr>\n<tr>\n<td><span style=\"font-weight: 400;\">Marke<\/span><\/td>\n<td><span style=\"font-weight: 400;\">ZYN<\/span><\/td>\n<\/tr>\n<tr>\n<td><span style=\"font-weight: 400;\">Produkttyp<\/span><\/td>\n<td><span style=\"font-weight: 400;\">Alle wei\u00dfen Nikotinbeutel<\/span><\/td>\n<\/tr>\n<tr>\n<td><span style=\"font-weight: 400;\">Format<\/span><\/td>\n<td><span style=\"font-weight: 400;\">Schlank<\/span><\/td>\n<\/tr>\n<tr>\n<td><span style=\"font-weight: 400;\">Geschmack<\/span><\/td>\n<td><span style=\"font-weight: 400;\">Lakritz, Veilchen und Salmiak<\/span><\/td>\n<\/tr>\n<tr>\n<td><span style=\"font-weight: 400;\">Nikotinst\u00e4rke<\/span><\/td>\n<td><span style=\"font-weight: 400;\">9 mg pro Beutel<\/span><\/td>\n<\/tr>\n<tr>\n<td><span style=\"font-weight: 400;\">Portion Gewicht<\/span><\/td>\n<td><span style=\"font-weight: 400;\">0,7 Gramm<\/span><\/td>\n<\/tr>\n<tr>\n<td><span style=\"font-weight: 400;\">Anzahl der Portionen<\/span><\/td>\n<td><span style=\"font-weight: 400;\">21 pro Dose<\/span><\/td>\n<\/tr>\n<tr>\n<td><span style=\"font-weight: 400;\">Gesamtgewicht der Dose<\/span><\/td>\n<td><span style=\"font-weight: 400;\">14,7 Gramm<\/span><\/td>\n<\/tr>\n<tr>\n<td><span style=\"font-weight: 400;\">Hersteller<\/span><\/td>\n<td><span style=\"font-weight: 400;\">Schwedisches Streichholz<\/span><\/td>\n<\/tr>\n<tr>\n<td><span style=\"font-weight: 400;\">Bemerkenswerte Merkmale<\/span><\/td>\n<td><span style=\"font-weight: 400;\">Tabakfrei, schlankes Format, einzigartiges Lakritz- und Blumenaroma<\/span><\/td>\n<\/tr>\n<\/tbody>\n<\/table>","protected":false},"excerpt":{"rendered":"<p><strong>Neues Design! W\u00e4hrend der Umstellung k\u00f6nnen beide Designs verkauft werden.<\/strong><\/p>\n<p>ZYN <strong data-start=\"4\" data-end=\"23\">Violettes Lakritz<\/strong> <strong data-start=\"24\" data-end=\"32\">schlank<\/strong> kombiniert s\u00fc\u00dfe Lakritze, blumiges Veilchen und einen Hauch von salzigem Salmiak zu einem unverwechselbaren, weichen Profil. Die komplett wei\u00dfen Beutel sind diskret und bequem. Jeder Beutel enth\u00e4lt <strong data-start=\"208\" data-end=\"225\">9 mg Nikotin<\/strong> f\u00fcr eine ausgewogene, gleichm\u00e4\u00dfige Freisetzung.<\/p>","protected":false},"featured_media":10347,"comment_status":"open","ping_status":"closed","template":"","format":[206],"meta":{"_acf_changed":false},"product_brand":[],"product_cat":[37],"product_tag":[16563],"flavours":[198,202],"nicotine":[231,236],"class_list":{"0":"post-10346","1":"product","2":"type-product","3":"status-publish","4":"has-post-thumbnail","6":"product_cat-zyn","7":"product_tag-9-mg-pouch","8":"pa_quantity-1-pack","9":"pa_quantity-10-pack","10":"pa_quantity-3-pack","11":"pa_quantity-30-pack","12":"pa_quantity-5-pack","13":"pa_quantity-60-pack","14":"flavours-licorice","15":"flavours-violet","16":"format-slim","17":"nicotine-9-mg-g","18":"nicotine-strong","20":"first","21":"instock","22":"taxable","23":"shipping-taxable","24":"purchasable","25":"product-type-variable","26":"has-default-attributes"},"acf":[],"_links":{"self":[{"href":"https:\/\/whitelip.com\/de\/wp-json\/wp\/v2\/product\/10346","targetHints":{"allow":["GET"]}}],"collection":[{"href":"https:\/\/whitelip.com\/de\/wp-json\/wp\/v2\/product"}],"about":[{"href":"https:\/\/whitelip.com\/de\/wp-json\/wp\/v2\/types\/product"}],"replies":[{"embeddable":true,"href":"https:\/\/whitelip.com\/de\/wp-json\/wp\/v2\/comments?post=10346"}],"wp:featuredmedia":[{"embeddable":true,"href":"https:\/\/whitelip.com\/de\/wp-json\/wp\/v2\/media\/10347"}],"wp:attachment":[{"href":"https:\/\/whitelip.com\/de\/wp-json\/wp\/v2\/media?parent=10346"}],"wp:term":[{"taxonomy":"product_brand","embeddable":true,"href":"https:\/\/whitelip.com\/de\/wp-json\/wp\/v2\/product_brand?post=10346"},{"taxonomy":"product_cat","embeddable":true,"href":"https:\/\/whitelip.com\/de\/wp-json\/wp\/v2\/product_cat?post=10346"},{"taxonomy":"product_tag","embeddable":true,"href":"https:\/\/whitelip.com\/de\/wp-json\/wp\/v2\/product_tag?post=10346"},{"taxonomy":"flavours","embeddable":true,"href":"https:\/\/whitelip.com\/de\/wp-json\/wp\/v2\/flavours?post=10346"},{"taxonomy":"format","embeddable":true,"href":"https:\/\/whitelip.com\/de\/wp-json\/wp\/v2\/format?post=10346"},{"taxonomy":"nicotine","embeddable":true,"href":"https:\/\/whitelip.com\/de\/wp-json\/wp\/v2\/nicotine?post=10346"}],"curies":[{"name":"wp","href":"https:\/\/api.w.org\/{rel}","templated":true}]}}