{"id":10340,"date":"2025-04-14T10:49:39","date_gmt":"2025-04-14T10:49:39","guid":{"rendered":"https:\/\/whitelip.com\/77-blueberry-vanilla-banana-medium\/"},"modified":"2026-04-15T15:57:43","modified_gmt":"2026-04-15T15:57:43","slug":"77-blueberry-vanilla-banana-medium","status":"publish","type":"product","link":"https:\/\/whitelip.com\/de\/77\/77-blueberry-vanilla-banana-medium\/","title":{"rendered":"77 Blaubeere Vanille Banane Mittel"},"content":{"rendered":"<h2><strong>77 Blaubeere Vanille Banane Mittel<\/strong><\/h2>\n<p class=\"\" data-start=\"76\" data-end=\"609\">77 Whitelip Edition Blueberry Vanilla Banana Medium Nikotinbeutel liefern einen saftigen und nat\u00fcrlichen Heidelbeer- und Bananengeschmack, der die s\u00fc\u00dfe und leicht herbe Essenz frisch gepfl\u00fcckter Beeren zusammen mit s\u00fc\u00dfen Vanillenoten einf\u00e4ngt. Diese 77er-Edition wurde in Zusammenarbeit mit Whitelip entwickelt, einem digitalen Premium-H\u00e4ndler f\u00fcr Nikotinbeutel. Jeder schlanke, ganz in Wei\u00df gehaltene Beutel enth\u00e4lt 10,4 mg Nikotin und bietet einen kr\u00e4ftigen und befriedigenden Zug f\u00fcr erfahrene Raucher. Mit einem diskreten, bequemen Sitz unter der Lippe und einer fleckenfreien Formel sind diese Beutel perfekt f\u00fcr den Gebrauch zu jeder Zeit und \u00fcberall. Sie werden von der 77 Group hergestellt und spiegeln das Engagement f\u00fcr Qualit\u00e4t und Geschmacksinnovation in der Kategorie der tabakfreien Nikotinbeutel wider.<\/p>\n<table>\n<tbody>\n<tr>\n<td><b>Attribut<\/b><\/td>\n<td><b>Einzelheiten<\/b><\/td>\n<\/tr>\n<tr>\n<td><b>Inhalt pro Dose<\/b><\/td>\n<td><span style=\"font-weight: 400;\">13g (20 Beutel)<\/span><\/td>\n<\/tr>\n<tr>\n<td><b>Nikotingehalt<\/b><\/td>\n<td><span style=\"font-weight: 400;\">16 mg\/g (10,4 mg pro Beutel)<\/span><\/td>\n<\/tr>\n<tr>\n<td><b>Format des Beutels<\/b><\/td>\n<td><span style=\"font-weight: 400;\">Schlank<\/span><\/td>\n<\/tr>\n<tr>\n<td><b>Produzent<\/b><\/td>\n<td><span style=\"font-weight: 400;\">77 Gruppe<\/span><\/td>\n<\/tr>\n<tr>\n<td><b>Geschmack<\/b><\/td>\n<td><span style=\"font-weight: 400;\">Blaubeere, Banane und Vanille<\/span><\/td>\n<\/tr>\n<tr>\n<td><b>Typ<\/b><\/td>\n<td><span style=\"font-weight: 400;\">Ganz wei\u00dfe Tasche<\/span><\/td>\n<\/tr>\n<\/tbody>\n<\/table>","protected":false},"excerpt":{"rendered":"<p>Saftig, nat\u00fcrlich <strong data-start=\"15\" data-end=\"48\">Heidelbeere, Vanille und Banane<\/strong> f\u00fcr ein s\u00fc\u00dfes und dennoch leicht s\u00e4uerliches Profil. Die <strong data-start=\"92\" data-end=\"111\">schlank, <\/strong>reinwei\u00dfe Beutel sitzen diskret und bequem unter der Lippe f\u00fcr den jederzeitigen Gebrauch. Jeder Beutel enth\u00e4lt <strong data-start=\"202\" data-end=\"222\">10,4 mg Nikotin<\/strong>, was ein selbstbewusstes, mittelkr\u00e4ftiges Erlebnis liefert. Eine spezielle Whitelip-Kollaboration der 77 Group, die sich auf innovative, saubere und tabakfreie Aromen konzentriert.<\/p>","protected":false},"featured_media":10341,"comment_status":"open","ping_status":"closed","template":"","format":[206],"meta":{"_acf_changed":false},"product_brand":[],"product_cat":[23],"product_tag":[16543],"flavours":[196,201],"nicotine":[218,232],"class_list":{"0":"post-10340","1":"product","2":"type-product","3":"status-publish","4":"has-post-thumbnail","6":"product_cat-23","7":"product_tag-10-4-mg-pouch","8":"pa_quantity-1-pack","9":"pa_quantity-10-pack","10":"pa_quantity-3-pack","11":"pa_quantity-30-pack","12":"pa_quantity-5-pack","13":"pa_quantity-60-pack","14":"flavours-fruits-berries","15":"flavours-vanilla","16":"format-slim","17":"nicotine-20-mg-g","18":"nicotine-extra-strong","20":"first","21":"instock","22":"taxable","23":"shipping-taxable","24":"purchasable","25":"product-type-variable","26":"has-default-attributes"},"acf":[],"_links":{"self":[{"href":"https:\/\/whitelip.com\/de\/wp-json\/wp\/v2\/product\/10340","targetHints":{"allow":["GET"]}}],"collection":[{"href":"https:\/\/whitelip.com\/de\/wp-json\/wp\/v2\/product"}],"about":[{"href":"https:\/\/whitelip.com\/de\/wp-json\/wp\/v2\/types\/product"}],"replies":[{"embeddable":true,"href":"https:\/\/whitelip.com\/de\/wp-json\/wp\/v2\/comments?post=10340"}],"wp:featuredmedia":[{"embeddable":true,"href":"https:\/\/whitelip.com\/de\/wp-json\/wp\/v2\/media\/10341"}],"wp:attachment":[{"href":"https:\/\/whitelip.com\/de\/wp-json\/wp\/v2\/media?parent=10340"}],"wp:term":[{"taxonomy":"product_brand","embeddable":true,"href":"https:\/\/whitelip.com\/de\/wp-json\/wp\/v2\/product_brand?post=10340"},{"taxonomy":"product_cat","embeddable":true,"href":"https:\/\/whitelip.com\/de\/wp-json\/wp\/v2\/product_cat?post=10340"},{"taxonomy":"product_tag","embeddable":true,"href":"https:\/\/whitelip.com\/de\/wp-json\/wp\/v2\/product_tag?post=10340"},{"taxonomy":"flavours","embeddable":true,"href":"https:\/\/whitelip.com\/de\/wp-json\/wp\/v2\/flavours?post=10340"},{"taxonomy":"format","embeddable":true,"href":"https:\/\/whitelip.com\/de\/wp-json\/wp\/v2\/format?post=10340"},{"taxonomy":"nicotine","embeddable":true,"href":"https:\/\/whitelip.com\/de\/wp-json\/wp\/v2\/nicotine?post=10340"}],"curies":[{"name":"wp","href":"https:\/\/api.w.org\/{rel}","templated":true}]}}