{"id":10310,"date":"2025-04-08T11:35:24","date_gmt":"2025-04-08T11:35:24","guid":{"rendered":"https:\/\/whitelip.com\/apres-ice-tea-peach-hyper-strong\/"},"modified":"2026-05-07T10:11:32","modified_gmt":"2026-05-07T10:11:32","slug":"apres-ice-tea-peach-hyper-strong","status":"publish","type":"product","link":"https:\/\/whitelip.com\/de\/apres\/apres-ice-tea-peach-hyper-strong\/","title":{"rendered":"APR\u00c8S Eistee Pfirsich Hyp\u00e8r Stark"},"content":{"rendered":"<h2><strong>APR\u00c8S Eistee Pfirsich Hyp\u00e8r Stark<\/strong><\/h2>\n<p><span style=\"font-weight: 400;\">APR\u00c8S Ice Tea Pfirsich Hyp\u00e8r Strong Nikotinbeutel bieten einen s\u00fc\u00dfen Pfirsichgeschmack, erg\u00e4nzt durch Noten von schwarzem Tee, und liefern ein erfrischendes Geschmackserlebnis. Jeder schlanke, komplett wei\u00dfe Beutel enth\u00e4lt 11 mg Nikotin und sorgt f\u00fcr ein kr\u00e4ftiges Gef\u00fchl, das f\u00fcr erfahrene Anwender geeignet ist. Das diskrete Design sorgt f\u00fcr einen angenehmen Sitz unter der Lippe und erm\u00f6glicht die jederzeitige Anwendung, ohne die Z\u00e4hne zu verf\u00e4rben. Hergestellt von APR\u00c8S Nicotine AB, stehen diese tabakfreien Beutel f\u00fcr hohe Qualit\u00e4tsstandards und innovative Geschmackskombinationen.<\/span><\/p>\n<table>\n<tbody>\n<tr>\n<td><b>Attribut<\/b><\/td>\n<td><b>Einzelheiten<\/b><\/td>\n<\/tr>\n<tr>\n<td><b>Inhalt pro Dose<\/b><\/td>\n<td><span style=\"font-weight: 400;\">11g (20 Beutel)<\/span><\/td>\n<\/tr>\n<tr>\n<td><b>Nikotingehalt<\/b><\/td>\n<td><span style=\"font-weight: 400;\">20 mg\/g (11 mg pro Beutel)<\/span><\/td>\n<\/tr>\n<tr>\n<td><b>Format des Beutels<\/b><\/td>\n<td><span style=\"font-weight: 400;\">Schlank<\/span><\/td>\n<\/tr>\n<tr>\n<td><b>Produzent<\/b><\/td>\n<td><span style=\"font-weight: 400;\">APR\u00c8S Nicotine AB<\/span><\/td>\n<\/tr>\n<tr>\n<td><b>Geschmack<\/b><\/td>\n<td><span style=\"font-weight: 400;\">Pfirsich und schwarzer Tee<\/span><\/td>\n<\/tr>\n<tr>\n<td><b>Typ<\/b><\/td>\n<td><span style=\"font-weight: 400;\">Ganz wei\u00dfe Tasche<\/span><\/td>\n<\/tr>\n<\/tbody>\n<\/table>\n<p>\u00a0<\/p>","protected":false},"excerpt":{"rendered":"<p>S\u00fc\u00df <strong data-start=\"6\" data-end=\"30\">Pfirsich mit schwarzem Tee<\/strong> f\u00fcr eine spritzige Eistee-Atmosph\u00e4re. Das <strong data-start=\"62\" data-end=\"81\">schlank, <\/strong>Die komplett wei\u00dfen Beutel sitzen diskret und bequem unter der Lippe und k\u00f6nnen jederzeit sauber verwendet werden. Jeder Beutel enth\u00e4lt <strong data-start=\"179\" data-end=\"197\">11 mg Nikotin<\/strong>, liefert ein robustes Hyp\u00e8r Strong-Erlebnis von APR\u00c8S Nicotine AB.<\/p>","protected":false},"featured_media":10311,"comment_status":"open","ping_status":"closed","template":"","format":[206],"meta":{"_acf_changed":false},"product_brand":[],"product_cat":[41],"product_tag":[16551],"flavours":[196],"nicotine":[218,232],"class_list":{"0":"post-10310","1":"product","2":"type-product","3":"status-publish","4":"has-post-thumbnail","6":"product_cat-apres","7":"product_tag-11-mg-pouch","8":"pa_quantity-1-pack","9":"pa_quantity-10-pack","10":"pa_quantity-3-pack","11":"pa_quantity-30-pack","12":"pa_quantity-5-pack","13":"pa_quantity-60-pack","14":"flavours-fruits-berries","15":"format-slim","16":"nicotine-20-mg-g","17":"nicotine-extra-strong","19":"first","20":"outofstock","21":"taxable","22":"shipping-taxable","23":"purchasable","24":"product-type-variable","25":"has-default-attributes"},"acf":[],"_links":{"self":[{"href":"https:\/\/whitelip.com\/de\/wp-json\/wp\/v2\/product\/10310","targetHints":{"allow":["GET"]}}],"collection":[{"href":"https:\/\/whitelip.com\/de\/wp-json\/wp\/v2\/product"}],"about":[{"href":"https:\/\/whitelip.com\/de\/wp-json\/wp\/v2\/types\/product"}],"replies":[{"embeddable":true,"href":"https:\/\/whitelip.com\/de\/wp-json\/wp\/v2\/comments?post=10310"}],"wp:featuredmedia":[{"embeddable":true,"href":"https:\/\/whitelip.com\/de\/wp-json\/wp\/v2\/media\/10311"}],"wp:attachment":[{"href":"https:\/\/whitelip.com\/de\/wp-json\/wp\/v2\/media?parent=10310"}],"wp:term":[{"taxonomy":"product_brand","embeddable":true,"href":"https:\/\/whitelip.com\/de\/wp-json\/wp\/v2\/product_brand?post=10310"},{"taxonomy":"product_cat","embeddable":true,"href":"https:\/\/whitelip.com\/de\/wp-json\/wp\/v2\/product_cat?post=10310"},{"taxonomy":"product_tag","embeddable":true,"href":"https:\/\/whitelip.com\/de\/wp-json\/wp\/v2\/product_tag?post=10310"},{"taxonomy":"flavours","embeddable":true,"href":"https:\/\/whitelip.com\/de\/wp-json\/wp\/v2\/flavours?post=10310"},{"taxonomy":"format","embeddable":true,"href":"https:\/\/whitelip.com\/de\/wp-json\/wp\/v2\/format?post=10310"},{"taxonomy":"nicotine","embeddable":true,"href":"https:\/\/whitelip.com\/de\/wp-json\/wp\/v2\/nicotine?post=10310"}],"curies":[{"name":"wp","href":"https:\/\/api.w.org\/{rel}","templated":true}]}}