{"id":10300,"date":"2025-04-08T11:24:32","date_gmt":"2025-04-08T11:24:32","guid":{"rendered":"https:\/\/whitelip.com\/apres-cola-hyper-strong\/"},"modified":"2026-05-07T10:11:32","modified_gmt":"2026-05-07T10:11:32","slug":"apres-cola-hyper-strong","status":"publish","type":"product","link":"https:\/\/whitelip.com\/de\/apres\/apres-cola-hyper-strong\/","title":{"rendered":"APR\u00c8S Cola Hyp\u00e8r Strong"},"content":{"rendered":"<h2><strong>APR\u00c8S Cola Hyp\u00e8r Strong<\/strong><\/h2>\n<p><span style=\"font-weight: 400;\">APR\u00c8S Cola Hyp\u00e8r Strong Nikotinbeutel liefern einen nostalgischen Cola-Geschmack in einem schlanken, ganz wei\u00dfen Format. Jeder Beutel enth\u00e4lt 11 mg Nikotin und bietet ein starkes Gef\u00fchl, das auch f\u00fcr erfahrene Raucher geeignet ist. Das diskrete Design sorgt f\u00fcr einen bequemen Sitz unter der Lippe, so dass die Beutel jederzeit verwendet werden k\u00f6nnen, ohne die Z\u00e4hne zu beschmutzen. Die von APR\u00c8S Nicotine AB hergestellten tabakfreien Beutel stehen f\u00fcr hohe Qualit\u00e4tsstandards und innovative Geschmackskombinationen.<\/span><\/p>\n<table>\n<tbody>\n<tr>\n<td><b>Attribut<\/b><\/td>\n<td><b>Einzelheiten<\/b><\/td>\n<\/tr>\n<tr>\n<td><b>Inhalt pro Dose<\/b><\/td>\n<td><span style=\"font-weight: 400;\">11g (20 Beutel)<\/span><\/td>\n<\/tr>\n<tr>\n<td><b>Nikotingehalt<\/b><\/td>\n<td><span style=\"font-weight: 400;\">20 mg\/g (11 mg pro Beutel)<\/span><\/td>\n<\/tr>\n<tr>\n<td><b>Format des Beutels<\/b><\/td>\n<td><span style=\"font-weight: 400;\">Schlank<\/span><\/td>\n<\/tr>\n<tr>\n<td><b>Produzent<\/b><\/td>\n<td><span style=\"font-weight: 400;\">APR\u00c8S Nicotine AB<\/span><\/td>\n<\/tr>\n<tr>\n<td><b>Geschmack<\/b><\/td>\n<td><span style=\"font-weight: 400;\">Cola<\/span><\/td>\n<\/tr>\n<tr>\n<td><b>Typ<\/b><\/td>\n<td><span style=\"font-weight: 400;\">Ganz wei\u00dfe Tasche<\/span><\/td>\n<\/tr>\n<\/tbody>\n<\/table>\n<p>\u00a0<\/p>","protected":false},"excerpt":{"rendered":"<p>Nostalgisch <strong data-start=\"10\" data-end=\"18\">Cola<\/strong> Geschmack mit einem sauberen, erfrischenden Abgang. Die <strong data-start=\"62\" data-end=\"81\">schlank, <\/strong>Reinwei\u00dfe Pouchs sitzen diskret und bequem unter der Lippe f\u00fcr fleckenfreie Anwendung zu jeder Zeit. Jeder Pouch enth\u00e4lt <strong data-start=\"184\" data-end=\"202\">11 mg Nikotin<\/strong>, und liefert ein robustes Hyp\u00e8r Strong Gef\u00fchl von APR\u00c8S Nicotine AB.<\/p>","protected":false},"featured_media":10301,"comment_status":"open","ping_status":"closed","template":"","format":[206],"meta":{"_acf_changed":false},"product_brand":[],"product_cat":[41],"product_tag":[16551],"flavours":[193],"nicotine":[218,232],"class_list":{"0":"post-10300","1":"product","2":"type-product","3":"status-publish","4":"has-post-thumbnail","6":"product_cat-apres","7":"product_tag-11-mg-pouch","8":"pa_quantity-1-pack","9":"pa_quantity-10-pack","10":"pa_quantity-3-pack","11":"pa_quantity-30-pack","12":"pa_quantity-5-pack","13":"pa_quantity-60-pack","14":"flavours-cola","15":"format-slim","16":"nicotine-20-mg-g","17":"nicotine-extra-strong","19":"first","20":"instock","21":"taxable","22":"shipping-taxable","23":"purchasable","24":"product-type-variable"},"acf":[],"_links":{"self":[{"href":"https:\/\/whitelip.com\/de\/wp-json\/wp\/v2\/product\/10300","targetHints":{"allow":["GET"]}}],"collection":[{"href":"https:\/\/whitelip.com\/de\/wp-json\/wp\/v2\/product"}],"about":[{"href":"https:\/\/whitelip.com\/de\/wp-json\/wp\/v2\/types\/product"}],"replies":[{"embeddable":true,"href":"https:\/\/whitelip.com\/de\/wp-json\/wp\/v2\/comments?post=10300"}],"wp:featuredmedia":[{"embeddable":true,"href":"https:\/\/whitelip.com\/de\/wp-json\/wp\/v2\/media\/10301"}],"wp:attachment":[{"href":"https:\/\/whitelip.com\/de\/wp-json\/wp\/v2\/media?parent=10300"}],"wp:term":[{"taxonomy":"product_brand","embeddable":true,"href":"https:\/\/whitelip.com\/de\/wp-json\/wp\/v2\/product_brand?post=10300"},{"taxonomy":"product_cat","embeddable":true,"href":"https:\/\/whitelip.com\/de\/wp-json\/wp\/v2\/product_cat?post=10300"},{"taxonomy":"product_tag","embeddable":true,"href":"https:\/\/whitelip.com\/de\/wp-json\/wp\/v2\/product_tag?post=10300"},{"taxonomy":"flavours","embeddable":true,"href":"https:\/\/whitelip.com\/de\/wp-json\/wp\/v2\/flavours?post=10300"},{"taxonomy":"format","embeddable":true,"href":"https:\/\/whitelip.com\/de\/wp-json\/wp\/v2\/format?post=10300"},{"taxonomy":"nicotine","embeddable":true,"href":"https:\/\/whitelip.com\/de\/wp-json\/wp\/v2\/nicotine?post=10300"}],"curies":[{"name":"wp","href":"https:\/\/api.w.org\/{rel}","templated":true}]}}