{"id":10280,"date":"2025-04-08T10:12:14","date_gmt":"2025-04-08T10:12:14","guid":{"rendered":"https:\/\/whitelip.com\/chainpop-peppermint-ice\/"},"modified":"2026-03-09T17:49:00","modified_gmt":"2026-03-09T17:49:00","slug":"chainpop-peppermint-ice","status":"publish","type":"product","link":"https:\/\/whitelip.com\/de\/chainpop\/chainpop-peppermint-ice\/","title":{"rendered":"CHAINPOP Pfefferminz &amp; Eis"},"content":{"rendered":"<h2><strong>CH<\/strong><strong>AINPOP Pfefferminz &amp; Eis<\/strong><\/h2>\n<p><span style=\"font-size: 16px;\">Erleben Sie einen sauberen, eisigen Minzgeschmack in einem etwas gr\u00f6\u00dferen Beutel, der f\u00fcr ein st\u00e4rkeres und l\u00e4nger anhaltendes Nikotinerlebnis entwickelt wurde. Diese frische und erfrischende Minze ist k\u00fchl und neutral \u2013 perfekt f\u00fcr den t\u00e4glichen Gebrauch. Der weiche und komfortable Beutel unter der Lippe bietet eine sanfte Freisetzung ohne Auslaufen. Egal ob Sie einen frischen Eindruck oder einen konstanten Nikotinkick suchen, dieser schwedisch gefertigte Beutel liefert beides mit Premiumqualit\u00e4t und Pr\u00e4zision. Ein k\u00fchler Klassiker, handwerklich gefertigt f\u00fcr Ausgewogenheit, Komfort und Langlebigkeit.<\/span><\/p>\n<table>\n<tbody>\n<tr>\n<td><b>Attribut<\/b><\/td>\n<td><b>Einzelheiten<\/b><\/td>\n<\/tr>\n<tr>\n<td><b>Inhalt pro Dose<\/b><\/td>\n<td><span style=\"font-weight: 400;\">10g (20 Beutel)<\/span><\/td>\n<\/tr>\n<tr>\n<td><b>Nikotingehalt<\/b><\/td>\n<td><span style=\"font-weight: 400;\">17 mg\/g (12 mg pro Beutel)<\/span><\/td>\n<\/tr>\n<tr>\n<td><b>Format des Beutels<\/b><\/td>\n<td><span style=\"font-weight: 400;\">Schlank<\/span><\/td>\n<\/tr>\n<tr>\n<td><b>Produzent<\/b><\/td>\n<td><span style=\"font-weight: 400;\">Chainpop AB<\/span><\/td>\n<\/tr>\n<tr>\n<td><b>Geschmack<\/b><\/td>\n<td><span style=\"font-weight: 400;\">Pfefferminz<\/span><\/td>\n<\/tr>\n<tr>\n<td><b>Typ<\/b><\/td>\n<td><span style=\"font-weight: 400;\">Ganz wei\u00dfe Tasche<\/span><\/td>\n<\/tr>\n<\/tbody>\n<\/table>","protected":false},"excerpt":{"rendered":"<p>Sauber, eisig <strong data-start=\"11\" data-end=\"19\">Minze<\/strong> mit einem knackigen, neutralen Profil. Der etwas gr\u00f6\u00dfere Beutel sitzt weich unter der Lippe und l\u00e4sst sich sanft und ohne zu tropfen herausnehmen. Jeder Beutel enth\u00e4lt <strong data-start=\"163\" data-end=\"191\">12 mg Nikotin pro Beutel<\/strong>, und sorgt f\u00fcr ein st\u00e4rkeres, l\u00e4nger anhaltendes Erlebnis. In Schweden hergestellt f\u00fcr Ausgewogenheit, Komfort und Langlebigkeit.<\/p>","protected":false},"featured_media":3357,"comment_status":"open","ping_status":"closed","template":"","format":[206],"meta":{"_acf_changed":false},"product_brand":[],"product_cat":[106],"product_tag":[16561],"flavours":[199],"nicotine":[214,232],"class_list":{"0":"post-10280","1":"product","2":"type-product","3":"status-publish","4":"has-post-thumbnail","6":"product_cat-chainpop","7":"product_tag-12-mg-pouch","8":"pa_quantity-1-pack","9":"pa_quantity-10-pack","10":"pa_quantity-3-pack","11":"pa_quantity-30-pack","12":"pa_quantity-5-pack","13":"pa_quantity-60-pack","14":"flavours-mint","15":"format-slim","16":"nicotine-17-mg-g","17":"nicotine-extra-strong","19":"first","20":"outofstock","21":"taxable","22":"shipping-taxable","23":"purchasable","24":"product-type-variable"},"acf":[],"_links":{"self":[{"href":"https:\/\/whitelip.com\/de\/wp-json\/wp\/v2\/product\/10280","targetHints":{"allow":["GET"]}}],"collection":[{"href":"https:\/\/whitelip.com\/de\/wp-json\/wp\/v2\/product"}],"about":[{"href":"https:\/\/whitelip.com\/de\/wp-json\/wp\/v2\/types\/product"}],"replies":[{"embeddable":true,"href":"https:\/\/whitelip.com\/de\/wp-json\/wp\/v2\/comments?post=10280"}],"wp:featuredmedia":[{"embeddable":true,"href":"https:\/\/whitelip.com\/de\/wp-json\/wp\/v2\/media\/3357"}],"wp:attachment":[{"href":"https:\/\/whitelip.com\/de\/wp-json\/wp\/v2\/media?parent=10280"}],"wp:term":[{"taxonomy":"product_brand","embeddable":true,"href":"https:\/\/whitelip.com\/de\/wp-json\/wp\/v2\/product_brand?post=10280"},{"taxonomy":"product_cat","embeddable":true,"href":"https:\/\/whitelip.com\/de\/wp-json\/wp\/v2\/product_cat?post=10280"},{"taxonomy":"product_tag","embeddable":true,"href":"https:\/\/whitelip.com\/de\/wp-json\/wp\/v2\/product_tag?post=10280"},{"taxonomy":"flavours","embeddable":true,"href":"https:\/\/whitelip.com\/de\/wp-json\/wp\/v2\/flavours?post=10280"},{"taxonomy":"format","embeddable":true,"href":"https:\/\/whitelip.com\/de\/wp-json\/wp\/v2\/format?post=10280"},{"taxonomy":"nicotine","embeddable":true,"href":"https:\/\/whitelip.com\/de\/wp-json\/wp\/v2\/nicotine?post=10280"}],"curies":[{"name":"wp","href":"https:\/\/api.w.org\/{rel}","templated":true}]}}