{"id":10270,"date":"2025-04-08T09:56:05","date_gmt":"2025-04-08T09:56:05","guid":{"rendered":"https:\/\/whitelip.com\/chainpop-peach-honey\/"},"modified":"2026-03-09T17:50:15","modified_gmt":"2026-03-09T17:50:15","slug":"chainpop-peach-honey","status":"publish","type":"product","link":"https:\/\/whitelip.com\/de\/chainpop\/chainpop-peach-honey\/","title":{"rendered":"CHAINPOP Pfirsich &amp; Honig"},"content":{"rendered":"<h2><strong>CHAINPOP Pfirsich &amp; Honig<\/strong><\/h2>\n<p class=\"\" data-start=\"110\" data-end=\"559\">Sonnengereifte Pfirsiche vermischen sich mit weichem, goldenem Honig in diesem warmen und beruhigenden Nikotinbeutel. Das Ergebnis ist ein s\u00fc\u00dfer, milder Geschmack, der reichhaltig, lang anhaltend und vom ersten Moment an befriedigend ist. Der Beutel ist weich und diskret, so dass er bequem unter der Lippe sitzt, ohne zu stechen. Er wird in Schweden aus hochwertigen Zutaten hergestellt und ist die perfekte Wahl f\u00fcr alle, die sanfte, fruchtige Aromen mit einer nat\u00fcrlichen S\u00fc\u00dfe und einem Hauch von W\u00e4rme genie\u00dfen.<\/p>\n<table>\n<tbody>\n<tr>\n<td><b>Attribut<\/b><\/td>\n<td><b>Einzelheiten<\/b><\/td>\n<\/tr>\n<tr>\n<td><b>Inhalt pro Dose<\/b><\/td>\n<td><span style=\"font-weight: 400;\">10g (20 Beutel)<\/span><\/td>\n<\/tr>\n<tr>\n<td><b>Nikotingehalt<\/b><\/td>\n<td><span style=\"font-weight: 400;\">15 mg\/g (9 mg pro Beutel)<\/span><\/td>\n<\/tr>\n<tr>\n<td><b>Format des Beutels<\/b><\/td>\n<td><span style=\"font-weight: 400;\">Schlank<\/span><\/td>\n<\/tr>\n<tr>\n<td><b>Produzent<\/b><\/td>\n<td><span style=\"font-weight: 400;\">Chainpop AB<\/span><\/td>\n<\/tr>\n<tr>\n<td><b>Geschmack<\/b><\/td>\n<td><span style=\"font-weight: 400;\">Pfirsich und Honig<\/span><\/td>\n<\/tr>\n<tr>\n<td><b>Typ<\/b><\/td>\n<td><span style=\"font-weight: 400;\">Ganz wei\u00dfe Tasche<\/span><\/td>\n<\/tr>\n<\/tbody>\n<\/table>","protected":false},"excerpt":{"rendered":"<p>S\u00fc\u00df, sanft <strong data-start=\"14\" data-end=\"41\">Pfirsich &amp; Honig<\/strong> f\u00fcr einen warmen, wohligen Geschmack. Der weiche, diskrete Beutel sitzt bequem unter der Lippe, ohne zu stechen, und gibt den Geschmack sanft ab. Jeder Beutel enth\u00e4lt <strong data-start=\"196\" data-end=\"223\">9 mg Nikotin pro Beutel<\/strong>, Schwedisch hergestellt f\u00fcr ein sanftes, lang anhaltendes, nat\u00fcrlich s\u00fc\u00dfes Erlebnis.<\/p>","protected":false},"featured_media":3355,"comment_status":"open","ping_status":"closed","template":"","format":[206],"meta":{"_acf_changed":false},"product_brand":[],"product_cat":[106],"product_tag":[16563],"flavours":[196],"nicotine":[212,232],"class_list":{"0":"post-10270","1":"product","2":"type-product","3":"status-publish","4":"has-post-thumbnail","6":"product_cat-chainpop","7":"product_tag-9-mg-pouch","8":"pa_quantity-1-pack","9":"pa_quantity-10-pack","10":"pa_quantity-3-pack","11":"pa_quantity-30-pack","12":"pa_quantity-5-pack","13":"pa_quantity-60-pack","14":"flavours-fruits-berries","15":"format-slim","16":"nicotine-15-mg-g","17":"nicotine-extra-strong","19":"first","20":"outofstock","21":"taxable","22":"shipping-taxable","23":"purchasable","24":"product-type-variable","25":"has-default-attributes"},"acf":[],"_links":{"self":[{"href":"https:\/\/whitelip.com\/de\/wp-json\/wp\/v2\/product\/10270","targetHints":{"allow":["GET"]}}],"collection":[{"href":"https:\/\/whitelip.com\/de\/wp-json\/wp\/v2\/product"}],"about":[{"href":"https:\/\/whitelip.com\/de\/wp-json\/wp\/v2\/types\/product"}],"replies":[{"embeddable":true,"href":"https:\/\/whitelip.com\/de\/wp-json\/wp\/v2\/comments?post=10270"}],"wp:featuredmedia":[{"embeddable":true,"href":"https:\/\/whitelip.com\/de\/wp-json\/wp\/v2\/media\/3355"}],"wp:attachment":[{"href":"https:\/\/whitelip.com\/de\/wp-json\/wp\/v2\/media?parent=10270"}],"wp:term":[{"taxonomy":"product_brand","embeddable":true,"href":"https:\/\/whitelip.com\/de\/wp-json\/wp\/v2\/product_brand?post=10270"},{"taxonomy":"product_cat","embeddable":true,"href":"https:\/\/whitelip.com\/de\/wp-json\/wp\/v2\/product_cat?post=10270"},{"taxonomy":"product_tag","embeddable":true,"href":"https:\/\/whitelip.com\/de\/wp-json\/wp\/v2\/product_tag?post=10270"},{"taxonomy":"flavours","embeddable":true,"href":"https:\/\/whitelip.com\/de\/wp-json\/wp\/v2\/flavours?post=10270"},{"taxonomy":"format","embeddable":true,"href":"https:\/\/whitelip.com\/de\/wp-json\/wp\/v2\/format?post=10270"},{"taxonomy":"nicotine","embeddable":true,"href":"https:\/\/whitelip.com\/de\/wp-json\/wp\/v2\/nicotine?post=10270"}],"curies":[{"name":"wp","href":"https:\/\/api.w.org\/{rel}","templated":true}]}}