{"id":10240,"date":"2025-04-02T12:06:04","date_gmt":"2025-04-02T12:06:04","guid":{"rendered":"https:\/\/whitelip.com\/shogun-lemon-g\/"},"modified":"2026-03-10T09:29:09","modified_gmt":"2026-03-10T09:29:09","slug":"shogun-lemon-g","status":"publish","type":"product","link":"https:\/\/whitelip.com\/de\/shogun\/shogun-lemon-g\/","title":{"rendered":"SHOGUN Zitrone-G"},"content":{"rendered":"<h2><strong>SHOGUN Zitrone-G<\/strong><\/h2>\n<div class=\"x_elementToProof\" data-ogsc=\"rgb(0, 0, 0)\" data-olk-copy-source=\"MessageBody\">S\u00fc\u00df, sauer und ach so erfrischend - Lemon-G ist eine ganze Stimmung. Der k\u00fchne Geschmack von Zitronengras vermischt tropische S\u00fc\u00dfe mit einem zitrusartigen Geschmack, w\u00e4hrend ein zus\u00e4tzliches k\u00fchlendes Gef\u00fchl f\u00fcr ein kribbelndes Erlebnis sorgt. Dieser schlanke, feuchte 0,6g-Beutel ist nicht nur ein Nikotinfix - er ist ein Geschmackserlebnis. Mit 15 mg\/g Nikotin (9 mg pro Beutel) hat er etwas mehr Punch f\u00fcr diejenigen, die einen st\u00e4rkeren Buzz m\u00f6gen. Perfekt f\u00fcr alle, die einen erfrischenden Hauch von Zitrusfr\u00fcchten m\u00f6gen.<\/div>\n<table>\n<tbody>\n<tr>\n<td><b>Attribut<\/b><\/td>\n<td><b>Einzelheiten<\/b><\/td>\n<\/tr>\n<tr>\n<td><b>Inhalt pro Dose<\/b><\/td>\n<td>15g\/g (20 Beutel)<\/td>\n<\/tr>\n<tr>\n<td><b>Nikotingehalt<\/b><\/td>\n<td>15 mg\/g (9 mg pro Beutel)<\/td>\n<\/tr>\n<tr>\n<td><b>Format des Beutels<\/b><\/td>\n<td>Schlank<\/td>\n<\/tr>\n<tr>\n<td><b>Produzent<\/b><\/td>\n<td>Wizax Sp. z o.o<\/td>\n<\/tr>\n<tr>\n<td><b>Geschmack<\/b><\/td>\n<td>Zitrone<\/td>\n<\/tr>\n<tr>\n<td><b>Typ<\/b><\/td>\n<td>Nikotinbeutel<\/td>\n<\/tr>\n<\/tbody>\n<\/table>","protected":false},"excerpt":{"rendered":"<div class=\"relative my-1 min-h-6\">\n<div class=\"relative flex origin-top-left flex-col gap-2 overflow-x-clip\">\n<div class=\"relative w-full text-start\">\n<div class=\"flex w-full flex-col items-start justify-between text-start flex-row\">Lemon-G Nikotinbeutel liefern einen kr\u00e4ftigen, erfrischenden <strong data-start=\"52\" data-end=\"73\">Zitronengras-Zitrus<\/strong> Geschmack mit einem extra k\u00fchlenden Kick. <strong data-start=\"109\" data-end=\"117\">Schlank<\/strong>, Das feuchte 0,6-g-Format sorgt f\u00fcr eine sanfte und bequeme Anwendung. Jeder Beutel enth\u00e4lt <strong data-start=\"187\" data-end=\"204\">9 mg Nikotin<\/strong> (15 mg\/g). Eine pikante Wahl f\u00fcr diejenigen, die einen st\u00e4rkeren Rausch m\u00f6gen.<\/div>\n<\/div>\n<\/div>\n<\/div>","protected":false},"featured_media":10241,"comment_status":"open","ping_status":"closed","template":"","format":[206],"meta":{"_acf_changed":false},"product_brand":[],"product_cat":[105],"product_tag":[16563],"flavours":[190],"nicotine":[212,232],"class_list":{"0":"post-10240","1":"product","2":"type-product","3":"status-publish","4":"has-post-thumbnail","6":"product_cat-shogun","7":"product_tag-9-mg-pouch","8":"pa_quantity-1-pack","9":"pa_quantity-10-pack","10":"pa_quantity-3-pack","11":"pa_quantity-30-pack","12":"pa_quantity-5-pack","13":"pa_quantity-60-pack","14":"flavours-citrus","15":"format-slim","16":"nicotine-15-mg-g","17":"nicotine-extra-strong","19":"first","20":"outofstock","21":"taxable","22":"shipping-taxable","23":"purchasable","24":"product-type-variable","25":"has-default-attributes"},"acf":[],"_links":{"self":[{"href":"https:\/\/whitelip.com\/de\/wp-json\/wp\/v2\/product\/10240","targetHints":{"allow":["GET"]}}],"collection":[{"href":"https:\/\/whitelip.com\/de\/wp-json\/wp\/v2\/product"}],"about":[{"href":"https:\/\/whitelip.com\/de\/wp-json\/wp\/v2\/types\/product"}],"replies":[{"embeddable":true,"href":"https:\/\/whitelip.com\/de\/wp-json\/wp\/v2\/comments?post=10240"}],"wp:featuredmedia":[{"embeddable":true,"href":"https:\/\/whitelip.com\/de\/wp-json\/wp\/v2\/media\/10241"}],"wp:attachment":[{"href":"https:\/\/whitelip.com\/de\/wp-json\/wp\/v2\/media?parent=10240"}],"wp:term":[{"taxonomy":"product_brand","embeddable":true,"href":"https:\/\/whitelip.com\/de\/wp-json\/wp\/v2\/product_brand?post=10240"},{"taxonomy":"product_cat","embeddable":true,"href":"https:\/\/whitelip.com\/de\/wp-json\/wp\/v2\/product_cat?post=10240"},{"taxonomy":"product_tag","embeddable":true,"href":"https:\/\/whitelip.com\/de\/wp-json\/wp\/v2\/product_tag?post=10240"},{"taxonomy":"flavours","embeddable":true,"href":"https:\/\/whitelip.com\/de\/wp-json\/wp\/v2\/flavours?post=10240"},{"taxonomy":"format","embeddable":true,"href":"https:\/\/whitelip.com\/de\/wp-json\/wp\/v2\/format?post=10240"},{"taxonomy":"nicotine","embeddable":true,"href":"https:\/\/whitelip.com\/de\/wp-json\/wp\/v2\/nicotine?post=10240"}],"curies":[{"name":"wp","href":"https:\/\/api.w.org\/{rel}","templated":true}]}}