{"id":10220,"date":"2025-03-31T11:40:11","date_gmt":"2025-03-31T11:40:11","guid":{"rendered":"https:\/\/whitelip.com\/iceberg-watermelon-mint-gum-medium\/"},"modified":"2026-04-15T03:02:23","modified_gmt":"2026-04-15T03:02:23","slug":"iceberg-watermelon-mint-gum-medium","status":"publish","type":"product","link":"https:\/\/whitelip.com\/de\/iceberg\/iceberg-watermelon-mint-gum-medium\/","title":{"rendered":"ICEBERG Wassermelone-Minze-Kaugummi Medium"},"content":{"rendered":"<h2><strong>ICEBERG Wassermelone-Minze-Kaugummi Medium<\/strong><\/h2>\n<p class=\"\" data-start=\"94\" data-end=\"749\">ICEBERG Watermelon Mint Gum Medium Nikotinbeutel kombinieren die saftige S\u00fc\u00dfe der Wassermelone mit k\u00fchler Minze und einem Hauch von Kaugummi, wodurch ein erfrischendes und verspieltes Geschmacksprofil entsteht. Mit einer Nikotinst\u00e4rke von 20 mg pro Gramm - ca. 12 mg pro Beutel - sind diese schlanken Beutel ideal f\u00fcr erfahrene Raucher, die ein geschmackvolles und dennoch ausgewogenes Nikotinerlebnis suchen. Sie wurden f\u00fcr den diskreten Gebrauch unter der Lippe entwickelt, ohne die Z\u00e4hne zu verf\u00e4rben, und sind perfekt f\u00fcr den Genuss unterwegs. Produziert von Neoptolem, einem polnischen Hersteller, der daf\u00fcr bekannt ist, moderne Techniken mit traditioneller Qualit\u00e4t zu verbinden, bieten diese tabakfreien Beutel einen sanften Kick mit einer lustigen, fruchtigen Note.<\/p>\n<table>\n<tbody>\n<tr>\n<td><b>Attribut<\/b><\/td>\n<td><b>Einzelheiten<\/b><\/td>\n<\/tr>\n<tr>\n<td><b>Inhalt pro Dose<\/b><\/td>\n<td><span style=\"font-weight: 400;\">12g (20 Beutel)<\/span><\/td>\n<\/tr>\n<tr>\n<td><b>Nikotingehalt<\/b><\/td>\n<td><span style=\"font-weight: 400;\">20 mg\/g (12 mg pro Beutel)<\/span><\/td>\n<\/tr>\n<tr>\n<td><b>Format des Beutels<\/b><\/td>\n<td><span style=\"font-weight: 400;\">Schlank<\/span><\/td>\n<\/tr>\n<tr>\n<td><b>Produzent<\/b><\/td>\n<td><span style=\"font-weight: 400;\">Neoptolem<\/span><\/td>\n<\/tr>\n<tr>\n<td><b>Geschmack<\/b><\/td>\n<td>Wassermelone, Minze<\/td>\n<\/tr>\n<tr>\n<td><b>Typ<\/b><\/td>\n<td><span style=\"font-weight: 400;\">Ganz wei\u00dfe Tasche<\/span><\/td>\n<\/tr>\n<\/tbody>\n<\/table>\n<p>\u00a0<\/p>","protected":false},"excerpt":{"rendered":"<p>ICEBERG Wassermelone-Minze-Kaugummi: <strong data-start=\"29\" data-end=\"77\">saftige Wassermelone, k\u00fchle Minze, Bubblegum Twist<\/strong> f\u00fcr ein erfrischendes, verspieltes Profil. <strong data-start=\"113\" data-end=\"121\">Schlank<\/strong> Die ganz wei\u00dfen Beutel sitzen diskret unter der Lippe, ohne zu f\u00e4rben. <strong data-start=\"187\" data-end=\"197\">Mittel<\/strong> St\u00e4rke bei 20 mg\/g; jeder Beutel enth\u00e4lt ~12 mg Nikotin. Tabakfrei und ideal f\u00fcr die Verwendung unterwegs. Produziert von Neoptolem in Polen.<\/p>","protected":false},"featured_media":10221,"comment_status":"open","ping_status":"closed","template":"","format":[206],"meta":{"_acf_changed":false},"product_brand":[],"product_cat":[50],"product_tag":[16561],"flavours":[196,199],"nicotine":[218,232],"class_list":{"0":"post-10220","1":"product","2":"type-product","3":"status-publish","4":"has-post-thumbnail","6":"product_cat-iceberg","7":"product_tag-12-mg-pouch","8":"pa_quantity-1-pack","9":"pa_quantity-10-pack","10":"pa_quantity-3-pack","11":"pa_quantity-30-pack","12":"pa_quantity-5-pack","13":"pa_quantity-60-pack","14":"flavours-fruits-berries","15":"flavours-mint","16":"format-slim","17":"nicotine-20-mg-g","18":"nicotine-extra-strong","20":"first","21":"instock","22":"taxable","23":"shipping-taxable","24":"purchasable","25":"product-type-variable","26":"has-default-attributes"},"acf":[],"_links":{"self":[{"href":"https:\/\/whitelip.com\/de\/wp-json\/wp\/v2\/product\/10220","targetHints":{"allow":["GET"]}}],"collection":[{"href":"https:\/\/whitelip.com\/de\/wp-json\/wp\/v2\/product"}],"about":[{"href":"https:\/\/whitelip.com\/de\/wp-json\/wp\/v2\/types\/product"}],"replies":[{"embeddable":true,"href":"https:\/\/whitelip.com\/de\/wp-json\/wp\/v2\/comments?post=10220"}],"wp:featuredmedia":[{"embeddable":true,"href":"https:\/\/whitelip.com\/de\/wp-json\/wp\/v2\/media\/10221"}],"wp:attachment":[{"href":"https:\/\/whitelip.com\/de\/wp-json\/wp\/v2\/media?parent=10220"}],"wp:term":[{"taxonomy":"product_brand","embeddable":true,"href":"https:\/\/whitelip.com\/de\/wp-json\/wp\/v2\/product_brand?post=10220"},{"taxonomy":"product_cat","embeddable":true,"href":"https:\/\/whitelip.com\/de\/wp-json\/wp\/v2\/product_cat?post=10220"},{"taxonomy":"product_tag","embeddable":true,"href":"https:\/\/whitelip.com\/de\/wp-json\/wp\/v2\/product_tag?post=10220"},{"taxonomy":"flavours","embeddable":true,"href":"https:\/\/whitelip.com\/de\/wp-json\/wp\/v2\/flavours?post=10220"},{"taxonomy":"format","embeddable":true,"href":"https:\/\/whitelip.com\/de\/wp-json\/wp\/v2\/format?post=10220"},{"taxonomy":"nicotine","embeddable":true,"href":"https:\/\/whitelip.com\/de\/wp-json\/wp\/v2\/nicotine?post=10220"}],"curies":[{"name":"wp","href":"https:\/\/api.w.org\/{rel}","templated":true}]}}