{"id":10210,"date":"2025-03-31T11:29:42","date_gmt":"2025-03-31T11:29:42","guid":{"rendered":"https:\/\/whitelip.com\/iceberg-sour-berries-extreme\/"},"modified":"2026-05-09T10:11:09","modified_gmt":"2026-05-09T10:11:09","slug":"iceberg-sour-berries-extreme","status":"publish","type":"product","link":"https:\/\/whitelip.com\/de\/iceberg\/iceberg-sour-berries-extreme\/","title":{"rendered":"ICEBERG Saure Beeren Extrem"},"content":{"rendered":"<h2><strong>ICEBERG Saure Beeren Extrem<\/strong><\/h2>\n<p class=\"\" data-start=\"88\" data-end=\"732\">ICEBERG Sour Berries Extreme Nikotinbeutel explodieren mit einer spritzigen Mischung aus wilden Beeren und einer scharfen sauren Note und liefern ein k\u00fchnes, k\u00f6stliches Geschmackserlebnis. Jeder Beutel im schlanken Format enth\u00e4lt 50 mg Nikotin pro Gramm - etwa 35 mg pro Beutel - und ist f\u00fcr erfahrene Raucher gedacht, die einen starken und intensiv fruchtigen Nikotinsto\u00df suchen. Diese Beutel wurden f\u00fcr den diskreten Gebrauch unter der Lippe entwickelt, ohne die Z\u00e4hne zu verf\u00e4rben, und sind somit perfekt f\u00fcr den Genuss unterwegs. Produziert von Neoptolem, einem polnischen Hersteller, der daf\u00fcr bekannt ist, moderne Innovation mit traditioneller Qualit\u00e4t zu verbinden, sind diese tabakfreien Beutel extrem stark und haben eine ernsthaft saure Wirkung.<\/p>\n<table>\n<tbody>\n<tr>\n<td><b>Attribut<\/b><\/td>\n<td><b>Einzelheiten<\/b><\/td>\n<\/tr>\n<tr>\n<td><b>Inhalt pro Dose<\/b><\/td>\n<td><span style=\"font-weight: 400;\">13g (20 Beutel)<\/span><\/td>\n<\/tr>\n<tr>\n<td><b>Nikotingehalt<\/b><\/td>\n<td><span style=\"font-weight: 400;\">50 mg\/g (35 mg pro Beutel)<\/span><\/td>\n<\/tr>\n<tr>\n<td><b>Format des Beutels<\/b><\/td>\n<td><span style=\"font-weight: 400;\">Schlank<\/span><\/td>\n<\/tr>\n<tr>\n<td><b>Produzent<\/b><\/td>\n<td><span style=\"font-weight: 400;\">Neoptolem<\/span><\/td>\n<\/tr>\n<tr>\n<td><b>Geschmack<\/b><\/td>\n<td>Saure Beeren<\/td>\n<\/tr>\n<tr>\n<td><b>Typ<\/b><\/td>\n<td><span style=\"font-weight: 400;\">Ganz wei\u00dfe Tasche<\/span><\/td>\n<\/tr>\n<\/tbody>\n<\/table>\n<p>\u00a0<\/p>","protected":false},"excerpt":{"rendered":"<p>ICEBERG Saure Beeren: <strong data-start=\"22\" data-end=\"68\">w\u00fcrzige Waldbeeren mit einer s\u00e4uerlichen Note<\/strong> f\u00fcr einen k\u00fchnen, k\u00f6stlichen Hit. <strong data-start=\"101\" data-end=\"109\">Schlank<\/strong> Die ganz wei\u00dfen Beutel sitzen diskret unter der Lippe, ohne zu f\u00e4rben. <strong data-start=\"175\" data-end=\"186\">Extrem<\/strong> St\u00e4rke bei 50 mg\/g; jeder Beutel enth\u00e4lt ~35 mg Nikotin. Tabakfrei und ideal f\u00fcr den Gebrauch unterwegs. Produziert von Neoptolem in Polen.<\/p>","protected":false},"featured_media":10211,"comment_status":"open","ping_status":"closed","template":"","format":[206],"meta":{"_acf_changed":false},"product_brand":[],"product_cat":[50],"product_tag":[16603],"flavours":[196],"nicotine":[226,233],"class_list":{"0":"post-10210","1":"product","2":"type-product","3":"status-publish","4":"has-post-thumbnail","6":"product_cat-iceberg","7":"product_tag-35-mg-pouch","8":"pa_quantity-1-pack","9":"pa_quantity-10-pack","10":"pa_quantity-3-pack","11":"pa_quantity-30-pack","12":"pa_quantity-5-pack","13":"pa_quantity-60-pack","14":"flavours-fruits-berries","15":"format-slim","16":"nicotine-50-mg-g","17":"nicotine-extreme","19":"first","20":"instock","21":"taxable","22":"shipping-taxable","23":"purchasable","24":"product-type-variable","25":"has-default-attributes"},"acf":[],"_links":{"self":[{"href":"https:\/\/whitelip.com\/de\/wp-json\/wp\/v2\/product\/10210","targetHints":{"allow":["GET"]}}],"collection":[{"href":"https:\/\/whitelip.com\/de\/wp-json\/wp\/v2\/product"}],"about":[{"href":"https:\/\/whitelip.com\/de\/wp-json\/wp\/v2\/types\/product"}],"replies":[{"embeddable":true,"href":"https:\/\/whitelip.com\/de\/wp-json\/wp\/v2\/comments?post=10210"}],"wp:featuredmedia":[{"embeddable":true,"href":"https:\/\/whitelip.com\/de\/wp-json\/wp\/v2\/media\/10211"}],"wp:attachment":[{"href":"https:\/\/whitelip.com\/de\/wp-json\/wp\/v2\/media?parent=10210"}],"wp:term":[{"taxonomy":"product_brand","embeddable":true,"href":"https:\/\/whitelip.com\/de\/wp-json\/wp\/v2\/product_brand?post=10210"},{"taxonomy":"product_cat","embeddable":true,"href":"https:\/\/whitelip.com\/de\/wp-json\/wp\/v2\/product_cat?post=10210"},{"taxonomy":"product_tag","embeddable":true,"href":"https:\/\/whitelip.com\/de\/wp-json\/wp\/v2\/product_tag?post=10210"},{"taxonomy":"flavours","embeddable":true,"href":"https:\/\/whitelip.com\/de\/wp-json\/wp\/v2\/flavours?post=10210"},{"taxonomy":"format","embeddable":true,"href":"https:\/\/whitelip.com\/de\/wp-json\/wp\/v2\/format?post=10210"},{"taxonomy":"nicotine","embeddable":true,"href":"https:\/\/whitelip.com\/de\/wp-json\/wp\/v2\/nicotine?post=10210"}],"curies":[{"name":"wp","href":"https:\/\/api.w.org\/{rel}","templated":true}]}}