{"id":10190,"date":"2025-03-31T11:18:20","date_gmt":"2025-03-31T11:18:20","guid":{"rendered":"https:\/\/whitelip.com\/iceberg-crazy-mix-extreme\/"},"modified":"2026-04-29T10:11:15","modified_gmt":"2026-04-29T10:11:15","slug":"iceberg-crazy-mix-extreme","status":"publish","type":"product","link":"https:\/\/whitelip.com\/de\/iceberg\/iceberg-crazy-mix-extreme\/","title":{"rendered":"ICEBERG Crazy Mix Extrem"},"content":{"rendered":"<h2><strong>ICEBERG Verr\u00fcckte Mischung Extrem<\/strong><\/h2>\n<p class=\"\" data-start=\"85\" data-end=\"764\">ICEBERG Crazy Mix Extreme Nikotinbeutel liefern eine wilde und fruchtige Mischung aus kr\u00e4ftigen, s\u00fc\u00dfen und w\u00fcrzigen Aromen, die ein einzigartiges und unvorhersehbares Geschmackserlebnis mit jedem Beutel schaffen. Jeder Beutel im schlanken Format enth\u00e4lt 50 mg Nikotin pro Gramm - etwa 35 mg pro Beutel - und ist f\u00fcr erfahrene Raucher gedacht, die einen starken Nikotinsto\u00df in Kombination mit einem lebendigen, gemischten Fruchtgeschmack suchen. Sie wurden f\u00fcr den diskreten Gebrauch unter der Lippe entwickelt, ohne die Z\u00e4hne zu verf\u00e4rben, und sind perfekt f\u00fcr den Genuss unterwegs. Produziert von Neoptolem, einem polnischen Hersteller, der daf\u00fcr bekannt ist, moderne Innovation mit traditioneller Qualit\u00e4t zu verbinden, erweitern diese tabakfreien Beutel die Grenzen des Geschmacks und bieten gleichzeitig eine extreme St\u00e4rke.<\/p>\n<table>\n<tbody>\n<tr>\n<td><b>Attribut<\/b><\/td>\n<td><b>Einzelheiten<\/b><\/td>\n<\/tr>\n<tr>\n<td><b>Inhalt pro Dose<\/b><\/td>\n<td><span style=\"font-weight: 400;\">13g (20 Beutel)<\/span><\/td>\n<\/tr>\n<tr>\n<td><b>Nikotingehalt<\/b><\/td>\n<td><span style=\"font-weight: 400;\">50 mg\/g (35 mg pro Beutel)<\/span><\/td>\n<\/tr>\n<tr>\n<td><b>Format des Beutels<\/b><\/td>\n<td><span style=\"font-weight: 400;\">Schlank<\/span><\/td>\n<\/tr>\n<tr>\n<td><b>Produzent<\/b><\/td>\n<td><span style=\"font-weight: 400;\">Neoptolem<\/span><\/td>\n<\/tr>\n<tr>\n<td><b>Geschmack<\/b><\/td>\n<td>Fr\u00fcchte<\/td>\n<\/tr>\n<tr>\n<td><b>Typ<\/b><\/td>\n<td><span style=\"font-weight: 400;\">Ganz wei\u00dfe Tasche<\/span><\/td>\n<\/tr>\n<\/tbody>\n<\/table>\n<p>\u00a0<\/p>","protected":false},"excerpt":{"rendered":"<p>ICEBERG Verr\u00fcckte Mischung <strong data-start=\"18\" data-end=\"55\">wilde gemischte Fr\u00fcchte, <\/strong>s\u00fc\u00df und pikant f\u00fcr einen einzigartigen, unvorhersehbaren Geschmack. <strong data-start=\"91\" data-end=\"99\">Schlank<\/strong> Die ganz wei\u00dfen Beutel sitzen diskret unter der Lippe, ohne zu f\u00e4rben. Extreme St\u00e4rke 50 mg\/g; jeder Beutel enth\u00e4lt <strong data-start=\"211\" data-end=\"230\">~35 mg Nikotin<\/strong>. Tabakfrei und ideal f\u00fcr den Genuss zwischendurch. Produziert von Neoptolem in Polen.<\/p>","protected":false},"featured_media":3339,"comment_status":"open","ping_status":"closed","template":"","format":[206],"meta":{"_acf_changed":false},"product_brand":[],"product_cat":[50],"product_tag":[16603],"flavours":[196],"nicotine":[226,233],"class_list":{"0":"post-10190","1":"product","2":"type-product","3":"status-publish","4":"has-post-thumbnail","6":"product_cat-iceberg","7":"product_tag-35-mg-pouch","8":"pa_quantity-1-pack","9":"pa_quantity-10-pack","10":"pa_quantity-3-pack","11":"pa_quantity-30-pack","12":"pa_quantity-5-pack","13":"pa_quantity-60-pack","14":"flavours-fruits-berries","15":"format-slim","16":"nicotine-50-mg-g","17":"nicotine-extreme","19":"first","20":"instock","21":"taxable","22":"shipping-taxable","23":"purchasable","24":"product-type-variable","25":"has-default-attributes"},"acf":[],"_links":{"self":[{"href":"https:\/\/whitelip.com\/de\/wp-json\/wp\/v2\/product\/10190","targetHints":{"allow":["GET"]}}],"collection":[{"href":"https:\/\/whitelip.com\/de\/wp-json\/wp\/v2\/product"}],"about":[{"href":"https:\/\/whitelip.com\/de\/wp-json\/wp\/v2\/types\/product"}],"replies":[{"embeddable":true,"href":"https:\/\/whitelip.com\/de\/wp-json\/wp\/v2\/comments?post=10190"}],"wp:featuredmedia":[{"embeddable":true,"href":"https:\/\/whitelip.com\/de\/wp-json\/wp\/v2\/media\/3339"}],"wp:attachment":[{"href":"https:\/\/whitelip.com\/de\/wp-json\/wp\/v2\/media?parent=10190"}],"wp:term":[{"taxonomy":"product_brand","embeddable":true,"href":"https:\/\/whitelip.com\/de\/wp-json\/wp\/v2\/product_brand?post=10190"},{"taxonomy":"product_cat","embeddable":true,"href":"https:\/\/whitelip.com\/de\/wp-json\/wp\/v2\/product_cat?post=10190"},{"taxonomy":"product_tag","embeddable":true,"href":"https:\/\/whitelip.com\/de\/wp-json\/wp\/v2\/product_tag?post=10190"},{"taxonomy":"flavours","embeddable":true,"href":"https:\/\/whitelip.com\/de\/wp-json\/wp\/v2\/flavours?post=10190"},{"taxonomy":"format","embeddable":true,"href":"https:\/\/whitelip.com\/de\/wp-json\/wp\/v2\/format?post=10190"},{"taxonomy":"nicotine","embeddable":true,"href":"https:\/\/whitelip.com\/de\/wp-json\/wp\/v2\/nicotine?post=10190"}],"curies":[{"name":"wp","href":"https:\/\/api.w.org\/{rel}","templated":true}]}}