{"id":10180,"date":"2025-03-31T11:13:33","date_gmt":"2025-03-31T11:13:33","guid":{"rendered":"https:\/\/whitelip.com\/iceberg-cola-extreme\/"},"modified":"2026-04-29T10:11:15","modified_gmt":"2026-04-29T10:11:15","slug":"iceberg-cola-extreme","status":"publish","type":"product","link":"https:\/\/whitelip.com\/de\/iceberg\/iceberg-cola-extreme\/","title":{"rendered":"ICEBERG Cola Extrem"},"content":{"rendered":"<h2><strong>ICEBERG Cola Extrem<\/strong><\/h2>\n<p class=\"\" data-start=\"80\" data-end=\"713\">ICEBERG Cola Extreme Nikotinbeutel liefern einen kr\u00e4ftigen und nostalgischen Cola-Geschmack mit s\u00fc\u00dfen, spritzigen Noten und einem erfrischenden Twist. Jeder Beutel im Slim-Format enth\u00e4lt 50 mg Nikotin pro Gramm \u2013 etwa 35 mg pro Beutel \u2013 und ist damit eine starke Wahl f\u00fcr erfahrene Anwender, die ein intensives und geschmackvolles Nikotinerlebnis suchen. Diese Beutel sind f\u00fcr den diskreten Gebrauch konzipiert, ohne die Z\u00e4hne zu verf\u00e4rben, und eignen sich perfekt f\u00fcr den Genuss jederzeit und \u00fcberall. Hergestellt von Neoptolem, einem polnischen Hersteller, der f\u00fcr seine Mischung aus moderner Innovation und traditioneller Qualit\u00e4t bekannt ist, vereinen diese tabakfreien Beutel klassischen Geschmack mit extremer St\u00e4rke f\u00fcr einen befriedigenden Kick.<\/p>\n<table>\n<tbody>\n<tr>\n<td><b>Attribut<\/b><\/td>\n<td><b>Einzelheiten<\/b><\/td>\n<\/tr>\n<tr>\n<td><b>Inhalt pro Dose<\/b><\/td>\n<td><span style=\"font-weight: 400;\">13g (20 Beutel)<\/span><\/td>\n<\/tr>\n<tr>\n<td><b>Nikotingehalt<\/b><\/td>\n<td><span style=\"font-weight: 400;\">50 mg\/g (35 mg pro Beutel)<\/span><\/td>\n<\/tr>\n<tr>\n<td><b>Format des Beutels<\/b><\/td>\n<td><span style=\"font-weight: 400;\">Schlank<\/span><\/td>\n<\/tr>\n<tr>\n<td><b>Produzent<\/b><\/td>\n<td><span style=\"font-weight: 400;\">Neoptolem<\/span><\/td>\n<\/tr>\n<tr>\n<td><b>Geschmack<\/b><\/td>\n<td>Cola<\/td>\n<\/tr>\n<tr>\n<td><b>Typ<\/b><\/td>\n<td><span style=\"font-weight: 400;\">Ganz wei\u00dfe Tasche<\/span><\/td>\n<\/tr>\n<\/tbody>\n<\/table>\n<p>\u00a0<\/p>","protected":false},"excerpt":{"rendered":"<p>ICEBERG Cola bietet einen mutigen, nostalgischen <strong data-start=\"40\" data-end=\"48\">Cola<\/strong> Geschmack mit s\u00fc\u00dfen, prickelnden Noten und einem erfrischenden Hauch. <strong data-start=\"104\" data-end=\"112\">Schlank<\/strong> Die ganz wei\u00dfen Beutel sitzen diskret unter der Lippe, ohne zu f\u00e4rben. Jeder Beutel enth\u00e4lt <strong data-start=\"198\" data-end=\"216\">35 mg Nikotin<\/strong>, und ein intensives und befriedigendes Erlebnis bieten. Tabakfrei. Hergestellt von Neoptolem in Polen.<\/p>","protected":false},"featured_media":10181,"comment_status":"open","ping_status":"closed","template":"","format":[206],"meta":{"_acf_changed":false},"product_brand":[],"product_cat":[50],"product_tag":[16603],"flavours":[193],"nicotine":[226,233],"class_list":{"0":"post-10180","1":"product","2":"type-product","3":"status-publish","4":"has-post-thumbnail","6":"product_cat-iceberg","7":"product_tag-35-mg-pouch","8":"pa_quantity-1-pack","9":"pa_quantity-10-pack","10":"pa_quantity-3-pack","11":"pa_quantity-30-pack","12":"pa_quantity-5-pack","13":"pa_quantity-60-pack","14":"flavours-cola","15":"format-slim","16":"nicotine-50-mg-g","17":"nicotine-extreme","19":"first","20":"instock","21":"taxable","22":"shipping-taxable","23":"purchasable","24":"product-type-variable","25":"has-default-attributes"},"acf":[],"_links":{"self":[{"href":"https:\/\/whitelip.com\/de\/wp-json\/wp\/v2\/product\/10180","targetHints":{"allow":["GET"]}}],"collection":[{"href":"https:\/\/whitelip.com\/de\/wp-json\/wp\/v2\/product"}],"about":[{"href":"https:\/\/whitelip.com\/de\/wp-json\/wp\/v2\/types\/product"}],"replies":[{"embeddable":true,"href":"https:\/\/whitelip.com\/de\/wp-json\/wp\/v2\/comments?post=10180"}],"wp:featuredmedia":[{"embeddable":true,"href":"https:\/\/whitelip.com\/de\/wp-json\/wp\/v2\/media\/10181"}],"wp:attachment":[{"href":"https:\/\/whitelip.com\/de\/wp-json\/wp\/v2\/media?parent=10180"}],"wp:term":[{"taxonomy":"product_brand","embeddable":true,"href":"https:\/\/whitelip.com\/de\/wp-json\/wp\/v2\/product_brand?post=10180"},{"taxonomy":"product_cat","embeddable":true,"href":"https:\/\/whitelip.com\/de\/wp-json\/wp\/v2\/product_cat?post=10180"},{"taxonomy":"product_tag","embeddable":true,"href":"https:\/\/whitelip.com\/de\/wp-json\/wp\/v2\/product_tag?post=10180"},{"taxonomy":"flavours","embeddable":true,"href":"https:\/\/whitelip.com\/de\/wp-json\/wp\/v2\/flavours?post=10180"},{"taxonomy":"format","embeddable":true,"href":"https:\/\/whitelip.com\/de\/wp-json\/wp\/v2\/format?post=10180"},{"taxonomy":"nicotine","embeddable":true,"href":"https:\/\/whitelip.com\/de\/wp-json\/wp\/v2\/nicotine?post=10180"}],"curies":[{"name":"wp","href":"https:\/\/api.w.org\/{rel}","templated":true}]}}