{"id":10175,"date":"2025-03-31T11:08:36","date_gmt":"2025-03-31T11:08:36","guid":{"rendered":"https:\/\/whitelip.com\/iceberg-cocount-extreme\/"},"modified":"2026-04-29T10:11:15","modified_gmt":"2026-04-29T10:11:15","slug":"iceberg-cocount-extreme","status":"publish","type":"product","link":"https:\/\/whitelip.com\/de\/iceberg\/iceberg-cocount-extreme\/","title":{"rendered":"ICEBERG Kokosnuss Extrem"},"content":{"rendered":"<h2><strong>ICEBERG Kokosnuss Extrem<\/strong><\/h2>\n<p class=\"\" data-start=\"83\" data-end=\"760\">ICEBERG Coconut Extreme Nikotinbeutel liefern einen weichen und cremigen Kokosnussgeschmack mit einer tropischen Note und bieten ein reiches und weiches Geschmackserlebnis. Jeder schlanke Beutel enth\u00e4lt 50 mg Nikotin pro Gramm - etwa 35 mg pro Beutel - und ist f\u00fcr erfahrene Raucher gedacht, die einen starken Nikotinsto\u00df mit einem einzigartig s\u00fc\u00dfen und exotischen Geschmack w\u00fcnschen. Diese Beutel wurden f\u00fcr den diskreten Gebrauch entwickelt, ohne die Z\u00e4hne zu verf\u00e4rben, und sind perfekt f\u00fcr den Genuss unterwegs. Produziert von Neoptolem, einem polnischen Hersteller, der daf\u00fcr bekannt ist, moderne Innovation mit traditioneller Qualit\u00e4t zu verbinden, vereinen diese tabakfreien Beutel k\u00fchne St\u00e4rke und von der Insel inspirierten Geschmack in einem extremen Erlebnis.<\/p>\n<table>\n<tbody>\n<tr>\n<td><b>Attribut<\/b><\/td>\n<td><b>Einzelheiten<\/b><\/td>\n<\/tr>\n<tr>\n<td><b>Inhalt pro Dose<\/b><\/td>\n<td><span style=\"font-weight: 400;\">13g (20 Beutel)<\/span><\/td>\n<\/tr>\n<tr>\n<td><b>Nikotingehalt<\/b><\/td>\n<td><span style=\"font-weight: 400;\">50 mg\/g (35 mg pro Beutel)<\/span><\/td>\n<\/tr>\n<tr>\n<td><b>Format des Beutels<\/b><\/td>\n<td><span style=\"font-weight: 400;\">Schlank<\/span><\/td>\n<\/tr>\n<tr>\n<td><b>Produzent<\/b><\/td>\n<td><span style=\"font-weight: 400;\">Neoptolem<\/span><\/td>\n<\/tr>\n<tr>\n<td><b>Geschmack<\/b><\/td>\n<td>Kokosnuss<\/td>\n<\/tr>\n<tr>\n<td><b>Typ<\/b><\/td>\n<td><span style=\"font-weight: 400;\">Ganz wei\u00dfe Tasche<\/span><\/td>\n<\/tr>\n<\/tbody>\n<\/table>\n<p>\u00a0<\/p>","protected":false},"excerpt":{"rendered":"<p>ICEBERG Coconut liefert einen weichen, cremigen <strong data-start=\"42\" data-end=\"53\">Kokosnuss<\/strong> Geschmack mit einer tropischen Note f\u00fcr einen reichhaltigen, milden Geschmack. <strong data-start=\"109\" data-end=\"117\">Schlank<\/strong> Die ganz wei\u00dfen Beutel sitzen diskret unter der Lippe, ohne zu f\u00e4rben. Jeder Beutel enth\u00e4lt <strong data-start=\"203\" data-end=\"221\">35 mg Nikotin<\/strong>, und sorgt f\u00fcr einen kr\u00e4ftigen, befriedigenden Schlag. Tabakfrei. Produziert von Neoptolem in Polen.<\/p>","protected":false},"featured_media":3336,"comment_status":"open","ping_status":"closed","template":"","format":[206],"meta":{"_acf_changed":false},"product_brand":[],"product_cat":[50],"product_tag":[16603],"flavours":[196],"nicotine":[226,233],"class_list":{"0":"post-10175","1":"product","2":"type-product","3":"status-publish","4":"has-post-thumbnail","6":"product_cat-iceberg","7":"product_tag-35-mg-pouch","8":"pa_quantity-1-pack","9":"pa_quantity-10-pack","10":"pa_quantity-3-pack","11":"pa_quantity-30-pack","12":"pa_quantity-5-pack","13":"pa_quantity-60-pack","14":"flavours-fruits-berries","15":"format-slim","16":"nicotine-50-mg-g","17":"nicotine-extreme","19":"first","20":"instock","21":"taxable","22":"shipping-taxable","23":"purchasable","24":"product-type-variable","25":"has-default-attributes"},"acf":[],"_links":{"self":[{"href":"https:\/\/whitelip.com\/de\/wp-json\/wp\/v2\/product\/10175","targetHints":{"allow":["GET"]}}],"collection":[{"href":"https:\/\/whitelip.com\/de\/wp-json\/wp\/v2\/product"}],"about":[{"href":"https:\/\/whitelip.com\/de\/wp-json\/wp\/v2\/types\/product"}],"replies":[{"embeddable":true,"href":"https:\/\/whitelip.com\/de\/wp-json\/wp\/v2\/comments?post=10175"}],"wp:featuredmedia":[{"embeddable":true,"href":"https:\/\/whitelip.com\/de\/wp-json\/wp\/v2\/media\/3336"}],"wp:attachment":[{"href":"https:\/\/whitelip.com\/de\/wp-json\/wp\/v2\/media?parent=10175"}],"wp:term":[{"taxonomy":"product_brand","embeddable":true,"href":"https:\/\/whitelip.com\/de\/wp-json\/wp\/v2\/product_brand?post=10175"},{"taxonomy":"product_cat","embeddable":true,"href":"https:\/\/whitelip.com\/de\/wp-json\/wp\/v2\/product_cat?post=10175"},{"taxonomy":"product_tag","embeddable":true,"href":"https:\/\/whitelip.com\/de\/wp-json\/wp\/v2\/product_tag?post=10175"},{"taxonomy":"flavours","embeddable":true,"href":"https:\/\/whitelip.com\/de\/wp-json\/wp\/v2\/flavours?post=10175"},{"taxonomy":"format","embeddable":true,"href":"https:\/\/whitelip.com\/de\/wp-json\/wp\/v2\/format?post=10175"},{"taxonomy":"nicotine","embeddable":true,"href":"https:\/\/whitelip.com\/de\/wp-json\/wp\/v2\/nicotine?post=10175"}],"curies":[{"name":"wp","href":"https:\/\/api.w.org\/{rel}","templated":true}]}}