{"id":10165,"date":"2025-03-31T11:03:17","date_gmt":"2025-03-31T11:03:17","guid":{"rendered":"https:\/\/whitelip.com\/iceberg-mango-banana-extreme\/"},"modified":"2026-04-27T10:10:34","modified_gmt":"2026-04-27T10:10:34","slug":"iceberg-mango-banana-extreme","status":"publish","type":"product","link":"https:\/\/whitelip.com\/de\/iceberg\/iceberg-mango-banana-extreme\/","title":{"rendered":"ICEBERG Mango-Banane Extrem"},"content":{"rendered":"<h2><strong>ICEBERG Mango-Banane Extrem<\/strong><\/h2>\n<p class=\"\" data-start=\"88\" data-end=\"734\">ICEBERG Mango Banana Extreme Nikotinbeutel bieten eine tropische Mischung aus saftiger Mango und cremiger Banane, die ein sanftes und dennoch intensives Geschmackserlebnis liefert. Jeder Beutel im schlanken Format enth\u00e4lt 50 mg Nikotin pro Gramm - etwa 35 mg pro Beutel - und ist f\u00fcr erfahrene Raucher gedacht, die einen kr\u00e4ftigen Nikotinsto\u00df gepaart mit exotischer S\u00fc\u00dfe suchen. Die Beutel sind diskret, liegen angenehm auf der Lippe und f\u00e4rben nicht auf die Z\u00e4hne ab, so dass sie jederzeit und \u00fcberall verwendet werden k\u00f6nnen. Produziert von Neoptolem, einem polnischen Hersteller, der daf\u00fcr bekannt ist, moderne Techniken mit traditioneller Qualit\u00e4t zu verbinden, stehen diese tabakfreien Beutel f\u00fcr einen kr\u00e4ftigen Geschmack und hohe Leistung.<\/p>\n<table>\n<tbody>\n<tr>\n<td><b>Attribut<\/b><\/td>\n<td><b>Einzelheiten<\/b><\/td>\n<\/tr>\n<tr>\n<td><b>Inhalt pro Dose<\/b><\/td>\n<td><span style=\"font-weight: 400;\">13g (20 Beutel)<\/span><\/td>\n<\/tr>\n<tr>\n<td><b>Nikotingehalt<\/b><\/td>\n<td><span style=\"font-weight: 400;\">50 mg\/g (35 mg pro Beutel)<\/span><\/td>\n<\/tr>\n<tr>\n<td><b>Format des Beutels<\/b><\/td>\n<td><span style=\"font-weight: 400;\">Schlank<\/span><\/td>\n<\/tr>\n<tr>\n<td><b>Produzent<\/b><\/td>\n<td><span style=\"font-weight: 400;\">Neoptolem<\/span><\/td>\n<\/tr>\n<tr>\n<td><b>Geschmack<\/b><\/td>\n<td>Mango, Banane<\/td>\n<\/tr>\n<tr>\n<td><b>Typ<\/b><\/td>\n<td><span style=\"font-weight: 400;\">Ganz wei\u00dfe Tasche<\/span><\/td>\n<\/tr>\n<\/tbody>\n<\/table>\n<p>\u00a0<\/p>","protected":false},"excerpt":{"rendered":"<p>ICEBERG Mango-Banane bietet einen tropischen <strong data-start=\"39\" data-end=\"55\">Mango-Banane<\/strong> Mischung f\u00fcr einen sanften und doch intensiven Geschmack. <strong data-start=\"95\" data-end=\"103\">Schlank<\/strong> Die ganz wei\u00dfen Beutel sitzen diskret unter der Lippe, ohne zu f\u00e4rben. Jeder Beutel enth\u00e4lt <strong data-start=\"189\" data-end=\"207\">35 mg Nikotin<\/strong>, und liefert einen kr\u00e4ftigen Schlag. Tabakfrei. Produziert von Neoptolem in Polen.<\/p>","protected":false},"featured_media":10166,"comment_status":"open","ping_status":"closed","template":"","format":[206],"meta":{"_acf_changed":false},"product_brand":[],"product_cat":[50],"product_tag":[16603],"flavours":[196],"nicotine":[226,233],"class_list":{"0":"post-10165","1":"product","2":"type-product","3":"status-publish","4":"has-post-thumbnail","6":"product_cat-iceberg","7":"product_tag-35-mg-pouch","8":"pa_quantity-1-pack","9":"pa_quantity-10-pack","10":"pa_quantity-3-pack","11":"pa_quantity-30-pack","12":"pa_quantity-5-pack","13":"pa_quantity-60-pack","14":"flavours-fruits-berries","15":"format-slim","16":"nicotine-50-mg-g","17":"nicotine-extreme","19":"first","20":"instock","21":"taxable","22":"shipping-taxable","23":"purchasable","24":"product-type-variable","25":"has-default-attributes"},"acf":[],"_links":{"self":[{"href":"https:\/\/whitelip.com\/de\/wp-json\/wp\/v2\/product\/10165","targetHints":{"allow":["GET"]}}],"collection":[{"href":"https:\/\/whitelip.com\/de\/wp-json\/wp\/v2\/product"}],"about":[{"href":"https:\/\/whitelip.com\/de\/wp-json\/wp\/v2\/types\/product"}],"replies":[{"embeddable":true,"href":"https:\/\/whitelip.com\/de\/wp-json\/wp\/v2\/comments?post=10165"}],"wp:featuredmedia":[{"embeddable":true,"href":"https:\/\/whitelip.com\/de\/wp-json\/wp\/v2\/media\/10166"}],"wp:attachment":[{"href":"https:\/\/whitelip.com\/de\/wp-json\/wp\/v2\/media?parent=10165"}],"wp:term":[{"taxonomy":"product_brand","embeddable":true,"href":"https:\/\/whitelip.com\/de\/wp-json\/wp\/v2\/product_brand?post=10165"},{"taxonomy":"product_cat","embeddable":true,"href":"https:\/\/whitelip.com\/de\/wp-json\/wp\/v2\/product_cat?post=10165"},{"taxonomy":"product_tag","embeddable":true,"href":"https:\/\/whitelip.com\/de\/wp-json\/wp\/v2\/product_tag?post=10165"},{"taxonomy":"flavours","embeddable":true,"href":"https:\/\/whitelip.com\/de\/wp-json\/wp\/v2\/flavours?post=10165"},{"taxonomy":"format","embeddable":true,"href":"https:\/\/whitelip.com\/de\/wp-json\/wp\/v2\/format?post=10165"},{"taxonomy":"nicotine","embeddable":true,"href":"https:\/\/whitelip.com\/de\/wp-json\/wp\/v2\/nicotine?post=10165"}],"curies":[{"name":"wp","href":"https:\/\/api.w.org\/{rel}","templated":true}]}}